{"id":26932,"date":"2024-11-11T13:47:32","date_gmt":"2024-11-11T12:47:32","guid":{"rendered":"https:\/\/vitalstoffversand.com\/produkt\/vit4ever-glicina-1100-g\/"},"modified":"2026-03-15T16:32:15","modified_gmt":"2026-03-15T15:32:15","slug":"vit4ever-glicina-1100-g","status":"publish","type":"product","link":"https:\/\/vitalstoffversand.com\/pt-pt\/produto\/vit4ever-glicina-1100-g\/","title":{"rendered":"Vit4ever <br>Glicina em p\u00f3 &#8211; 1000 g"},"content":{"rendered":"<p>A glicina \u00e9 um amino\u00e1cido proteinog\u00e9nico n\u00e3o essencial e \u00e9 necess\u00e1ria ao organismo para a forma\u00e7\u00e3o de glutati\u00e3o, colina, porfirinas, purinas, creatina, colag\u00e9nio e hemoglobina, entre outros.<\/p>\n<p>Al\u00e9m disso, a glicina \u00e9 o amino\u00e1cido mais abundante no colag\u00e9nio.<\/p>\n<p>O p\u00f3 \u00e9 muito sol\u00favel em \u00e1gua, tem um sabor ligeiramente doce e, com 1,5 gramas por dia, \u00e9 suficiente para mais de 700 por\u00e7\u00f5es.<\/p>\n<ul>\n<li>Vegano<\/li>\n<li>Sem gl\u00faten<\/li>\n<li>Sem lactose<\/li>\n<li>Sem OGM<\/li>\n<li>Produzido de acordo com rigorosos padr\u00f5es de qualidade da UE<\/li>\n<\/ul>\n","protected":false},"excerpt":{"rendered":"<p>A glicina \u00e9 um amino\u00e1cido proteinog\u00e9nico n\u00e3o essencial e \u00e9 necess\u00e1ria ao organismo para a forma\u00e7\u00e3o de glutati\u00e3o, colina, porfirinas, purinas, creatina, colag\u00e9nio e hemoglobina, entre outros. Al\u00e9m disso, a glicina \u00e9 o amino\u00e1cido mais abundante no colag\u00e9nio. O p\u00f3 \u00e9 muito sol\u00favel em \u00e1gua, tem um sabor ligeiramente doce e, com 1,5 gramas por [&hellip;]<\/p>\n","protected":false},"featured_media":52474,"template":"","meta":{"_acf_changed":false},"product_brand":[10221],"product_cat":[551,537],"product_tag":[],"class_list":{"0":"post-26932","1":"product","2":"type-product","3":"status-publish","4":"has-post-thumbnail","6":"product_brand-vit4ever-pt-pt","7":"product_cat-aminoacidos-pt","8":"product_cat-produtos-de-a-z","10":"first","11":"instock","12":"taxable","13":"shipping-taxable","14":"purchasable","15":"product-type-simple"},"acf":[],"_links":{"self":[{"href":"https:\/\/vitalstoffversand.com\/pt-pt\/wp-json\/wp\/v2\/product\/26932","targetHints":{"allow":["GET"]}}],"collection":[{"href":"https:\/\/vitalstoffversand.com\/pt-pt\/wp-json\/wp\/v2\/product"}],"about":[{"href":"https:\/\/vitalstoffversand.com\/pt-pt\/wp-json\/wp\/v2\/types\/product"}],"wp:featuredmedia":[{"embeddable":true,"href":"https:\/\/vitalstoffversand.com\/pt-pt\/wp-json\/wp\/v2\/media\/52474"}],"wp:attachment":[{"href":"https:\/\/vitalstoffversand.com\/pt-pt\/wp-json\/wp\/v2\/media?parent=26932"}],"wp:term":[{"taxonomy":"product_brand","embeddable":true,"href":"https:\/\/vitalstoffversand.com\/pt-pt\/wp-json\/wp\/v2\/product_brand?post=26932"},{"taxonomy":"product_cat","embeddable":true,"href":"https:\/\/vitalstoffversand.com\/pt-pt\/wp-json\/wp\/v2\/product_cat?post=26932"},{"taxonomy":"product_tag","embeddable":true,"href":"https:\/\/vitalstoffversand.com\/pt-pt\/wp-json\/wp\/v2\/product_tag?post=26932"}],"curies":[{"name":"wp","href":"https:\/\/api.w.org\/{rel}","templated":true}]}}