{"id":26929,"date":"2024-11-11T13:39:15","date_gmt":"2024-11-11T12:39:15","guid":{"rendered":"https:\/\/vitalstoffversand.com\/produkt\/vit4ever-oleo-de-oregaos-120-capsulas\/"},"modified":"2026-03-15T16:01:20","modified_gmt":"2026-03-15T15:01:20","slug":"vit4ever-oleo-de-oregaos-120-capsulas","status":"publish","type":"product","link":"https:\/\/vitalstoffversand.com\/pt-pt\/produto\/vit4ever-oleo-de-oregaos-120-capsulas\/","title":{"rendered":"Vit4ever <br>\u00d3leo de or\u00e9g\u00e3os &#8211; 120 c\u00e1psulas"},"content":{"rendered":"<p>Os or\u00e9g\u00e3os s\u00e3o tradicionalmente considerados como um dos antibi\u00f3ticos naturais mais eficazes alguma vez estudados.<\/p>\n<p>Tem elevadas propriedades antibacterianas, antivirais, fungicidas e analg\u00e9sicas e pode ser utilizado para uma variedade de problemas de sa\u00fade.<\/p>\n<p><span data-huuid=\"3071040906581903221\">Os seus principais princ\u00edpios ativos, o carvacrol e o timol, podem eliminar microrganismos nocivos e inibir o seu crescimento.<\/span><\/p>\n<ul>\n<li>Sem gl\u00faten<\/li>\n<li>Sem lactose<\/li>\n<li>Sem OGM<\/li>\n<li>Produzido de acordo com rigorosos padr\u00f5es de qualidade da UE<\/li>\n<\/ul>\n","protected":false},"excerpt":{"rendered":"<p>Os or\u00e9g\u00e3os s\u00e3o tradicionalmente considerados como um dos antibi\u00f3ticos naturais mais eficazes alguma vez estudados. Tem elevadas propriedades antibacterianas, antivirais, fungicidas e analg\u00e9sicas e pode ser utilizado para uma variedade de problemas de sa\u00fade. Os seus principais princ\u00edpios ativos, o carvacrol e o timol, podem eliminar microrganismos nocivos e inibir o seu crescimento. Sem gl\u00faten [&hellip;]<\/p>\n","protected":false},"featured_media":61752,"template":"","meta":{"_acf_changed":false},"product_brand":[10221],"product_cat":[559,537],"product_tag":[],"class_list":{"0":"post-26929","1":"product","2":"type-product","3":"status-publish","4":"has-post-thumbnail","6":"product_brand-vit4ever-pt-pt","7":"product_cat-nutrientes","8":"product_cat-produtos-de-a-z","10":"first","11":"instock","12":"taxable","13":"shipping-taxable","14":"purchasable","15":"product-type-simple"},"acf":[],"_links":{"self":[{"href":"https:\/\/vitalstoffversand.com\/pt-pt\/wp-json\/wp\/v2\/product\/26929","targetHints":{"allow":["GET"]}}],"collection":[{"href":"https:\/\/vitalstoffversand.com\/pt-pt\/wp-json\/wp\/v2\/product"}],"about":[{"href":"https:\/\/vitalstoffversand.com\/pt-pt\/wp-json\/wp\/v2\/types\/product"}],"wp:featuredmedia":[{"embeddable":true,"href":"https:\/\/vitalstoffversand.com\/pt-pt\/wp-json\/wp\/v2\/media\/61752"}],"wp:attachment":[{"href":"https:\/\/vitalstoffversand.com\/pt-pt\/wp-json\/wp\/v2\/media?parent=26929"}],"wp:term":[{"taxonomy":"product_brand","embeddable":true,"href":"https:\/\/vitalstoffversand.com\/pt-pt\/wp-json\/wp\/v2\/product_brand?post=26929"},{"taxonomy":"product_cat","embeddable":true,"href":"https:\/\/vitalstoffversand.com\/pt-pt\/wp-json\/wp\/v2\/product_cat?post=26929"},{"taxonomy":"product_tag","embeddable":true,"href":"https:\/\/vitalstoffversand.com\/pt-pt\/wp-json\/wp\/v2\/product_tag?post=26929"}],"curies":[{"name":"wp","href":"https:\/\/api.w.org\/{rel}","templated":true}]}}