{"id":26926,"date":"2024-11-10T16:46:30","date_gmt":"2024-11-10T15:46:30","guid":{"rendered":"https:\/\/vitalstoffversand.com\/produkt\/vit4ever-oleo-de-sementes-de-abobora-420-capsulas\/"},"modified":"2026-03-14T19:18:09","modified_gmt":"2026-03-14T18:18:09","slug":"vit4ever-oleo-de-sementes-de-abobora-420-capsulas","status":"publish","type":"product","link":"https:\/\/vitalstoffversand.com\/pt-pt\/produto\/vit4ever-oleo-de-sementes-de-abobora-420-capsulas\/","title":{"rendered":"Vit4ever <br>\u00d3leo de sementes de ab\u00f3bora &#8211; 420 c\u00e1psulas"},"content":{"rendered":"<p>O \u00f3leo de sementes de ab\u00f3bora \u00e9 rico em \u00e1cidos gordos insaturados, vitaminas, minerais e oligoelementos.<\/p>\n<p>Estes incluem o magn\u00e9sio, o c\u00e1lcio, o pot\u00e1ssio, o f\u00f3sforo, o cobre, o sel\u00e9nio, o zinco, o mangan\u00e9sio e as vitaminas A, B, C, D, E e K.<\/p>\n<ul>\n<li>Sem gl\u00faten<\/li>\n<li>Sem lactose<\/li>\n<li>Sem OGM<\/li>\n<li>Produzido de acordo com rigorosos padr\u00f5es de qualidade da UE<\/li>\n<\/ul>\n","protected":false},"excerpt":{"rendered":"<p>O \u00f3leo de sementes de ab\u00f3bora \u00e9 rico em \u00e1cidos gordos insaturados, vitaminas, minerais e oligoelementos. Estes incluem o magn\u00e9sio, o c\u00e1lcio, o pot\u00e1ssio, o f\u00f3sforo, o cobre, o sel\u00e9nio, o zinco, o mangan\u00e9sio e as vitaminas A, B, C, D, E e K. Sem gl\u00faten Sem lactose Sem OGM Produzido de acordo com rigorosos [&hellip;]<\/p>\n","protected":false},"featured_media":61712,"template":"","meta":{"_acf_changed":false},"product_brand":[10221],"product_cat":[554,537],"product_tag":[],"class_list":{"0":"post-26926","1":"product","2":"type-product","3":"status-publish","4":"has-post-thumbnail","6":"product_brand-vit4ever-pt-pt","7":"product_cat-acidos-gordos","8":"product_cat-produtos-de-a-z","10":"first","11":"instock","12":"taxable","13":"shipping-taxable","14":"purchasable","15":"product-type-simple"},"acf":[],"_links":{"self":[{"href":"https:\/\/vitalstoffversand.com\/pt-pt\/wp-json\/wp\/v2\/product\/26926","targetHints":{"allow":["GET"]}}],"collection":[{"href":"https:\/\/vitalstoffversand.com\/pt-pt\/wp-json\/wp\/v2\/product"}],"about":[{"href":"https:\/\/vitalstoffversand.com\/pt-pt\/wp-json\/wp\/v2\/types\/product"}],"wp:featuredmedia":[{"embeddable":true,"href":"https:\/\/vitalstoffversand.com\/pt-pt\/wp-json\/wp\/v2\/media\/61712"}],"wp:attachment":[{"href":"https:\/\/vitalstoffversand.com\/pt-pt\/wp-json\/wp\/v2\/media?parent=26926"}],"wp:term":[{"taxonomy":"product_brand","embeddable":true,"href":"https:\/\/vitalstoffversand.com\/pt-pt\/wp-json\/wp\/v2\/product_brand?post=26926"},{"taxonomy":"product_cat","embeddable":true,"href":"https:\/\/vitalstoffversand.com\/pt-pt\/wp-json\/wp\/v2\/product_cat?post=26926"},{"taxonomy":"product_tag","embeddable":true,"href":"https:\/\/vitalstoffversand.com\/pt-pt\/wp-json\/wp\/v2\/product_tag?post=26926"}],"curies":[{"name":"wp","href":"https:\/\/api.w.org\/{rel}","templated":true}]}}