{"id":26923,"date":"2024-11-11T13:58:54","date_gmt":"2024-11-11T12:58:54","guid":{"rendered":"https:\/\/vitalstoffversand.com\/produkt\/vit4ever-proteina-de-ervilha-1100-g\/"},"modified":"2026-03-15T16:44:48","modified_gmt":"2026-03-15T15:44:48","slug":"vit4ever-proteina-de-ervilha-1100-g","status":"publish","type":"product","link":"https:\/\/vitalstoffversand.com\/pt-pt\/produto\/vit4ever-proteina-de-ervilha-1100-g\/","title":{"rendered":"Vit4ever <br>Prote\u00edna de ervilha &#8211; 1000 g"},"content":{"rendered":"<p>A prote\u00edna de ervilha \u00e9 uma alternativa 100% vegetal e, portanto, vegana \u00e0 prote\u00edna de soro de leite.<\/p>\n<p>A prote\u00edna de ervilha oferece um elevado teor proteico de 87% de prote\u00edna total com um elevado teor de mais de 7% de arginina e 6% de lisina e tamb\u00e9m cont\u00e9m muito ferro natural, f\u00f3sforo e c\u00e1lcio.<\/p>\n<ul>\n<li>Vegano<\/li>\n<li>Sem gl\u00faten<\/li>\n<li>Sem lactose<\/li>\n<li>Sem OGM<\/li>\n<li>Produzido de acordo com rigorosos padr\u00f5es de qualidade da UE<\/li>\n<\/ul>\n","protected":false},"excerpt":{"rendered":"<p>A prote\u00edna de ervilha \u00e9 uma alternativa 100% vegetal e, portanto, vegana \u00e0 prote\u00edna de soro de leite. A prote\u00edna de ervilha oferece um elevado teor proteico de 87% de prote\u00edna total com um elevado teor de mais de 7% de arginina e 6% de lisina e tamb\u00e9m cont\u00e9m muito ferro natural, f\u00f3sforo e c\u00e1lcio. [&hellip;]<\/p>\n","protected":false},"featured_media":63429,"template":"","meta":{"_acf_changed":false},"product_brand":[10221],"product_cat":[558,537],"product_tag":[],"class_list":{"0":"post-26923","1":"product","2":"type-product","3":"status-publish","4":"has-post-thumbnail","6":"product_brand-vit4ever-pt-pt","7":"product_cat-proteinas-pt","8":"product_cat-produtos-de-a-z","10":"first","11":"instock","12":"taxable","13":"shipping-taxable","14":"purchasable","15":"product-type-simple"},"acf":[],"_links":{"self":[{"href":"https:\/\/vitalstoffversand.com\/pt-pt\/wp-json\/wp\/v2\/product\/26923","targetHints":{"allow":["GET"]}}],"collection":[{"href":"https:\/\/vitalstoffversand.com\/pt-pt\/wp-json\/wp\/v2\/product"}],"about":[{"href":"https:\/\/vitalstoffversand.com\/pt-pt\/wp-json\/wp\/v2\/types\/product"}],"wp:featuredmedia":[{"embeddable":true,"href":"https:\/\/vitalstoffversand.com\/pt-pt\/wp-json\/wp\/v2\/media\/63429"}],"wp:attachment":[{"href":"https:\/\/vitalstoffversand.com\/pt-pt\/wp-json\/wp\/v2\/media?parent=26923"}],"wp:term":[{"taxonomy":"product_brand","embeddable":true,"href":"https:\/\/vitalstoffversand.com\/pt-pt\/wp-json\/wp\/v2\/product_brand?post=26923"},{"taxonomy":"product_cat","embeddable":true,"href":"https:\/\/vitalstoffversand.com\/pt-pt\/wp-json\/wp\/v2\/product_cat?post=26923"},{"taxonomy":"product_tag","embeddable":true,"href":"https:\/\/vitalstoffversand.com\/pt-pt\/wp-json\/wp\/v2\/product_tag?post=26923"}],"curies":[{"name":"wp","href":"https:\/\/api.w.org\/{rel}","templated":true}]}}