{"id":26916,"date":"2024-11-10T16:44:01","date_gmt":"2024-11-10T15:44:01","guid":{"rendered":"https:\/\/vitalstoffversand.com\/produkt\/vit4ever-msm-metilsulfonilmetano-1100-g\/"},"modified":"2026-03-14T19:07:56","modified_gmt":"2026-03-14T18:07:56","slug":"vit4ever-msm-metilsulfonilmetano-1100-g","status":"publish","type":"product","link":"https:\/\/vitalstoffversand.com\/pt-pt\/produto\/vit4ever-msm-metilsulfonilmetano-1100-g\/","title":{"rendered":"Vit4ever <br>MSM (metilsulfonilmetano) &#8211; 1000 g"},"content":{"rendered":"<p>MSM \u00e9 a abreviatura de metilsulfonilmetano e \u00e9 um composto natural e org\u00e2nico de enxofre.<\/p>\n<p>No corpo humano, esta subst\u00e2ncia \u00e9 vital e est\u00e1 envolvida em numerosos processos importantes, mas felizmente encontra-se numa variedade de alimentos.<\/p>\n<p>Infelizmente, \u00e9 frequentemente muito reduzido atrav\u00e9s de processamento posterior, como o aquecimento, o que pode levar a uma defici\u00eancia.<\/p>\n<ul>\n<li>Vegano<\/li>\n<li>Sem gl\u00faten<\/li>\n<li>Sem lactose<\/li>\n<li>Sem OGM<\/li>\n<li>Produzido de acordo com rigorosos padr\u00f5es de qualidade da UE<\/li>\n<\/ul>\n","protected":false},"excerpt":{"rendered":"<p>MSM \u00e9 a abreviatura de metilsulfonilmetano e \u00e9 um composto natural e org\u00e2nico de enxofre. No corpo humano, esta subst\u00e2ncia \u00e9 vital e est\u00e1 envolvida em numerosos processos importantes, mas felizmente encontra-se numa variedade de alimentos. Infelizmente, \u00e9 frequentemente muito reduzido atrav\u00e9s de processamento posterior, como o aquecimento, o que pode levar a uma defici\u00eancia. [&hellip;]<\/p>\n","protected":false},"featured_media":52362,"template":"","meta":{"_acf_changed":false},"product_brand":[10221],"product_cat":[559,537],"product_tag":[],"class_list":{"0":"post-26916","1":"product","2":"type-product","3":"status-publish","4":"has-post-thumbnail","6":"product_brand-vit4ever-pt-pt","7":"product_cat-nutrientes","8":"product_cat-produtos-de-a-z","10":"first","11":"instock","12":"taxable","13":"shipping-taxable","14":"purchasable","15":"product-type-simple"},"acf":[],"_links":{"self":[{"href":"https:\/\/vitalstoffversand.com\/pt-pt\/wp-json\/wp\/v2\/product\/26916","targetHints":{"allow":["GET"]}}],"collection":[{"href":"https:\/\/vitalstoffversand.com\/pt-pt\/wp-json\/wp\/v2\/product"}],"about":[{"href":"https:\/\/vitalstoffversand.com\/pt-pt\/wp-json\/wp\/v2\/types\/product"}],"wp:featuredmedia":[{"embeddable":true,"href":"https:\/\/vitalstoffversand.com\/pt-pt\/wp-json\/wp\/v2\/media\/52362"}],"wp:attachment":[{"href":"https:\/\/vitalstoffversand.com\/pt-pt\/wp-json\/wp\/v2\/media?parent=26916"}],"wp:term":[{"taxonomy":"product_brand","embeddable":true,"href":"https:\/\/vitalstoffversand.com\/pt-pt\/wp-json\/wp\/v2\/product_brand?post=26916"},{"taxonomy":"product_cat","embeddable":true,"href":"https:\/\/vitalstoffversand.com\/pt-pt\/wp-json\/wp\/v2\/product_cat?post=26916"},{"taxonomy":"product_tag","embeddable":true,"href":"https:\/\/vitalstoffversand.com\/pt-pt\/wp-json\/wp\/v2\/product_tag?post=26916"}],"curies":[{"name":"wp","href":"https:\/\/api.w.org\/{rel}","templated":true}]}}