{"id":26913,"date":"2024-11-10T16:42:50","date_gmt":"2024-11-10T15:42:50","guid":{"rendered":"https:\/\/vitalstoffversand.com\/produkt\/vit4ever-extrato-de-acerola-300-g\/"},"modified":"2026-03-14T19:06:22","modified_gmt":"2026-03-14T18:06:22","slug":"vit4ever-extrato-de-acerola-300-g","status":"publish","type":"product","link":"https:\/\/vitalstoffversand.com\/pt-pt\/produto\/vit4ever-extrato-de-acerola-300-g\/","title":{"rendered":"Vit4ever <br>Extrato de acerola em p\u00f3 (vitamina C) &#8211; 300 g"},"content":{"rendered":"<p>A Acerola (Malpighia glabra) \u00e9 um dos 3 frutos do mundo com maior teor de <a href=\"https:\/\/vitalstoffversand.com\/knowledge-base\/vitamin-c\/\" target=\"_blank\" rel=\"noopener\"><strong><span style=\"color: #0000ff;\">\u2192 vitamina C<\/span><\/strong><\/a> natural.<\/p>\n<p>Para al\u00e9m da vitamina C, o fruto da acerola cont\u00e9m tamb\u00e9m muitas subst\u00e2ncias vegetais secund\u00e1rias, antioxidantes, vitaminas, minerais, oligoelementos e beta-caroteno, flavon\u00f3ides, rutina e antocianinas.<\/p>\n<ul>\n<li>Vegano<\/li>\n<li>Sem gl\u00faten<\/li>\n<li>Sem lactose<\/li>\n<li>Sem OGM<\/li>\n<li>Produzido de acordo com rigorosos padr\u00f5es de qualidade da UE<\/li>\n<\/ul>\n","protected":false},"excerpt":{"rendered":"<p>A Acerola (Malpighia glabra) \u00e9 um dos 3 frutos do mundo com maior teor de \u2192 vitamina C natural. Para al\u00e9m da vitamina C, o fruto da acerola cont\u00e9m tamb\u00e9m muitas subst\u00e2ncias vegetais secund\u00e1rias, antioxidantes, vitaminas, minerais, oligoelementos e beta-caroteno, flavon\u00f3ides, rutina e antocianinas. Vegano Sem gl\u00faten Sem lactose Sem OGM Produzido de acordo com [&hellip;]<\/p>\n","protected":false},"featured_media":52322,"template":"","meta":{"_acf_changed":false},"product_brand":[10221],"product_cat":[563,537],"product_tag":[],"class_list":{"0":"post-26913","1":"product","2":"type-product","3":"status-publish","4":"has-post-thumbnail","6":"product_brand-vit4ever-pt-pt","7":"product_cat-vitaminas-pt","8":"product_cat-produtos-de-a-z","10":"first","11":"instock","12":"taxable","13":"shipping-taxable","14":"purchasable","15":"product-type-simple"},"acf":[],"_links":{"self":[{"href":"https:\/\/vitalstoffversand.com\/pt-pt\/wp-json\/wp\/v2\/product\/26913","targetHints":{"allow":["GET"]}}],"collection":[{"href":"https:\/\/vitalstoffversand.com\/pt-pt\/wp-json\/wp\/v2\/product"}],"about":[{"href":"https:\/\/vitalstoffversand.com\/pt-pt\/wp-json\/wp\/v2\/types\/product"}],"wp:featuredmedia":[{"embeddable":true,"href":"https:\/\/vitalstoffversand.com\/pt-pt\/wp-json\/wp\/v2\/media\/52322"}],"wp:attachment":[{"href":"https:\/\/vitalstoffversand.com\/pt-pt\/wp-json\/wp\/v2\/media?parent=26913"}],"wp:term":[{"taxonomy":"product_brand","embeddable":true,"href":"https:\/\/vitalstoffversand.com\/pt-pt\/wp-json\/wp\/v2\/product_brand?post=26913"},{"taxonomy":"product_cat","embeddable":true,"href":"https:\/\/vitalstoffversand.com\/pt-pt\/wp-json\/wp\/v2\/product_cat?post=26913"},{"taxonomy":"product_tag","embeddable":true,"href":"https:\/\/vitalstoffversand.com\/pt-pt\/wp-json\/wp\/v2\/product_tag?post=26913"}],"curies":[{"name":"wp","href":"https:\/\/api.w.org\/{rel}","templated":true}]}}