{"id":26893,"date":"2025-04-07T11:55:37","date_gmt":"2025-04-07T09:55:37","guid":{"rendered":"https:\/\/vitalstoffversand.com\/produkt\/vit4ever-coral-marinho-sango-320-g\/"},"modified":"2026-03-14T18:57:02","modified_gmt":"2026-03-14T17:57:02","slug":"vit4ever-coral-marinho-sango-320-g","status":"publish","type":"product","link":"https:\/\/vitalstoffversand.com\/pt-pt\/produto\/vit4ever-coral-marinho-sango-320-g\/","title":{"rendered":"Vit4ever <br>Coral marinho Sango &#8211; 320 g"},"content":{"rendered":"<p>O coral sango mo\u00eddo de Okinawa tem um teor natural de c\u00e1lcio de 20 por cento. <strong><span style=\"color: #0000ff;\"><a style=\"color: #0000ff;\" href=\"https:\/\/vitalstoffversand.com\/knowledge-base\/calcium\/\" target=\"_blank\" rel=\"noopener\">\u2192 c\u00e1lcio<\/a><\/span><\/strong> e 10 por cento de c\u00e1lcio natural <strong><span style=\"color: #0000ff;\"><a style=\"color: #0000ff;\" href=\"https:\/\/vitalstoffversand.com\/knowledge-base\/magnesium\/\" target=\"_blank\" rel=\"noopener\">\u2192 magn\u00e9sio<\/a><\/span><\/strong> o que corresponde a um r\u00e1cio ideal de c\u00e1lcio e magn\u00e9sio de 2:1.<\/p>\n<p>O coral marinho Sango cont\u00e9m ainda uma grande variedade de outros oligoelementos e minerais, como, por exemplo, ferro, sil\u00edcio, cromo, enxofre, iodo natural e muitos outros.<\/p>\n<p>O produto \u00e9 totalmente isento de radia\u00e7\u00e3o e n\u00e3o h\u00e1 sobre-explora\u00e7\u00e3o dos recifes de coral vivos<\/p>\n<ul>\n<li>Vegano<\/li>\n<li>Sem gl\u00faten<\/li>\n<li>Sem lactose<\/li>\n<li>Sem OGM<\/li>\n<li>Testado em laborat\u00f3rio quanto \u00e0 presen\u00e7a de subst\u00e2ncias nocivas, ao teor de c\u00e1lcio e magn\u00e9sio e \u00e0 radia\u00e7\u00e3o<\/li>\n<li>Produzido de acordo com rigorosos padr\u00f5es de qualidade da UE<\/li>\n<\/ul>\n","protected":false},"excerpt":{"rendered":"<p>O coral sango mo\u00eddo de Okinawa tem um teor natural de c\u00e1lcio de 20 por cento. \u2192 c\u00e1lcio e 10 por cento de c\u00e1lcio natural \u2192 magn\u00e9sio o que corresponde a um r\u00e1cio ideal de c\u00e1lcio e magn\u00e9sio de 2:1. O coral marinho Sango cont\u00e9m ainda uma grande variedade de outros oligoelementos e minerais, como, [&hellip;]<\/p>\n","protected":false},"featured_media":52161,"template":"","meta":{"_acf_changed":false},"product_brand":[10221],"product_cat":[555,537],"product_tag":[],"class_list":{"0":"post-26893","1":"product","2":"type-product","3":"status-publish","4":"has-post-thumbnail","6":"product_brand-vit4ever-pt-pt","7":"product_cat-minerais-e-oligoelementos","8":"product_cat-produtos-de-a-z","10":"first","11":"instock","12":"taxable","13":"shipping-taxable","14":"purchasable","15":"product-type-simple"},"acf":[],"_links":{"self":[{"href":"https:\/\/vitalstoffversand.com\/pt-pt\/wp-json\/wp\/v2\/product\/26893","targetHints":{"allow":["GET"]}}],"collection":[{"href":"https:\/\/vitalstoffversand.com\/pt-pt\/wp-json\/wp\/v2\/product"}],"about":[{"href":"https:\/\/vitalstoffversand.com\/pt-pt\/wp-json\/wp\/v2\/types\/product"}],"wp:featuredmedia":[{"embeddable":true,"href":"https:\/\/vitalstoffversand.com\/pt-pt\/wp-json\/wp\/v2\/media\/52161"}],"wp:attachment":[{"href":"https:\/\/vitalstoffversand.com\/pt-pt\/wp-json\/wp\/v2\/media?parent=26893"}],"wp:term":[{"taxonomy":"product_brand","embeddable":true,"href":"https:\/\/vitalstoffversand.com\/pt-pt\/wp-json\/wp\/v2\/product_brand?post=26893"},{"taxonomy":"product_cat","embeddable":true,"href":"https:\/\/vitalstoffversand.com\/pt-pt\/wp-json\/wp\/v2\/product_cat?post=26893"},{"taxonomy":"product_tag","embeddable":true,"href":"https:\/\/vitalstoffversand.com\/pt-pt\/wp-json\/wp\/v2\/product_tag?post=26893"}],"curies":[{"name":"wp","href":"https:\/\/api.w.org\/{rel}","templated":true}]}}