{"id":26890,"date":"2024-11-10T16:29:56","date_gmt":"2024-11-10T15:29:56","guid":{"rendered":"https:\/\/vitalstoffversand.com\/produkt\/vit4ever-quercetina-120-capsulas\/"},"modified":"2026-03-14T18:51:29","modified_gmt":"2026-03-14T17:51:29","slug":"vit4ever-quercetina-120-capsulas","status":"publish","type":"product","link":"https:\/\/vitalstoffversand.com\/pt-pt\/produto\/vit4ever-quercetina-120-capsulas\/","title":{"rendered":"Vit4ever <br>Quercetina &#8211; 120 c\u00e1psulas"},"content":{"rendered":"<p>A quercetina \u00e9 uma subst\u00e2ncia vegetal secund\u00e1ria que protege as plantas da radia\u00e7\u00e3o UV, dos v\u00edrus, dos fungos e das bact\u00e9rias.<\/p>\n<p>Tem tamb\u00e9m propriedades semelhantes \u00e0s das proantocianidinas oligom\u00e9ricas (OPC).<\/p>\n<ul>\n<li>Vegano<\/li>\n<li>Sem gl\u00faten<\/li>\n<li>Sem lactose<\/li>\n<li>Sem OGM<\/li>\n<li>Produzido de acordo com rigorosos padr\u00f5es de qualidade da UE<\/li>\n<\/ul>\n","protected":false},"excerpt":{"rendered":"<p>A quercetina \u00e9 uma subst\u00e2ncia vegetal secund\u00e1ria que protege as plantas da radia\u00e7\u00e3o UV, dos v\u00edrus, dos fungos e das bact\u00e9rias. Tem tamb\u00e9m propriedades semelhantes \u00e0s das proantocianidinas oligom\u00e9ricas (OPC). Vegano Sem gl\u00faten Sem lactose Sem OGM Produzido de acordo com rigorosos padr\u00f5es de qualidade da UE<\/p>\n","protected":false},"featured_media":61658,"template":"","meta":{"_acf_changed":false},"product_brand":[10221],"product_cat":[559,537],"product_tag":[],"class_list":{"0":"post-26890","1":"product","2":"type-product","3":"status-publish","4":"has-post-thumbnail","6":"product_brand-vit4ever-pt-pt","7":"product_cat-nutrientes","8":"product_cat-produtos-de-a-z","10":"first","11":"instock","12":"taxable","13":"shipping-taxable","14":"purchasable","15":"product-type-simple"},"acf":[],"_links":{"self":[{"href":"https:\/\/vitalstoffversand.com\/pt-pt\/wp-json\/wp\/v2\/product\/26890","targetHints":{"allow":["GET"]}}],"collection":[{"href":"https:\/\/vitalstoffversand.com\/pt-pt\/wp-json\/wp\/v2\/product"}],"about":[{"href":"https:\/\/vitalstoffversand.com\/pt-pt\/wp-json\/wp\/v2\/types\/product"}],"wp:featuredmedia":[{"embeddable":true,"href":"https:\/\/vitalstoffversand.com\/pt-pt\/wp-json\/wp\/v2\/media\/61658"}],"wp:attachment":[{"href":"https:\/\/vitalstoffversand.com\/pt-pt\/wp-json\/wp\/v2\/media?parent=26890"}],"wp:term":[{"taxonomy":"product_brand","embeddable":true,"href":"https:\/\/vitalstoffversand.com\/pt-pt\/wp-json\/wp\/v2\/product_brand?post=26890"},{"taxonomy":"product_cat","embeddable":true,"href":"https:\/\/vitalstoffversand.com\/pt-pt\/wp-json\/wp\/v2\/product_cat?post=26890"},{"taxonomy":"product_tag","embeddable":true,"href":"https:\/\/vitalstoffversand.com\/pt-pt\/wp-json\/wp\/v2\/product_tag?post=26890"}],"curies":[{"name":"wp","href":"https:\/\/api.w.org\/{rel}","templated":true}]}}