{"id":26889,"date":"2024-11-10T16:28:44","date_gmt":"2024-11-10T15:28:44","guid":{"rendered":"https:\/\/vitalstoffversand.com\/produkt\/vit4ever-oleo-de-cominho-preto-420-capsulas\/"},"modified":"2026-03-14T18:51:31","modified_gmt":"2026-03-14T17:51:31","slug":"vit4ever-oleo-de-cominho-preto-420-capsulas","status":"publish","type":"product","link":"https:\/\/vitalstoffversand.com\/pt-pt\/produto\/vit4ever-oleo-de-cominho-preto-420-capsulas\/","title":{"rendered":"Vit4ever <br>\u00d3leo de cominho preto &#8211; 420 c\u00e1psulas"},"content":{"rendered":"<p>O cominho preto (Nigella sativa) cont\u00e9m uma elevada propor\u00e7\u00e3o de \u00e1cidos gordos insaturados e numerosos minerais, vitaminas, amino\u00e1cidos e \u00f3leos essenciais.<\/p>\n<p>Cada c\u00e1psula cont\u00e9m igualmente 5 mg de <a href=\"https:\/\/vitalstoffversand.com\/knowledge-base\/vitamin-e\/\" target=\"_blank\" rel=\"noopener\"><strong><span style=\"color: #0000ff;\">\u2192 vitamina E<\/span><\/strong><\/a> natural, que n\u00e3o s\u00f3 protege o \u00f3leo de cominho preto, como tamb\u00e9m \u00e9 um poderoso antioxidante no organismo.<\/p>\n<ul>\n<li>Sem gl\u00faten<\/li>\n<li>Sem lactose<\/li>\n<li>Sem OGM<\/li>\n<li>Produzido de acordo com rigorosos padr\u00f5es de qualidade da UE<\/li>\n<\/ul>\n","protected":false},"excerpt":{"rendered":"<p>O cominho preto (Nigella sativa) cont\u00e9m uma elevada propor\u00e7\u00e3o de \u00e1cidos gordos insaturados e numerosos minerais, vitaminas, amino\u00e1cidos e \u00f3leos essenciais. Cada c\u00e1psula cont\u00e9m igualmente 5 mg de \u2192 vitamina E natural, que n\u00e3o s\u00f3 protege o \u00f3leo de cominho preto, como tamb\u00e9m \u00e9 um poderoso antioxidante no organismo. Sem gl\u00faten Sem lactose Sem OGM [&hellip;]<\/p>\n","protected":false},"featured_media":52089,"template":"","meta":{"_acf_changed":false},"product_brand":[10221],"product_cat":[554,537],"product_tag":[],"class_list":{"0":"post-26889","1":"product","2":"type-product","3":"status-publish","4":"has-post-thumbnail","6":"product_brand-vit4ever-pt-pt","7":"product_cat-acidos-gordos","8":"product_cat-produtos-de-a-z","10":"first","11":"instock","12":"taxable","13":"shipping-taxable","14":"purchasable","15":"product-type-simple"},"acf":[],"_links":{"self":[{"href":"https:\/\/vitalstoffversand.com\/pt-pt\/wp-json\/wp\/v2\/product\/26889","targetHints":{"allow":["GET"]}}],"collection":[{"href":"https:\/\/vitalstoffversand.com\/pt-pt\/wp-json\/wp\/v2\/product"}],"about":[{"href":"https:\/\/vitalstoffversand.com\/pt-pt\/wp-json\/wp\/v2\/types\/product"}],"wp:featuredmedia":[{"embeddable":true,"href":"https:\/\/vitalstoffversand.com\/pt-pt\/wp-json\/wp\/v2\/media\/52089"}],"wp:attachment":[{"href":"https:\/\/vitalstoffversand.com\/pt-pt\/wp-json\/wp\/v2\/media?parent=26889"}],"wp:term":[{"taxonomy":"product_brand","embeddable":true,"href":"https:\/\/vitalstoffversand.com\/pt-pt\/wp-json\/wp\/v2\/product_brand?post=26889"},{"taxonomy":"product_cat","embeddable":true,"href":"https:\/\/vitalstoffversand.com\/pt-pt\/wp-json\/wp\/v2\/product_cat?post=26889"},{"taxonomy":"product_tag","embeddable":true,"href":"https:\/\/vitalstoffversand.com\/pt-pt\/wp-json\/wp\/v2\/product_tag?post=26889"}],"curies":[{"name":"wp","href":"https:\/\/api.w.org\/{rel}","templated":true}]}}