{"id":26860,"date":"2024-11-10T15:58:51","date_gmt":"2024-11-10T14:58:51","guid":{"rendered":"https:\/\/vitalstoffversand.com\/produkt\/vit4ever-nattokinase-diferentes-quantidades\/"},"modified":"2026-03-14T18:41:09","modified_gmt":"2026-03-14T17:41:09","slug":"vit4ever-nattokinase-diferentes-quantidades","status":"publish","type":"product","link":"https:\/\/vitalstoffversand.com\/pt-pt\/produto\/vit4ever-nattokinase-diferentes-quantidades\/","title":{"rendered":"Vit4ever <br>Nattokinase &#8211; 180 c\u00e1psulas"},"content":{"rendered":"<p>C\u00e1psulas de nattokinase com 100 mg de nattokinase pura, o que corresponde a 2000 FU (unidades fibrinol\u00edticas) por c\u00e1psula.<\/p>\n<p>A nattoquinase \u00e9 uma enzima do alimento tradicional japon\u00eas natto, que por sua vez \u00e9 constitu\u00eddo por gr\u00e3os de soja fermentados.<\/p>\n<ul>\n<li>Vegano<\/li>\n<li>Sem gl\u00faten<\/li>\n<li>Sem lactose<\/li>\n<li>Sem OGM<\/li>\n<li>Produzido de acordo com rigorosos padr\u00f5es de qualidade da UE<\/li>\n<\/ul>\n","protected":false},"excerpt":{"rendered":"<p>C\u00e1psulas de nattokinase com 100 mg de nattokinase pura, o que corresponde a 2000 FU (unidades fibrinol\u00edticas) por c\u00e1psula. A nattoquinase \u00e9 uma enzima do alimento tradicional japon\u00eas natto, que por sua vez \u00e9 constitu\u00eddo por gr\u00e3os de soja fermentados. Vegano Sem gl\u00faten Sem lactose Sem OGM Produzido de acordo com rigorosos padr\u00f5es de qualidade [&hellip;]<\/p>\n","protected":false},"featured_media":51977,"template":"","meta":{"_acf_changed":false},"product_brand":[10221],"product_cat":[559,537],"product_tag":[],"class_list":{"0":"post-26860","1":"product","2":"type-product","3":"status-publish","4":"has-post-thumbnail","6":"product_brand-vit4ever-pt-pt","7":"product_cat-nutrientes","8":"product_cat-produtos-de-a-z","10":"first","11":"instock","12":"taxable","13":"shipping-taxable","14":"purchasable","15":"product-type-simple"},"acf":[],"_links":{"self":[{"href":"https:\/\/vitalstoffversand.com\/pt-pt\/wp-json\/wp\/v2\/product\/26860","targetHints":{"allow":["GET"]}}],"collection":[{"href":"https:\/\/vitalstoffversand.com\/pt-pt\/wp-json\/wp\/v2\/product"}],"about":[{"href":"https:\/\/vitalstoffversand.com\/pt-pt\/wp-json\/wp\/v2\/types\/product"}],"wp:featuredmedia":[{"embeddable":true,"href":"https:\/\/vitalstoffversand.com\/pt-pt\/wp-json\/wp\/v2\/media\/51977"}],"wp:attachment":[{"href":"https:\/\/vitalstoffversand.com\/pt-pt\/wp-json\/wp\/v2\/media?parent=26860"}],"wp:term":[{"taxonomy":"product_brand","embeddable":true,"href":"https:\/\/vitalstoffversand.com\/pt-pt\/wp-json\/wp\/v2\/product_brand?post=26860"},{"taxonomy":"product_cat","embeddable":true,"href":"https:\/\/vitalstoffversand.com\/pt-pt\/wp-json\/wp\/v2\/product_cat?post=26860"},{"taxonomy":"product_tag","embeddable":true,"href":"https:\/\/vitalstoffversand.com\/pt-pt\/wp-json\/wp\/v2\/product_tag?post=26860"}],"curies":[{"name":"wp","href":"https:\/\/api.w.org\/{rel}","templated":true}]}}