{"id":26837,"date":"2024-11-10T15:47:44","date_gmt":"2024-11-10T14:47:44","guid":{"rendered":"https:\/\/vitalstoffversand.com\/produkt\/vit4ever-d-mannose-180-capsulas\/"},"modified":"2026-03-14T18:13:55","modified_gmt":"2026-03-14T17:13:55","slug":"vit4ever-d-mannose-180-capsulas","status":"publish","type":"product","link":"https:\/\/vitalstoffversand.com\/pt-pt\/produto\/vit4ever-d-mannose-180-capsulas\/","title":{"rendered":"Vit4ever <br>D-Mannose &#8211; 180 c\u00e1psulas"},"content":{"rendered":"<p>A manose \u00e9 um a\u00e7\u00facar simples de ocorr\u00eancia natural que est\u00e1 intimamente relacionado com a glucose e \u00e9 produzido em pequenas quantidades pelo pr\u00f3prio organismo.<\/p>\n<p>Devido ao seu potencial para reconhecer as bact\u00e9rias e ligar-se a elas, muitas pessoas utilizam-na para tratar a cistite bacteriana ou a Escherichia coli (E. coli), por exemplo.<\/p>\n<ul>\n<li>Vegano<\/li>\n<li>Sem gl\u00faten<\/li>\n<li>Sem lactose<\/li>\n<li>Sem OGM<\/li>\n<li>Produzido de acordo com rigorosos padr\u00f5es de qualidade da UE<\/li>\n<\/ul>\n","protected":false},"excerpt":{"rendered":"<p>A manose \u00e9 um a\u00e7\u00facar simples de ocorr\u00eancia natural que est\u00e1 intimamente relacionado com a glucose e \u00e9 produzido em pequenas quantidades pelo pr\u00f3prio organismo. Devido ao seu potencial para reconhecer as bact\u00e9rias e ligar-se a elas, muitas pessoas utilizam-na para tratar a cistite bacteriana ou a Escherichia coli (E. coli), por exemplo. Vegano Sem [&hellip;]<\/p>\n","protected":false},"featured_media":51753,"template":"","meta":{"_acf_changed":false},"product_brand":[10221],"product_cat":[559,537],"product_tag":[],"class_list":{"0":"post-26837","1":"product","2":"type-product","3":"status-publish","4":"has-post-thumbnail","6":"product_brand-vit4ever-pt-pt","7":"product_cat-nutrientes","8":"product_cat-produtos-de-a-z","10":"first","11":"outofstock","12":"taxable","13":"shipping-taxable","14":"purchasable","15":"product-type-simple"},"acf":[],"_links":{"self":[{"href":"https:\/\/vitalstoffversand.com\/pt-pt\/wp-json\/wp\/v2\/product\/26837","targetHints":{"allow":["GET"]}}],"collection":[{"href":"https:\/\/vitalstoffversand.com\/pt-pt\/wp-json\/wp\/v2\/product"}],"about":[{"href":"https:\/\/vitalstoffversand.com\/pt-pt\/wp-json\/wp\/v2\/types\/product"}],"wp:featuredmedia":[{"embeddable":true,"href":"https:\/\/vitalstoffversand.com\/pt-pt\/wp-json\/wp\/v2\/media\/51753"}],"wp:attachment":[{"href":"https:\/\/vitalstoffversand.com\/pt-pt\/wp-json\/wp\/v2\/media?parent=26837"}],"wp:term":[{"taxonomy":"product_brand","embeddable":true,"href":"https:\/\/vitalstoffversand.com\/pt-pt\/wp-json\/wp\/v2\/product_brand?post=26837"},{"taxonomy":"product_cat","embeddable":true,"href":"https:\/\/vitalstoffversand.com\/pt-pt\/wp-json\/wp\/v2\/product_cat?post=26837"},{"taxonomy":"product_tag","embeddable":true,"href":"https:\/\/vitalstoffversand.com\/pt-pt\/wp-json\/wp\/v2\/product_tag?post=26837"}],"curies":[{"name":"wp","href":"https:\/\/api.w.org\/{rel}","templated":true}]}}