{"id":26828,"date":"2024-11-10T15:20:33","date_gmt":"2024-11-10T14:20:33","guid":{"rendered":"https:\/\/vitalstoffversand.com\/produkt\/vit4ever-hidrogeno-citrato-de-magnesio-600-g\/"},"modified":"2026-03-14T17:51:27","modified_gmt":"2026-03-14T16:51:27","slug":"vit4ever-hidrogeno-citrato-de-magnesio-600-g","status":"publish","type":"product","link":"https:\/\/vitalstoffversand.com\/pt-pt\/produto\/vit4ever-hidrogeno-citrato-de-magnesio-600-g\/","title":{"rendered":"Vit4ever <br>Hidrogeno-citrato de magn\u00e9sio &#8211; 600 g"},"content":{"rendered":"<p><a href=\"https:\/\/vitalstoffversand.com\/knowledge-base\/magnesium\/\" target=\"_blank\" rel=\"noopener\"><strong><span style=\"color: #0000ff;\">\u2192 O magn\u00e9sio<\/span><\/strong><\/a> \u00e9 necess\u00e1rio ao organismo para muitas fun\u00e7\u00f5es diferentes.<\/p>\n<p>O hidrogenocitrato de magn\u00e9sio \u00e9 um sal de magn\u00e9sio do \u00e1cido c\u00edtrico e \u00e9 da mais elevada qualidade e pureza.<\/p>\n<p>Em compara\u00e7\u00e3o com o citrato de magn\u00e9sio \u201cnormal\u201d, o hidrogenocitrato de magn\u00e9sio \u00e9 um magn\u00e9sio que cont\u00e9m \u00e1gua e caracteriza-se por uma muito boa solubilidade e um sabor apenas ligeiramente \u00e1cido.<\/p>\n<ul>\n<li>Vegano<\/li>\n<li>Sem gl\u00faten<\/li>\n<li>Sem lactose<\/li>\n<li>Sem OGM<\/li>\n<li>Produzido de acordo com rigorosos padr\u00f5es de qualidade da UE<\/li>\n<\/ul>\n","protected":false},"excerpt":{"rendered":"<p>\u2192 O magn\u00e9sio \u00e9 necess\u00e1rio ao organismo para muitas fun\u00e7\u00f5es diferentes. O hidrogenocitrato de magn\u00e9sio \u00e9 um sal de magn\u00e9sio do \u00e1cido c\u00edtrico e \u00e9 da mais elevada qualidade e pureza. Em compara\u00e7\u00e3o com o citrato de magn\u00e9sio \u201cnormal\u201d, o hidrogenocitrato de magn\u00e9sio \u00e9 um magn\u00e9sio que cont\u00e9m \u00e1gua e caracteriza-se por uma muito boa [&hellip;]<\/p>\n","protected":false},"featured_media":51648,"template":"","meta":{"_acf_changed":false},"product_brand":[10221],"product_cat":[555,537],"product_tag":[],"class_list":{"0":"post-26828","1":"product","2":"type-product","3":"status-publish","4":"has-post-thumbnail","6":"product_brand-vit4ever-pt-pt","7":"product_cat-minerais-e-oligoelementos","8":"product_cat-produtos-de-a-z","10":"first","11":"instock","12":"taxable","13":"shipping-taxable","14":"purchasable","15":"product-type-simple"},"acf":[],"_links":{"self":[{"href":"https:\/\/vitalstoffversand.com\/pt-pt\/wp-json\/wp\/v2\/product\/26828","targetHints":{"allow":["GET"]}}],"collection":[{"href":"https:\/\/vitalstoffversand.com\/pt-pt\/wp-json\/wp\/v2\/product"}],"about":[{"href":"https:\/\/vitalstoffversand.com\/pt-pt\/wp-json\/wp\/v2\/types\/product"}],"wp:featuredmedia":[{"embeddable":true,"href":"https:\/\/vitalstoffversand.com\/pt-pt\/wp-json\/wp\/v2\/media\/51648"}],"wp:attachment":[{"href":"https:\/\/vitalstoffversand.com\/pt-pt\/wp-json\/wp\/v2\/media?parent=26828"}],"wp:term":[{"taxonomy":"product_brand","embeddable":true,"href":"https:\/\/vitalstoffversand.com\/pt-pt\/wp-json\/wp\/v2\/product_brand?post=26828"},{"taxonomy":"product_cat","embeddable":true,"href":"https:\/\/vitalstoffversand.com\/pt-pt\/wp-json\/wp\/v2\/product_cat?post=26828"},{"taxonomy":"product_tag","embeddable":true,"href":"https:\/\/vitalstoffversand.com\/pt-pt\/wp-json\/wp\/v2\/product_tag?post=26828"}],"curies":[{"name":"wp","href":"https:\/\/api.w.org\/{rel}","templated":true}]}}