{"id":26822,"date":"2024-11-10T15:18:24","date_gmt":"2024-11-10T14:18:24","guid":{"rendered":"https:\/\/vitalstoffversand.com\/produkt\/vit4ever-prebio-inulina-1100-g\/"},"modified":"2026-03-14T17:37:48","modified_gmt":"2026-03-14T16:37:48","slug":"vit4ever-prebio-inulina-1100-g","status":"publish","type":"product","link":"https:\/\/vitalstoffversand.com\/pt-pt\/produto\/vit4ever-prebio-inulina-1100-g\/","title":{"rendered":"Vit4ever <br>Prebio Inulina &#8211; 1100 g"},"content":{"rendered":"<p>A prebio inulina \u00e9 uma fibra alimentar e, por conseguinte, essencial para a nossa digest\u00e3o.<\/p>\n<p>As fibras s\u00e3o importantes para as nossas bact\u00e9rias intestinais \u201cboas\u201d, que s\u00e3o respons\u00e1veis por uma flora intestinal saud\u00e1vel.<\/p>\n<p>A inulina \u00e9 um frutano, ou seja, uma mistura de polissac\u00e1ridos e de frutose, raz\u00e3o pela qual tem um sabor agrad\u00e1vel e ligeiramente doce, pelo que pode ser utilizada de diversas formas.<\/p>\n<ul>\n<li>Vegano<\/li>\n<li>Sem gl\u00faten<\/li>\n<li>Sem lactose<\/li>\n<li>Sem OGM<\/li>\n<li>Produzido de acordo com rigorosos padr\u00f5es de qualidade da UE<\/li>\n<\/ul>\n","protected":false},"excerpt":{"rendered":"<p>A prebio inulina \u00e9 uma fibra alimentar e, por conseguinte, essencial para a nossa digest\u00e3o. As fibras s\u00e3o importantes para as nossas bact\u00e9rias intestinais \u201cboas\u201d, que s\u00e3o respons\u00e1veis por uma flora intestinal saud\u00e1vel. A inulina \u00e9 um frutano, ou seja, uma mistura de polissac\u00e1ridos e de frutose, raz\u00e3o pela qual tem um sabor agrad\u00e1vel e [&hellip;]<\/p>\n","protected":false},"featured_media":61138,"template":"","meta":{"_acf_changed":false},"product_brand":[10221],"product_cat":[559,537],"product_tag":[],"class_list":{"0":"post-26822","1":"product","2":"type-product","3":"status-publish","4":"has-post-thumbnail","6":"product_brand-vit4ever-pt-pt","7":"product_cat-nutrientes","8":"product_cat-produtos-de-a-z","10":"first","11":"instock","12":"taxable","13":"shipping-taxable","14":"purchasable","15":"product-type-simple"},"acf":[],"_links":{"self":[{"href":"https:\/\/vitalstoffversand.com\/pt-pt\/wp-json\/wp\/v2\/product\/26822","targetHints":{"allow":["GET"]}}],"collection":[{"href":"https:\/\/vitalstoffversand.com\/pt-pt\/wp-json\/wp\/v2\/product"}],"about":[{"href":"https:\/\/vitalstoffversand.com\/pt-pt\/wp-json\/wp\/v2\/types\/product"}],"wp:featuredmedia":[{"embeddable":true,"href":"https:\/\/vitalstoffversand.com\/pt-pt\/wp-json\/wp\/v2\/media\/61138"}],"wp:attachment":[{"href":"https:\/\/vitalstoffversand.com\/pt-pt\/wp-json\/wp\/v2\/media?parent=26822"}],"wp:term":[{"taxonomy":"product_brand","embeddable":true,"href":"https:\/\/vitalstoffversand.com\/pt-pt\/wp-json\/wp\/v2\/product_brand?post=26822"},{"taxonomy":"product_cat","embeddable":true,"href":"https:\/\/vitalstoffversand.com\/pt-pt\/wp-json\/wp\/v2\/product_cat?post=26822"},{"taxonomy":"product_tag","embeddable":true,"href":"https:\/\/vitalstoffversand.com\/pt-pt\/wp-json\/wp\/v2\/product_tag?post=26822"}],"curies":[{"name":"wp","href":"https:\/\/api.w.org\/{rel}","templated":true}]}}