{"id":26819,"date":"2024-11-10T15:15:13","date_gmt":"2024-11-10T14:15:13","guid":{"rendered":"https:\/\/vitalstoffversand.com\/produkt\/vit4ever-l-carnitina-300-g\/"},"modified":"2026-03-14T17:34:29","modified_gmt":"2026-03-14T16:34:29","slug":"vit4ever-l-carnitina-300-g","status":"publish","type":"product","link":"https:\/\/vitalstoffversand.com\/pt-pt\/produto\/vit4ever-l-carnitina-300-g\/","title":{"rendered":"Vit4ever <br>L-Carnitina &#8211; 300 g"},"content":{"rendered":"<p>A L-carnitina \u00e9 respons\u00e1vel, entre outras coisas, pela organiza\u00e7\u00e3o do transporte dos \u00e1cidos gordos no organismo.<\/p>\n<p>O p\u00f3 de tartarato de L-carnitina cont\u00e9m 68% de L-carnitina pura.<\/p>\n<p>Por isso, sente-se um cheiro forte a amon\u00edaco (cheiro a peixe). Isso n\u00e3o \u00e9 um defeito, mas sim um sinal de elevada pureza.<\/p>\n<ul>\n<li>Vegano<\/li>\n<li>Sem gl\u00faten<\/li>\n<li>Sem lactose<\/li>\n<li>Sem OGM<\/li>\n<li>Produzido de acordo com rigorosos padr\u00f5es de qualidade da UE<\/li>\n<\/ul>\n","protected":false},"excerpt":{"rendered":"<p>A L-carnitina \u00e9 respons\u00e1vel, entre outras coisas, pela organiza\u00e7\u00e3o do transporte dos \u00e1cidos gordos no organismo. O p\u00f3 de tartarato de L-carnitina cont\u00e9m 68% de L-carnitina pura. Por isso, sente-se um cheiro forte a amon\u00edaco (cheiro a peixe). Isso n\u00e3o \u00e9 um defeito, mas sim um sinal de elevada pureza. Vegano Sem gl\u00faten Sem lactose [&hellip;]<\/p>\n","protected":false},"featured_media":61619,"template":"","meta":{"_acf_changed":false},"product_brand":[10221],"product_cat":[559,537],"product_tag":[],"class_list":{"0":"post-26819","1":"product","2":"type-product","3":"status-publish","4":"has-post-thumbnail","6":"product_brand-vit4ever-pt-pt","7":"product_cat-nutrientes","8":"product_cat-produtos-de-a-z","10":"first","11":"instock","12":"taxable","13":"shipping-taxable","14":"purchasable","15":"product-type-simple"},"acf":[],"_links":{"self":[{"href":"https:\/\/vitalstoffversand.com\/pt-pt\/wp-json\/wp\/v2\/product\/26819","targetHints":{"allow":["GET"]}}],"collection":[{"href":"https:\/\/vitalstoffversand.com\/pt-pt\/wp-json\/wp\/v2\/product"}],"about":[{"href":"https:\/\/vitalstoffversand.com\/pt-pt\/wp-json\/wp\/v2\/types\/product"}],"wp:featuredmedia":[{"embeddable":true,"href":"https:\/\/vitalstoffversand.com\/pt-pt\/wp-json\/wp\/v2\/media\/61619"}],"wp:attachment":[{"href":"https:\/\/vitalstoffversand.com\/pt-pt\/wp-json\/wp\/v2\/media?parent=26819"}],"wp:term":[{"taxonomy":"product_brand","embeddable":true,"href":"https:\/\/vitalstoffversand.com\/pt-pt\/wp-json\/wp\/v2\/product_brand?post=26819"},{"taxonomy":"product_cat","embeddable":true,"href":"https:\/\/vitalstoffversand.com\/pt-pt\/wp-json\/wp\/v2\/product_cat?post=26819"},{"taxonomy":"product_tag","embeddable":true,"href":"https:\/\/vitalstoffversand.com\/pt-pt\/wp-json\/wp\/v2\/product_tag?post=26819"}],"curies":[{"name":"wp","href":"https:\/\/api.w.org\/{rel}","templated":true}]}}