{"id":26816,"date":"2024-11-10T14:04:16","date_gmt":"2024-11-10T13:04:16","guid":{"rendered":"https:\/\/vitalstoffversand.com\/produkt\/vit4ever-l-tirosina-500-g\/"},"modified":"2026-03-14T17:30:07","modified_gmt":"2026-03-14T16:30:07","slug":"vit4ever-l-tirosina-500-g","status":"publish","type":"product","link":"https:\/\/vitalstoffversand.com\/pt-pt\/produto\/vit4ever-l-tirosina-500-g\/","title":{"rendered":"Vit4ever <br>L-Tirosina &#8211; 500 g"},"content":{"rendered":"<p>A L-tirosina pertence aos neurotransmissores (subst\u00e2ncias mensageiras do sistema nervoso) e \u00e9 um amino\u00e1cido proteinog\u00e9nico n\u00e3o essencial.<\/p>\n<p>Promove a produ\u00e7\u00e3o de dopamina, que \u00e9 tamb\u00e9m conhecida como a hormona da felicidade e, para al\u00e9m da sensa\u00e7\u00e3o de felicidade, pode tamb\u00e9m aumentar a concentra\u00e7\u00e3o, o humor e a capacidade de resposta.<\/p>\n<ul>\n<li>Vegano<\/li>\n<li>Sem gl\u00faten<\/li>\n<li>Sem lactose<\/li>\n<li>Sem OGM<\/li>\n<li>Produzido de acordo com rigorosos padr\u00f5es de qualidade da UE<\/li>\n<\/ul>\n","protected":false},"excerpt":{"rendered":"<p>A L-tirosina pertence aos neurotransmissores (subst\u00e2ncias mensageiras do sistema nervoso) e \u00e9 um amino\u00e1cido proteinog\u00e9nico n\u00e3o essencial. Promove a produ\u00e7\u00e3o de dopamina, que \u00e9 tamb\u00e9m conhecida como a hormona da felicidade e, para al\u00e9m da sensa\u00e7\u00e3o de felicidade, pode tamb\u00e9m aumentar a concentra\u00e7\u00e3o, o humor e a capacidade de resposta. Vegano Sem gl\u00faten Sem lactose [&hellip;]<\/p>\n","protected":false},"featured_media":51520,"template":"","meta":{"_acf_changed":false},"product_brand":[10221],"product_cat":[551,537],"product_tag":[],"class_list":{"0":"post-26816","1":"product","2":"type-product","3":"status-publish","4":"has-post-thumbnail","6":"product_brand-vit4ever-pt-pt","7":"product_cat-aminoacidos-pt","8":"product_cat-produtos-de-a-z","10":"first","11":"instock","12":"taxable","13":"shipping-taxable","14":"purchasable","15":"product-type-simple"},"acf":[],"_links":{"self":[{"href":"https:\/\/vitalstoffversand.com\/pt-pt\/wp-json\/wp\/v2\/product\/26816","targetHints":{"allow":["GET"]}}],"collection":[{"href":"https:\/\/vitalstoffversand.com\/pt-pt\/wp-json\/wp\/v2\/product"}],"about":[{"href":"https:\/\/vitalstoffversand.com\/pt-pt\/wp-json\/wp\/v2\/types\/product"}],"wp:featuredmedia":[{"embeddable":true,"href":"https:\/\/vitalstoffversand.com\/pt-pt\/wp-json\/wp\/v2\/media\/51520"}],"wp:attachment":[{"href":"https:\/\/vitalstoffversand.com\/pt-pt\/wp-json\/wp\/v2\/media?parent=26816"}],"wp:term":[{"taxonomy":"product_brand","embeddable":true,"href":"https:\/\/vitalstoffversand.com\/pt-pt\/wp-json\/wp\/v2\/product_brand?post=26816"},{"taxonomy":"product_cat","embeddable":true,"href":"https:\/\/vitalstoffversand.com\/pt-pt\/wp-json\/wp\/v2\/product_cat?post=26816"},{"taxonomy":"product_tag","embeddable":true,"href":"https:\/\/vitalstoffversand.com\/pt-pt\/wp-json\/wp\/v2\/product_tag?post=26816"}],"curies":[{"name":"wp","href":"https:\/\/api.w.org\/{rel}","templated":true}]}}