{"id":26012,"date":"2025-04-05T12:39:45","date_gmt":"2025-04-05T10:39:45","guid":{"rendered":"https:\/\/vitalstoffversand.com\/produkt\/vit4ever-vitamina-b12-365-pastilhas-diferentes-sabores\/"},"modified":"2026-03-14T14:46:25","modified_gmt":"2026-03-14T13:46:25","slug":"vit4ever-vitamina-b12-365-pastilhas-diferentes-sabores","status":"publish","type":"product","link":"https:\/\/vitalstoffversand.com\/pt-pt\/produto\/vit4ever-vitamina-b12-365-pastilhas-diferentes-sabores\/","title":{"rendered":"Vit4ever <br>Vitamina B12 com sabor a framboesa &#8211; 365 comprimidos"},"content":{"rendered":"<div id=\"tab-description\" class=\"woocommerce-Tabs-panel woocommerce-Tabs-panel--description panel entry-content wc-tab\" role=\"tabpanel\" aria-labelledby=\"tab-title-description\"><a href=\"https:\/\/vitalstoffversand.com\/knowledge-base\/vitamin-b12\/\" target=\"_blank\" rel=\"noopener\"><strong><span style=\"color: #0000ff;\">\u2192 A vitamina B12<\/span><\/strong><\/a> \u00e9 encontrada predominantemente em alimentos de origem animal, raz\u00e3o pela qual a suplementa\u00e7\u00e3o \u00e9 particularmente importante para as pessoas que seguem uma dieta predominantemente ou exclusivamente vegana ou flexitariana.<\/div>\n<div role=\"tabpanel\" aria-labelledby=\"tab-title-description\"><\/div>\n<div role=\"tabpanel\" aria-labelledby=\"tab-title-description\">Os pastilhas de vitamina B12 oferecem uma biodisponibilidade particularmente elevada devido \u00e0 sua administra\u00e7\u00e3o sublingual e t\u00eam um sabor delicioso a framboesa.<\/div>\n<div role=\"tabpanel\" aria-labelledby=\"tab-title-description\"><\/div>\n<div role=\"tabpanel\" aria-labelledby=\"tab-title-description\">Em alternativa, os comprimidos podem tamb\u00e9m ser mastigados ou engolidos.<\/div>\n<div role=\"tabpanel\" aria-labelledby=\"tab-title-description\"><\/div>\n<div class=\"woocommerce-Tabs-panel woocommerce-Tabs-panel--description panel entry-content wc-tab\" role=\"tabpanel\" aria-labelledby=\"tab-title-description\">\n<ul>\n<li>Vegano<\/li>\n<li>Sem gl\u00faten<\/li>\n<li>Sem lactose<\/li>\n<li>Sem OGM<\/li>\n<li>Produzido de acordo com rigorosos padr\u00f5es de qualidade da UE<\/li>\n<\/ul>\n<\/div>\n","protected":false},"excerpt":{"rendered":"<p>\u2192 A vitamina B12 \u00e9 encontrada predominantemente em alimentos de origem animal, raz\u00e3o pela qual a suplementa\u00e7\u00e3o \u00e9 particularmente importante para as pessoas que seguem uma dieta predominantemente ou exclusivamente vegana ou flexitariana. Os pastilhas de vitamina B12 oferecem uma biodisponibilidade particularmente elevada devido \u00e0 sua administra\u00e7\u00e3o sublingual e t\u00eam um sabor delicioso a framboesa. [&hellip;]<\/p>\n","protected":false},"featured_media":50407,"template":"","meta":{"_acf_changed":false},"product_brand":[10221],"product_cat":[563,537],"product_tag":[],"class_list":{"0":"post-26012","1":"product","2":"type-product","3":"status-publish","4":"has-post-thumbnail","6":"product_brand-vit4ever-pt-pt","7":"product_cat-vitaminas-pt","8":"product_cat-produtos-de-a-z","10":"first","11":"instock","12":"taxable","13":"shipping-taxable","14":"purchasable","15":"product-type-simple"},"acf":[],"_links":{"self":[{"href":"https:\/\/vitalstoffversand.com\/pt-pt\/wp-json\/wp\/v2\/product\/26012","targetHints":{"allow":["GET"]}}],"collection":[{"href":"https:\/\/vitalstoffversand.com\/pt-pt\/wp-json\/wp\/v2\/product"}],"about":[{"href":"https:\/\/vitalstoffversand.com\/pt-pt\/wp-json\/wp\/v2\/types\/product"}],"wp:featuredmedia":[{"embeddable":true,"href":"https:\/\/vitalstoffversand.com\/pt-pt\/wp-json\/wp\/v2\/media\/50407"}],"wp:attachment":[{"href":"https:\/\/vitalstoffversand.com\/pt-pt\/wp-json\/wp\/v2\/media?parent=26012"}],"wp:term":[{"taxonomy":"product_brand","embeddable":true,"href":"https:\/\/vitalstoffversand.com\/pt-pt\/wp-json\/wp\/v2\/product_brand?post=26012"},{"taxonomy":"product_cat","embeddable":true,"href":"https:\/\/vitalstoffversand.com\/pt-pt\/wp-json\/wp\/v2\/product_cat?post=26012"},{"taxonomy":"product_tag","embeddable":true,"href":"https:\/\/vitalstoffversand.com\/pt-pt\/wp-json\/wp\/v2\/product_tag?post=26012"}],"curies":[{"name":"wp","href":"https:\/\/api.w.org\/{rel}","templated":true}]}}