{"id":25945,"date":"2025-04-10T15:20:48","date_gmt":"2025-04-10T13:20:48","guid":{"rendered":"https:\/\/vitalstoffversand.com\/produkt\/gen-clean-mass-gainer-3000-g-diferentes-sabores\/"},"modified":"2026-03-12T12:53:34","modified_gmt":"2026-03-12T11:53:34","slug":"gen-clean-mass-gainer-3000-g-diferentes-sabores","status":"publish","type":"product","link":"https:\/\/vitalstoffversand.com\/pt-pt\/produto\/gen-clean-mass-gainer-3000-g-diferentes-sabores\/","title":{"rendered":"GEN <br>Clean Mass Gainer &#8211; 3000 g &#8211; diferentes sabores"},"content":{"rendered":"<p>Clean Mass Gainer fornece uma mistura equilibrada de prote\u00ednas de alta qualidade e hidratos de carbono complexos e est\u00e1 dispon\u00edvel em 6 sabores.<\/p>\n<p>Desta forma, pode aumentar eficazmente a sua ingest\u00e3o de calorias no \u00e2mbito de uma dieta consciente e fornecer ao seu corpo a energia de que necessita.<\/p>\n<p>Cont\u00e9m tamb\u00e9m bromela\u00edna e lactase para apoiar a absor\u00e7\u00e3o de nutrientes.<\/p>\n<ul>\n<li>Vegano<\/li>\n<li>Produzido de acordo com rigorosos padr\u00f5es de qualidade da UE<\/li>\n<\/ul>\n","protected":false},"excerpt":{"rendered":"<p>Clean Mass Gainer fornece uma mistura equilibrada de prote\u00ednas de alta qualidade e hidratos de carbono complexos e est\u00e1 dispon\u00edvel em 6 sabores. Desta forma, pode aumentar eficazmente a sua ingest\u00e3o de calorias no \u00e2mbito de uma dieta consciente e fornecer ao seu corpo a energia de que necessita. Cont\u00e9m tamb\u00e9m bromela\u00edna e lactase para [&hellip;]<\/p>\n","protected":false},"featured_media":62540,"template":"","meta":{"_acf_changed":false},"product_brand":[10200],"product_cat":[559,537],"product_tag":[],"class_list":{"0":"post-25945","1":"product","2":"type-product","3":"status-publish","4":"has-post-thumbnail","6":"product_brand-gen-german-elite-nutrition-pt-pt","7":"product_cat-nutrientes","8":"product_cat-produtos-de-a-z","10":"first","11":"instock","12":"taxable","13":"shipping-taxable","14":"purchasable","15":"product-type-variable"},"acf":[],"_links":{"self":[{"href":"https:\/\/vitalstoffversand.com\/pt-pt\/wp-json\/wp\/v2\/product\/25945","targetHints":{"allow":["GET"]}}],"collection":[{"href":"https:\/\/vitalstoffversand.com\/pt-pt\/wp-json\/wp\/v2\/product"}],"about":[{"href":"https:\/\/vitalstoffversand.com\/pt-pt\/wp-json\/wp\/v2\/types\/product"}],"wp:featuredmedia":[{"embeddable":true,"href":"https:\/\/vitalstoffversand.com\/pt-pt\/wp-json\/wp\/v2\/media\/62540"}],"wp:attachment":[{"href":"https:\/\/vitalstoffversand.com\/pt-pt\/wp-json\/wp\/v2\/media?parent=25945"}],"wp:term":[{"taxonomy":"product_brand","embeddable":true,"href":"https:\/\/vitalstoffversand.com\/pt-pt\/wp-json\/wp\/v2\/product_brand?post=25945"},{"taxonomy":"product_cat","embeddable":true,"href":"https:\/\/vitalstoffversand.com\/pt-pt\/wp-json\/wp\/v2\/product_cat?post=25945"},{"taxonomy":"product_tag","embeddable":true,"href":"https:\/\/vitalstoffversand.com\/pt-pt\/wp-json\/wp\/v2\/product_tag?post=25945"}],"curies":[{"name":"wp","href":"https:\/\/api.w.org\/{rel}","templated":true}]}}