{"id":2590,"date":"2024-10-30T10:55:46","date_gmt":"2024-10-30T09:55:46","guid":{"rendered":"https:\/\/dev.vitalstoffversand.com\/?post_type=product&#038;p=2590"},"modified":"2026-03-12T14:46:27","modified_gmt":"2026-03-12T13:46:27","slug":"vit4ever-vitamina-a-3000-%c2%b5g-10-000-u-i-240-comprimidos-kopie-kopie","status":"publish","type":"product","link":"https:\/\/vitalstoffversand.com\/pt-pt\/produto\/vit4ever-vitamina-a-3000-%c2%b5g-10-000-u-i-240-comprimidos-kopie-kopie\/","title":{"rendered":"Vit4ever <br>Superfood Mix &#8211; 420 g"},"content":{"rendered":"<p>Mistura de erva de cevada, guaran\u00e1, maca, moringa, spirulina e clorela com aroma natural de lim\u00e3o.<\/p>\n<p>Fornece uma grande quantidade de vitaminas naturais, micro e macronutrientes, antioxidantes e subst\u00e2ncias vegetais e pode complementar de forma \u00fatil, mas n\u00e3o substituir, as necessidades di\u00e1rias de frutas e legumes.<\/p>\n<ul>\n<li>Vegano<\/li>\n<li>Sem gl\u00faten<\/li>\n<li>Sem lactose<\/li>\n<li>Sem OGM<\/li>\n<li>Produzido de acordo com rigorosos padr\u00f5es de qualidade da UE<\/li>\n<\/ul>\n","protected":false},"excerpt":{"rendered":"<p>Mistura de erva de cevada, guaran\u00e1, maca, moringa, spirulina e clorela com aroma natural de lim\u00e3o. Fornece uma grande quantidade de vitaminas naturais, micro e macronutrientes, antioxidantes e subst\u00e2ncias vegetais e pode complementar de forma \u00fatil, mas n\u00e3o substituir, as necessidades di\u00e1rias de frutas e legumes. Vegano Sem gl\u00faten Sem lactose Sem OGM Produzido de [&hellip;]<\/p>\n","protected":false},"featured_media":49279,"template":"","meta":{"_acf_changed":false},"product_brand":[10221],"product_cat":[559,537],"product_tag":[],"class_list":{"0":"post-2590","1":"product","2":"type-product","3":"status-publish","4":"has-post-thumbnail","6":"product_brand-vit4ever-pt-pt","7":"product_cat-nutrientes","8":"product_cat-produtos-de-a-z","10":"first","11":"instock","12":"taxable","13":"shipping-taxable","14":"purchasable","15":"product-type-simple"},"acf":[],"_links":{"self":[{"href":"https:\/\/vitalstoffversand.com\/pt-pt\/wp-json\/wp\/v2\/product\/2590","targetHints":{"allow":["GET"]}}],"collection":[{"href":"https:\/\/vitalstoffversand.com\/pt-pt\/wp-json\/wp\/v2\/product"}],"about":[{"href":"https:\/\/vitalstoffversand.com\/pt-pt\/wp-json\/wp\/v2\/types\/product"}],"wp:featuredmedia":[{"embeddable":true,"href":"https:\/\/vitalstoffversand.com\/pt-pt\/wp-json\/wp\/v2\/media\/49279"}],"wp:attachment":[{"href":"https:\/\/vitalstoffversand.com\/pt-pt\/wp-json\/wp\/v2\/media?parent=2590"}],"wp:term":[{"taxonomy":"product_brand","embeddable":true,"href":"https:\/\/vitalstoffversand.com\/pt-pt\/wp-json\/wp\/v2\/product_brand?post=2590"},{"taxonomy":"product_cat","embeddable":true,"href":"https:\/\/vitalstoffversand.com\/pt-pt\/wp-json\/wp\/v2\/product_cat?post=2590"},{"taxonomy":"product_tag","embeddable":true,"href":"https:\/\/vitalstoffversand.com\/pt-pt\/wp-json\/wp\/v2\/product_tag?post=2590"}],"curies":[{"name":"wp","href":"https:\/\/api.w.org\/{rel}","templated":true}]}}