{"id":23866,"date":"2024-11-10T16:34:57","date_gmt":"2024-11-10T15:34:57","guid":{"rendered":"https:\/\/vitalstoffversand.com\/produkt\/vit4ever-d-manose-250-g\/"},"modified":"2026-03-14T19:00:55","modified_gmt":"2026-03-14T18:00:55","slug":"vit4ever-d-manose-250-g","status":"publish","type":"product","link":"https:\/\/vitalstoffversand.com\/pt-pt\/produto\/vit4ever-d-manose-250-g\/","title":{"rendered":"Vit4ever <br>D-manose em p\u00f3 &#8211; 250 g"},"content":{"rendered":"<p>A D-manose \u00e9 um bloco de constru\u00e7\u00e3o de polissacar\u00eddeos vegetais que tem o potencial de se ligar a bact\u00e9rias.<\/p>\n<p>A D-manose \u00e9 frequentemente utilizada na medicina popular como alternativa aos antibi\u00f3ticos, especialmente para a cistite bacteriana.<\/p>\n<ul>\n<li>Vegano<\/li>\n<li>Sem gl\u00faten<\/li>\n<li>Sem lactose<\/li>\n<li>Sem OGM<\/li>\n<li>Produzido de acordo com rigorosos padr\u00f5es de qualidade da UE<\/li>\n<\/ul>\n","protected":false},"excerpt":{"rendered":"<p>A D-manose \u00e9 um bloco de constru\u00e7\u00e3o de polissacar\u00eddeos vegetais que tem o potencial de se ligar a bact\u00e9rias. A D-manose \u00e9 frequentemente utilizada na medicina popular como alternativa aos antibi\u00f3ticos, especialmente para a cistite bacteriana. Vegano Sem gl\u00faten Sem lactose Sem OGM Produzido de acordo com rigorosos padr\u00f5es de qualidade da UE<\/p>\n","protected":false},"featured_media":52241,"template":"","meta":{"_acf_changed":false},"product_brand":[10221],"product_cat":[559,537],"product_tag":[],"class_list":{"0":"post-23866","1":"product","2":"type-product","3":"status-publish","4":"has-post-thumbnail","6":"product_brand-vit4ever-pt-pt","7":"product_cat-nutrientes","8":"product_cat-produtos-de-a-z","10":"first","11":"instock","12":"taxable","13":"shipping-taxable","14":"purchasable","15":"product-type-simple"},"acf":[],"_links":{"self":[{"href":"https:\/\/vitalstoffversand.com\/pt-pt\/wp-json\/wp\/v2\/product\/23866","targetHints":{"allow":["GET"]}}],"collection":[{"href":"https:\/\/vitalstoffversand.com\/pt-pt\/wp-json\/wp\/v2\/product"}],"about":[{"href":"https:\/\/vitalstoffversand.com\/pt-pt\/wp-json\/wp\/v2\/types\/product"}],"wp:featuredmedia":[{"embeddable":true,"href":"https:\/\/vitalstoffversand.com\/pt-pt\/wp-json\/wp\/v2\/media\/52241"}],"wp:attachment":[{"href":"https:\/\/vitalstoffversand.com\/pt-pt\/wp-json\/wp\/v2\/media?parent=23866"}],"wp:term":[{"taxonomy":"product_brand","embeddable":true,"href":"https:\/\/vitalstoffversand.com\/pt-pt\/wp-json\/wp\/v2\/product_brand?post=23866"},{"taxonomy":"product_cat","embeddable":true,"href":"https:\/\/vitalstoffversand.com\/pt-pt\/wp-json\/wp\/v2\/product_cat?post=23866"},{"taxonomy":"product_tag","embeddable":true,"href":"https:\/\/vitalstoffversand.com\/pt-pt\/wp-json\/wp\/v2\/product_tag?post=23866"}],"curies":[{"name":"wp","href":"https:\/\/api.w.org\/{rel}","templated":true}]}}