{"id":23458,"date":"2024-11-10T13:40:17","date_gmt":"2024-11-10T12:40:17","guid":{"rendered":"https:\/\/vitalstoffversand.com\/produkt\/vit4ever-vitamin-b-complex-intenso-240-capsulas\/"},"modified":"2026-03-14T17:03:37","modified_gmt":"2026-03-14T16:03:37","slug":"vit4ever-vitamin-b-complex-intenso-240-capsulas","status":"publish","type":"product","link":"https:\/\/vitalstoffversand.com\/pt-pt\/produto\/vit4ever-vitamin-b-complex-intenso-240-capsulas\/","title":{"rendered":"Vit4ever <br>Vitamin B Complex Intenso &#8211; 240 c\u00e1psulas"},"content":{"rendered":"<p>Vitamin B Complex Intenso fornece uma combina\u00e7\u00e3o de todas as 8 vitaminas B e, adicionalmente, os 3 co-factores colina, inositol e \u00e1cido para-aminobenz\u00f3ico (PABA), que melhoram a absor\u00e7\u00e3o das vitaminas B individuais pelo organismo.<\/p>\n<p>O forte odor inerente das vitaminas B n\u00e3o constitui um defeito de qualidade, mas mostra que n\u00e3o foram utilizados aditivos para mascarar o sabor ou o odor para garantir a pureza do produto.<\/p>\n<ul>\n<li>Vegano<\/li>\n<li>Sem gl\u00faten<\/li>\n<li>Sem lactose<\/li>\n<li>Sem OGM<\/li>\n<li>Produzido de acordo com rigorosos padr\u00f5es de qualidade da UE<\/li>\n<\/ul>\n","protected":false},"excerpt":{"rendered":"<p>Vitamin B Complex Intenso fornece uma combina\u00e7\u00e3o de todas as 8 vitaminas B e, adicionalmente, os 3 co-factores colina, inositol e \u00e1cido para-aminobenz\u00f3ico (PABA), que melhoram a absor\u00e7\u00e3o das vitaminas B individuais pelo organismo. O forte odor inerente das vitaminas B n\u00e3o constitui um defeito de qualidade, mas mostra que n\u00e3o foram utilizados aditivos para [&hellip;]<\/p>\n","protected":false},"featured_media":59123,"template":"","meta":{"_acf_changed":false},"product_brand":[10221],"product_cat":[563,537],"product_tag":[],"class_list":{"0":"post-23458","1":"product","2":"type-product","3":"status-publish","4":"has-post-thumbnail","6":"product_brand-vit4ever-pt-pt","7":"product_cat-vitaminas-pt","8":"product_cat-produtos-de-a-z","10":"first","11":"outofstock","12":"taxable","13":"shipping-taxable","14":"purchasable","15":"product-type-simple"},"acf":[],"_links":{"self":[{"href":"https:\/\/vitalstoffversand.com\/pt-pt\/wp-json\/wp\/v2\/product\/23458","targetHints":{"allow":["GET"]}}],"collection":[{"href":"https:\/\/vitalstoffversand.com\/pt-pt\/wp-json\/wp\/v2\/product"}],"about":[{"href":"https:\/\/vitalstoffversand.com\/pt-pt\/wp-json\/wp\/v2\/types\/product"}],"wp:featuredmedia":[{"embeddable":true,"href":"https:\/\/vitalstoffversand.com\/pt-pt\/wp-json\/wp\/v2\/media\/59123"}],"wp:attachment":[{"href":"https:\/\/vitalstoffversand.com\/pt-pt\/wp-json\/wp\/v2\/media?parent=23458"}],"wp:term":[{"taxonomy":"product_brand","embeddable":true,"href":"https:\/\/vitalstoffversand.com\/pt-pt\/wp-json\/wp\/v2\/product_brand?post=23458"},{"taxonomy":"product_cat","embeddable":true,"href":"https:\/\/vitalstoffversand.com\/pt-pt\/wp-json\/wp\/v2\/product_cat?post=23458"},{"taxonomy":"product_tag","embeddable":true,"href":"https:\/\/vitalstoffversand.com\/pt-pt\/wp-json\/wp\/v2\/product_tag?post=23458"}],"curies":[{"name":"wp","href":"https:\/\/api.w.org\/{rel}","templated":true}]}}