{"id":23416,"date":"2024-11-09T17:31:42","date_gmt":"2024-11-09T16:31:42","guid":{"rendered":"https:\/\/vitalstoffversand.com\/produkt\/vit4ever-inhame-selvagem-240-capsulas\/"},"modified":"2026-03-14T16:29:10","modified_gmt":"2026-03-14T15:29:10","slug":"vit4ever-inhame-selvagem-240-capsulas","status":"publish","type":"product","link":"https:\/\/vitalstoffversand.com\/pt-pt\/produto\/vit4ever-inhame-selvagem-240-capsulas\/","title":{"rendered":"Vit4ever <br>Inhame selvagem &#8211; 240 c\u00e1psulas"},"content":{"rendered":"<p>O inhame selvagem cont\u00e9m o ingrediente ativo diosgenina, que \u00e9 muito semelhante \u00e0 hormona feminina progesterona.<\/p>\n<p>A diosgenina pode tamb\u00e9m estimular a secre\u00e7\u00e3o de DHEA (dehidroepiandrosterona) pelo pr\u00f3prio organismo.<\/p>\n<ul>\n<li>Vegano<\/li>\n<li>Sem gl\u00faten<\/li>\n<li>Sem lactose<\/li>\n<li>Sem OGM<\/li>\n<li>Produzido de acordo com rigorosos padr\u00f5es de qualidade da UE<\/li>\n<\/ul>\n","protected":false},"excerpt":{"rendered":"<p>O inhame selvagem cont\u00e9m o ingrediente ativo diosgenina, que \u00e9 muito semelhante \u00e0 hormona feminina progesterona. A diosgenina pode tamb\u00e9m estimular a secre\u00e7\u00e3o de DHEA (dehidroepiandrosterona) pelo pr\u00f3prio organismo. Vegano Sem gl\u00faten Sem lactose Sem OGM Produzido de acordo com rigorosos padr\u00f5es de qualidade da UE<\/p>\n","protected":false},"featured_media":51047,"template":"","meta":{"_acf_changed":false},"product_brand":[10221],"product_cat":[559,537],"product_tag":[],"class_list":{"0":"post-23416","1":"product","2":"type-product","3":"status-publish","4":"has-post-thumbnail","6":"product_brand-vit4ever-pt-pt","7":"product_cat-nutrientes","8":"product_cat-produtos-de-a-z","10":"first","11":"instock","12":"taxable","13":"shipping-taxable","14":"purchasable","15":"product-type-simple"},"acf":[],"_links":{"self":[{"href":"https:\/\/vitalstoffversand.com\/pt-pt\/wp-json\/wp\/v2\/product\/23416","targetHints":{"allow":["GET"]}}],"collection":[{"href":"https:\/\/vitalstoffversand.com\/pt-pt\/wp-json\/wp\/v2\/product"}],"about":[{"href":"https:\/\/vitalstoffversand.com\/pt-pt\/wp-json\/wp\/v2\/types\/product"}],"wp:featuredmedia":[{"embeddable":true,"href":"https:\/\/vitalstoffversand.com\/pt-pt\/wp-json\/wp\/v2\/media\/51047"}],"wp:attachment":[{"href":"https:\/\/vitalstoffversand.com\/pt-pt\/wp-json\/wp\/v2\/media?parent=23416"}],"wp:term":[{"taxonomy":"product_brand","embeddable":true,"href":"https:\/\/vitalstoffversand.com\/pt-pt\/wp-json\/wp\/v2\/product_brand?post=23416"},{"taxonomy":"product_cat","embeddable":true,"href":"https:\/\/vitalstoffversand.com\/pt-pt\/wp-json\/wp\/v2\/product_cat?post=23416"},{"taxonomy":"product_tag","embeddable":true,"href":"https:\/\/vitalstoffversand.com\/pt-pt\/wp-json\/wp\/v2\/product_tag?post=23416"}],"curies":[{"name":"wp","href":"https:\/\/api.w.org\/{rel}","templated":true}]}}