{"id":23409,"date":"2024-11-09T17:29:40","date_gmt":"2024-11-09T16:29:40","guid":{"rendered":"https:\/\/vitalstoffversand.com\/produkt\/vit4ever-gaba-acido-gama-aminobutirico-540-g\/"},"modified":"2026-03-14T15:49:44","modified_gmt":"2026-03-14T14:49:44","slug":"vit4ever-gaba-acido-gama-aminobutirico-540-g","status":"publish","type":"product","link":"https:\/\/vitalstoffversand.com\/pt-pt\/produto\/vit4ever-gaba-acido-gama-aminobutirico-540-g\/","title":{"rendered":"Vit4ever <br>GABA \u00e1cido gama-aminobut\u00edrico &#8211; 540 g"},"content":{"rendered":"<p>O GABA actua como um neurotransmissor no sistema nervoso central e assegura que muitos est\u00edmulos s\u00e3o abrandados ou mesmo completamente desligados, raz\u00e3o pela qual pode ter um efeito positivo no sono.<\/p>\n<p>O GABA \u00e9 tamb\u00e9m interessante para os desportistas porque influencia as hormonas de crescimento.<\/p>\n<ul>\n<li>Vegano<\/li>\n<li>Sem gl\u00faten<\/li>\n<li>Sem lactose<\/li>\n<li>Sem OGM<\/li>\n<li>Produzido de acordo com rigorosos padr\u00f5es de qualidade da UE<\/li>\n<\/ul>\n","protected":false},"excerpt":{"rendered":"<p>O GABA actua como um neurotransmissor no sistema nervoso central e assegura que muitos est\u00edmulos s\u00e3o abrandados ou mesmo completamente desligados, raz\u00e3o pela qual pode ter um efeito positivo no sono. O GABA \u00e9 tamb\u00e9m interessante para os desportistas porque influencia as hormonas de crescimento. Vegano Sem gl\u00faten Sem lactose Sem OGM Produzido de acordo [&hellip;]<\/p>\n","protected":false},"featured_media":50967,"template":"","meta":{"_acf_changed":false},"product_brand":[10221],"product_cat":[551,537],"product_tag":[],"class_list":{"0":"post-23409","1":"product","2":"type-product","3":"status-publish","4":"has-post-thumbnail","6":"product_brand-vit4ever-pt-pt","7":"product_cat-aminoacidos-pt","8":"product_cat-produtos-de-a-z","10":"first","11":"instock","12":"taxable","13":"shipping-taxable","14":"purchasable","15":"product-type-simple"},"acf":[],"_links":{"self":[{"href":"https:\/\/vitalstoffversand.com\/pt-pt\/wp-json\/wp\/v2\/product\/23409","targetHints":{"allow":["GET"]}}],"collection":[{"href":"https:\/\/vitalstoffversand.com\/pt-pt\/wp-json\/wp\/v2\/product"}],"about":[{"href":"https:\/\/vitalstoffversand.com\/pt-pt\/wp-json\/wp\/v2\/types\/product"}],"wp:featuredmedia":[{"embeddable":true,"href":"https:\/\/vitalstoffversand.com\/pt-pt\/wp-json\/wp\/v2\/media\/50967"}],"wp:attachment":[{"href":"https:\/\/vitalstoffversand.com\/pt-pt\/wp-json\/wp\/v2\/media?parent=23409"}],"wp:term":[{"taxonomy":"product_brand","embeddable":true,"href":"https:\/\/vitalstoffversand.com\/pt-pt\/wp-json\/wp\/v2\/product_brand?post=23409"},{"taxonomy":"product_cat","embeddable":true,"href":"https:\/\/vitalstoffversand.com\/pt-pt\/wp-json\/wp\/v2\/product_cat?post=23409"},{"taxonomy":"product_tag","embeddable":true,"href":"https:\/\/vitalstoffversand.com\/pt-pt\/wp-json\/wp\/v2\/product_tag?post=23409"}],"curies":[{"name":"wp","href":"https:\/\/api.w.org\/{rel}","templated":true}]}}