{"id":23336,"date":"2024-11-09T17:10:23","date_gmt":"2024-11-09T16:10:23","guid":{"rendered":"https:\/\/vitalstoffversand.com\/produkt\/vit4ever-agitador-branco-600-ml\/"},"modified":"2026-03-14T15:21:33","modified_gmt":"2026-03-14T14:21:33","slug":"vit4ever-agitador-branco-600-ml","status":"publish","type":"product","link":"https:\/\/vitalstoffversand.com\/pt-pt\/produto\/vit4ever-agitador-branco-600-ml\/","title":{"rendered":"Vit4ever <br>Agitador branco &#8211; 600 ml"},"content":{"rendered":"<p>Agitador de 600 ml em branco com a inscri\u00e7\u00e3o \u201cvit4ever\u201d.<\/p>\n<ul>\n<li>Peneira integrada: para bebidas perfeitamente misturadas e sem grumos.<\/li>\n<li>Escala de medi\u00e7\u00e3o: Dosagem precisa gra\u00e7as \u00e0 escala de medi\u00e7\u00e3o de f\u00e1cil leitura.<\/li>\n<li>Sem BPA: Fabricado com materiais seguros e sem BPA.<\/li>\n<li>F\u00e1cil de limpar: r\u00e1pido e f\u00e1cil de limpar, ideal para a utiliza\u00e7\u00e3o quotidiana.<\/li>\n<\/ul>\n","protected":false},"excerpt":{"rendered":"<p>Agitador de 600 ml em branco com a inscri\u00e7\u00e3o \u201cvit4ever\u201d. Peneira integrada: para bebidas perfeitamente misturadas e sem grumos. Escala de medi\u00e7\u00e3o: Dosagem precisa gra\u00e7as \u00e0 escala de medi\u00e7\u00e3o de f\u00e1cil leitura. Sem BPA: Fabricado com materiais seguros e sem BPA. F\u00e1cil de limpar: r\u00e1pido e f\u00e1cil de limpar, ideal para a utiliza\u00e7\u00e3o quotidiana.<\/p>\n","protected":false},"featured_media":58978,"template":"","meta":{"_acf_changed":false},"product_brand":[10221],"product_cat":[572,537],"product_tag":[],"class_list":{"0":"post-23336","1":"product","2":"type-product","3":"status-publish","4":"has-post-thumbnail","6":"product_brand-vit4ever-pt-pt","7":"product_cat-acessorios-e-diversos","8":"product_cat-produtos-de-a-z","10":"first","11":"instock","12":"taxable","13":"shipping-taxable","14":"purchasable","15":"product-type-simple"},"acf":[],"_links":{"self":[{"href":"https:\/\/vitalstoffversand.com\/pt-pt\/wp-json\/wp\/v2\/product\/23336","targetHints":{"allow":["GET"]}}],"collection":[{"href":"https:\/\/vitalstoffversand.com\/pt-pt\/wp-json\/wp\/v2\/product"}],"about":[{"href":"https:\/\/vitalstoffversand.com\/pt-pt\/wp-json\/wp\/v2\/types\/product"}],"wp:featuredmedia":[{"embeddable":true,"href":"https:\/\/vitalstoffversand.com\/pt-pt\/wp-json\/wp\/v2\/media\/58978"}],"wp:attachment":[{"href":"https:\/\/vitalstoffversand.com\/pt-pt\/wp-json\/wp\/v2\/media?parent=23336"}],"wp:term":[{"taxonomy":"product_brand","embeddable":true,"href":"https:\/\/vitalstoffversand.com\/pt-pt\/wp-json\/wp\/v2\/product_brand?post=23336"},{"taxonomy":"product_cat","embeddable":true,"href":"https:\/\/vitalstoffversand.com\/pt-pt\/wp-json\/wp\/v2\/product_cat?post=23336"},{"taxonomy":"product_tag","embeddable":true,"href":"https:\/\/vitalstoffversand.com\/pt-pt\/wp-json\/wp\/v2\/product_tag?post=23336"}],"curies":[{"name":"wp","href":"https:\/\/api.w.org\/{rel}","templated":true}]}}