{"id":23329,"date":"2024-11-09T17:09:21","date_gmt":"2024-11-09T16:09:21","guid":{"rendered":"https:\/\/vitalstoffversand.com\/produkt\/vit4ever-l-arginine-intenso-365-capsulas\/"},"modified":"2026-03-14T15:21:39","modified_gmt":"2026-03-14T14:21:39","slug":"vit4ever-l-arginine-intenso-365-capsulas","status":"publish","type":"product","link":"https:\/\/vitalstoffversand.com\/pt-pt\/produto\/vit4ever-l-arginine-intenso-365-capsulas\/","title":{"rendered":"Vit4ever <br>L-Arginine Intenso &#8211; 365 c\u00e1psulas"},"content":{"rendered":"<p>A L-arginina \u00e9 um amino\u00e1cido proteinog\u00e9nico semi-essencial que n\u00e3o s\u00f3 \u00e9 muito apreciado pelos atletas como potenciador do treino.<\/p>\n<p>A arginina \u00e9 particularmente necess\u00e1ria ao organismo durante a pr\u00e1tica desportiva intensiva ou o aumento do stress e est\u00e1 envolvida na forma\u00e7\u00e3o das prote\u00ednas do pr\u00f3prio organismo.<\/p>\n<p>Devido ao seu elevado teor de azoto e \u00e0 sua capacidade de formar \u00f3xido n\u00edtrico, \u00e9 muito importante para a ativa\u00e7\u00e3o e o controlo dos vasos sangu\u00edneos, pelo que tamb\u00e9m pode ser muito interessante para homens activos (disfun\u00e7\u00e3o er\u00e9til) e mulheres activas.<\/p>\n<p>As c\u00e1psulas de Arginine Intenso cont\u00eam arginina pura de base vegetal, obtida por fermenta\u00e7\u00e3o a partir de mat\u00e9rias-primas vegetais.<\/p>\n<ul>\n<li>Vegano<\/li>\n<li>Sem gl\u00faten<\/li>\n<li>Sem lactose<\/li>\n<li>Sem OGM<\/li>\n<li>Produzido de acordo com rigorosos padr\u00f5es de qualidade da UE<\/li>\n<\/ul>\n","protected":false},"excerpt":{"rendered":"<p>A L-arginina \u00e9 um amino\u00e1cido proteinog\u00e9nico semi-essencial que n\u00e3o s\u00f3 \u00e9 muito apreciado pelos atletas como potenciador do treino. A arginina \u00e9 particularmente necess\u00e1ria ao organismo durante a pr\u00e1tica desportiva intensiva ou o aumento do stress e est\u00e1 envolvida na forma\u00e7\u00e3o das prote\u00ednas do pr\u00f3prio organismo. Devido ao seu elevado teor de azoto e \u00e0 [&hellip;]<\/p>\n","protected":false},"featured_media":67168,"template":"","meta":{"_acf_changed":false},"product_brand":[10221],"product_cat":[551,537],"product_tag":[],"class_list":{"0":"post-23329","1":"product","2":"type-product","3":"status-publish","4":"has-post-thumbnail","6":"product_brand-vit4ever-pt-pt","7":"product_cat-aminoacidos-pt","8":"product_cat-produtos-de-a-z","10":"first","11":"instock","12":"taxable","13":"shipping-taxable","14":"purchasable","15":"product-type-simple"},"acf":[],"_links":{"self":[{"href":"https:\/\/vitalstoffversand.com\/pt-pt\/wp-json\/wp\/v2\/product\/23329","targetHints":{"allow":["GET"]}}],"collection":[{"href":"https:\/\/vitalstoffversand.com\/pt-pt\/wp-json\/wp\/v2\/product"}],"about":[{"href":"https:\/\/vitalstoffversand.com\/pt-pt\/wp-json\/wp\/v2\/types\/product"}],"wp:featuredmedia":[{"embeddable":true,"href":"https:\/\/vitalstoffversand.com\/pt-pt\/wp-json\/wp\/v2\/media\/67168"}],"wp:attachment":[{"href":"https:\/\/vitalstoffversand.com\/pt-pt\/wp-json\/wp\/v2\/media?parent=23329"}],"wp:term":[{"taxonomy":"product_brand","embeddable":true,"href":"https:\/\/vitalstoffversand.com\/pt-pt\/wp-json\/wp\/v2\/product_brand?post=23329"},{"taxonomy":"product_cat","embeddable":true,"href":"https:\/\/vitalstoffversand.com\/pt-pt\/wp-json\/wp\/v2\/product_cat?post=23329"},{"taxonomy":"product_tag","embeddable":true,"href":"https:\/\/vitalstoffversand.com\/pt-pt\/wp-json\/wp\/v2\/product_tag?post=23329"}],"curies":[{"name":"wp","href":"https:\/\/api.w.org\/{rel}","templated":true}]}}