{"id":22859,"date":"2024-11-09T16:38:14","date_gmt":"2024-11-09T15:38:14","guid":{"rendered":"https:\/\/vitalstoffversand.com\/produkt\/vit4ever-extrato-de-cordyceps-intenso-180-capsulas\/"},"modified":"2026-03-14T14:56:10","modified_gmt":"2026-03-14T13:56:10","slug":"vit4ever-extrato-de-cordyceps-intenso-180-capsulas","status":"publish","type":"product","link":"https:\/\/vitalstoffversand.com\/pt-pt\/produto\/vit4ever-extrato-de-cordyceps-intenso-180-capsulas\/","title":{"rendered":"Vit4ever <br>Extrato de Cordyceps Intenso &#8211; 180 c\u00e1psulas"},"content":{"rendered":"<p>C\u00e1psulas de dose elevada com extrato 10:1 de Cordyceps sinensis (fungo da lagarta) com <strong>40% de polissac\u00e1ridos bioactivos<\/strong>.<\/p>\n<p>Os extractos de cogumelos t\u00eam uma propor\u00e7\u00e3o mais elevada de polissac\u00e1ridos do que o cogumelo inteiro em p\u00f3, mas outros ingredientes valiosos do cogumelo perdem-se no processo de extra\u00e7\u00e3o.<\/p>\n<p>Para fins terap\u00eauticos, recomendamos, portanto, a ingest\u00e3o de extractos de cogumelos em combina\u00e7\u00e3o com cogumelos inteiros em p\u00f3, uma vez que assim se obt\u00e9m o efeito m\u00e1ximo.<\/p>\n<ul>\n<li>Vegano<\/li>\n<li>Sem gl\u00faten<\/li>\n<li>Sem lactose<\/li>\n<li>Sem OGM<\/li>\n<li>Produzido de acordo com rigorosos padr\u00f5es de qualidade da UE<\/li>\n<\/ul>\n","protected":false},"excerpt":{"rendered":"<p>C\u00e1psulas de dose elevada com extrato 10:1 de Cordyceps sinensis (fungo da lagarta) com 40% de polissac\u00e1ridos bioactivos. Os extractos de cogumelos t\u00eam uma propor\u00e7\u00e3o mais elevada de polissac\u00e1ridos do que o cogumelo inteiro em p\u00f3, mas outros ingredientes valiosos do cogumelo perdem-se no processo de extra\u00e7\u00e3o. Para fins terap\u00eauticos, recomendamos, portanto, a ingest\u00e3o de [&hellip;]<\/p>\n","protected":false},"featured_media":50487,"template":"","meta":{"_acf_changed":false},"product_brand":[10221],"product_cat":[559,537],"product_tag":[],"class_list":{"0":"post-22859","1":"product","2":"type-product","3":"status-publish","4":"has-post-thumbnail","6":"product_brand-vit4ever-pt-pt","7":"product_cat-nutrientes","8":"product_cat-produtos-de-a-z","10":"first","11":"outofstock","12":"taxable","13":"shipping-taxable","14":"purchasable","15":"product-type-simple"},"acf":[],"_links":{"self":[{"href":"https:\/\/vitalstoffversand.com\/pt-pt\/wp-json\/wp\/v2\/product\/22859","targetHints":{"allow":["GET"]}}],"collection":[{"href":"https:\/\/vitalstoffversand.com\/pt-pt\/wp-json\/wp\/v2\/product"}],"about":[{"href":"https:\/\/vitalstoffversand.com\/pt-pt\/wp-json\/wp\/v2\/types\/product"}],"wp:featuredmedia":[{"embeddable":true,"href":"https:\/\/vitalstoffversand.com\/pt-pt\/wp-json\/wp\/v2\/media\/50487"}],"wp:attachment":[{"href":"https:\/\/vitalstoffversand.com\/pt-pt\/wp-json\/wp\/v2\/media?parent=22859"}],"wp:term":[{"taxonomy":"product_brand","embeddable":true,"href":"https:\/\/vitalstoffversand.com\/pt-pt\/wp-json\/wp\/v2\/product_brand?post=22859"},{"taxonomy":"product_cat","embeddable":true,"href":"https:\/\/vitalstoffversand.com\/pt-pt\/wp-json\/wp\/v2\/product_cat?post=22859"},{"taxonomy":"product_tag","embeddable":true,"href":"https:\/\/vitalstoffversand.com\/pt-pt\/wp-json\/wp\/v2\/product_tag?post=22859"}],"curies":[{"name":"wp","href":"https:\/\/api.w.org\/{rel}","templated":true}]}}