{"id":22827,"date":"2024-11-11T15:38:27","date_gmt":"2024-11-11T14:38:27","guid":{"rendered":"https:\/\/vitalstoffversand.com\/produkt\/vit4ever-vitamina-do-complexo-b-diferentes-quantidades\/"},"modified":"2026-03-15T18:57:26","modified_gmt":"2026-03-15T17:57:26","slug":"vit4ever-vitamina-do-complexo-b-diferentes-quantidades","status":"publish","type":"product","link":"https:\/\/vitalstoffversand.com\/pt-pt\/produto\/vit4ever-vitamina-do-complexo-b-diferentes-quantidades\/","title":{"rendered":"Vit4ever <br>Complexo de vitamina B &#8211; 365 comprimidos"},"content":{"rendered":"<p>O complexo de vitamina B fornece ao organismo a dose di\u00e1ria necess\u00e1ria de todas as vitaminas do complexo B.<\/p>\n<p>Todas as vitaminas B desempenham fun\u00e7\u00f5es diferentes no organismo e atuam em estreita colabora\u00e7\u00e3o, raz\u00e3o pela qual um suplemento combinado \u00e9 altamente recomend\u00e1vel.<\/p>\n<ul>\n<li>Vegano<\/li>\n<li>Sem gl\u00faten<\/li>\n<li>Sem lactose<\/li>\n<li>Sem OGM<\/li>\n<li>Produzido de acordo com rigorosos padr\u00f5es de qualidade da UE<\/li>\n<\/ul>\n","protected":false},"excerpt":{"rendered":"<p>O complexo de vitamina B fornece ao organismo a dose di\u00e1ria necess\u00e1ria de todas as vitaminas do complexo B. Todas as vitaminas B desempenham fun\u00e7\u00f5es diferentes no organismo e atuam em estreita colabora\u00e7\u00e3o, raz\u00e3o pela qual um suplemento combinado \u00e9 altamente recomend\u00e1vel. Vegano Sem gl\u00faten Sem lactose Sem OGM Produzido de acordo com rigorosos padr\u00f5es [&hellip;]<\/p>\n","protected":false},"featured_media":61907,"template":"","meta":{"_acf_changed":false},"product_brand":[10221],"product_cat":[563,537],"product_tag":[],"class_list":{"0":"post-22827","1":"product","2":"type-product","3":"status-publish","4":"has-post-thumbnail","6":"product_brand-vit4ever-pt-pt","7":"product_cat-vitaminas-pt","8":"product_cat-produtos-de-a-z","10":"first","11":"instock","12":"taxable","13":"shipping-taxable","14":"purchasable","15":"product-type-simple"},"acf":[],"_links":{"self":[{"href":"https:\/\/vitalstoffversand.com\/pt-pt\/wp-json\/wp\/v2\/product\/22827","targetHints":{"allow":["GET"]}}],"collection":[{"href":"https:\/\/vitalstoffversand.com\/pt-pt\/wp-json\/wp\/v2\/product"}],"about":[{"href":"https:\/\/vitalstoffversand.com\/pt-pt\/wp-json\/wp\/v2\/types\/product"}],"wp:featuredmedia":[{"embeddable":true,"href":"https:\/\/vitalstoffversand.com\/pt-pt\/wp-json\/wp\/v2\/media\/61907"}],"wp:attachment":[{"href":"https:\/\/vitalstoffversand.com\/pt-pt\/wp-json\/wp\/v2\/media?parent=22827"}],"wp:term":[{"taxonomy":"product_brand","embeddable":true,"href":"https:\/\/vitalstoffversand.com\/pt-pt\/wp-json\/wp\/v2\/product_brand?post=22827"},{"taxonomy":"product_cat","embeddable":true,"href":"https:\/\/vitalstoffversand.com\/pt-pt\/wp-json\/wp\/v2\/product_cat?post=22827"},{"taxonomy":"product_tag","embeddable":true,"href":"https:\/\/vitalstoffversand.com\/pt-pt\/wp-json\/wp\/v2\/product_tag?post=22827"}],"curies":[{"name":"wp","href":"https:\/\/api.w.org\/{rel}","templated":true}]}}