{"id":22803,"date":"2024-11-09T16:30:27","date_gmt":"2024-11-09T15:30:27","guid":{"rendered":"https:\/\/vitalstoffversand.com\/produkt\/vit4ever-oxido-de-magnesio-365-capsulas\/"},"modified":"2026-03-14T14:36:49","modified_gmt":"2026-03-14T13:36:49","slug":"vit4ever-oxido-de-magnesio-365-capsulas","status":"publish","type":"product","link":"https:\/\/vitalstoffversand.com\/pt-pt\/produto\/vit4ever-oxido-de-magnesio-365-capsulas\/","title":{"rendered":"Vit4ever <br>\u00d3xido de magn\u00e9sio &#8211; 365 c\u00e1psulas"},"content":{"rendered":"<p><a href=\"https:\/\/vitalstoffversand.com\/knowledge-base\/magnesium\/\" target=\"_blank\" rel=\"noopener\"><span style=\"color: #0000ff;\"><strong>\u2192 O magn\u00e9sio<\/strong><\/span><\/a> desempenha um papel importante no nosso corpo e encontra-se em v\u00e1rios compostos.<\/p>\n<p>O \u00f3xido de magn\u00e9sio tem a mesma elevada bioequival\u00eancia e facilidade de utiliza\u00e7\u00e3o que o citrato de magn\u00e9sio, mas, de acordo com um estudo cient\u00edfico de Shechter et al. (2012), oferece um armazenamento intracelular de magn\u00e9sio significativamente melhor do que o citrato de magn\u00e9sio ap\u00f3s v\u00e1rias semanas de ingest\u00e3o. <\/p>\n<ul>\n<li>Vegano<\/li>\n<li>Sem gl\u00faten<\/li>\n<li>Sem lactose<\/li>\n<li>Sem OGM<\/li>\n<li>Produzido de acordo com rigorosos padr\u00f5es de qualidade da UE<\/li>\n<\/ul>\n","protected":false},"excerpt":{"rendered":"<p>\u2192 O magn\u00e9sio desempenha um papel importante no nosso corpo e encontra-se em v\u00e1rios compostos. O \u00f3xido de magn\u00e9sio tem a mesma elevada bioequival\u00eancia e facilidade de utiliza\u00e7\u00e3o que o citrato de magn\u00e9sio, mas, de acordo com um estudo cient\u00edfico de Shechter et al. (2012), oferece um armazenamento intracelular de magn\u00e9sio significativamente melhor do que [&hellip;]<\/p>\n","protected":false},"featured_media":50255,"template":"","meta":{"_acf_changed":false},"product_brand":[10221],"product_cat":[555,537],"product_tag":[],"class_list":{"0":"post-22803","1":"product","2":"type-product","3":"status-publish","4":"has-post-thumbnail","6":"product_brand-vit4ever-pt-pt","7":"product_cat-minerais-e-oligoelementos","8":"product_cat-produtos-de-a-z","10":"first","11":"instock","12":"taxable","13":"shipping-taxable","14":"purchasable","15":"product-type-simple"},"acf":[],"_links":{"self":[{"href":"https:\/\/vitalstoffversand.com\/pt-pt\/wp-json\/wp\/v2\/product\/22803","targetHints":{"allow":["GET"]}}],"collection":[{"href":"https:\/\/vitalstoffversand.com\/pt-pt\/wp-json\/wp\/v2\/product"}],"about":[{"href":"https:\/\/vitalstoffversand.com\/pt-pt\/wp-json\/wp\/v2\/types\/product"}],"wp:featuredmedia":[{"embeddable":true,"href":"https:\/\/vitalstoffversand.com\/pt-pt\/wp-json\/wp\/v2\/media\/50255"}],"wp:attachment":[{"href":"https:\/\/vitalstoffversand.com\/pt-pt\/wp-json\/wp\/v2\/media?parent=22803"}],"wp:term":[{"taxonomy":"product_brand","embeddable":true,"href":"https:\/\/vitalstoffversand.com\/pt-pt\/wp-json\/wp\/v2\/product_brand?post=22803"},{"taxonomy":"product_cat","embeddable":true,"href":"https:\/\/vitalstoffversand.com\/pt-pt\/wp-json\/wp\/v2\/product_cat?post=22803"},{"taxonomy":"product_tag","embeddable":true,"href":"https:\/\/vitalstoffversand.com\/pt-pt\/wp-json\/wp\/v2\/product_tag?post=22803"}],"curies":[{"name":"wp","href":"https:\/\/api.w.org\/{rel}","templated":true}]}}