{"id":22791,"date":"2024-11-08T19:02:00","date_gmt":"2024-11-08T18:02:00","guid":{"rendered":"https:\/\/vitalstoffversand.com\/produkt\/vit4ever-chromium-diferentes-versoes\/"},"modified":"2026-03-14T14:33:26","modified_gmt":"2026-03-14T13:33:26","slug":"vit4ever-chromium-diferentes-versoes","status":"publish","type":"product","link":"https:\/\/vitalstoffversand.com\/pt-pt\/produto\/vit4ever-chromium-diferentes-versoes\/","title":{"rendered":"Vit4ever <br>Cr\u00f3mio 200 \u00b5g &#8211; 365 comprimidos"},"content":{"rendered":"<p><span style=\"color: #0000ff;\"><strong><a href=\"https:\/\/vitalstoffversand.com\/knowledge-base\/chrom\/\" target=\"_blank\" rel=\"noopener\">\u2192 O cr\u00f3mio<\/a><\/strong><\/span> faz parte dos oligoelementos e \u00e9 ingerido atrav\u00e9s da alimenta\u00e7\u00e3o.<\/p>\n<p>De acordo com os dados cient\u00edficos, parece improv\u00e1vel que haja uma defici\u00eancia deste mineral; no entanto, em casos espec\u00edficos, pode ser necess\u00e1rio tomar suplementos de cr\u00f3mio, especialmente quando a ingest\u00e3o de cr\u00f3mio atrav\u00e9s da alimenta\u00e7\u00e3o \u00e9 insuficiente devido a h\u00e1bitos alimentares individuais.<\/p>\n<ul>\n<li>Vegano<\/li>\n<li>Sem gl\u00faten<\/li>\n<li>Sem lactose<\/li>\n<li>Sem OGM<\/li>\n<li>Produzido de acordo com rigorosos padr\u00f5es de qualidade da UE<\/li>\n<\/ul>\n","protected":false},"excerpt":{"rendered":"<p>\u2192 O cr\u00f3mio faz parte dos oligoelementos e \u00e9 ingerido atrav\u00e9s da alimenta\u00e7\u00e3o. De acordo com os dados cient\u00edficos, parece improv\u00e1vel que haja uma defici\u00eancia deste mineral; no entanto, em casos espec\u00edficos, pode ser necess\u00e1rio tomar suplementos de cr\u00f3mio, especialmente quando a ingest\u00e3o de cr\u00f3mio atrav\u00e9s da alimenta\u00e7\u00e3o \u00e9 insuficiente devido a h\u00e1bitos alimentares individuais. [&hellip;]<\/p>\n","protected":false},"featured_media":50215,"template":"","meta":{"_acf_changed":false},"product_brand":[10221],"product_cat":[555,537],"product_tag":[],"class_list":{"0":"post-22791","1":"product","2":"type-product","3":"status-publish","4":"has-post-thumbnail","6":"product_brand-vit4ever-pt-pt","7":"product_cat-minerais-e-oligoelementos","8":"product_cat-produtos-de-a-z","10":"first","11":"instock","12":"taxable","13":"shipping-taxable","14":"purchasable","15":"product-type-simple"},"acf":[],"_links":{"self":[{"href":"https:\/\/vitalstoffversand.com\/pt-pt\/wp-json\/wp\/v2\/product\/22791","targetHints":{"allow":["GET"]}}],"collection":[{"href":"https:\/\/vitalstoffversand.com\/pt-pt\/wp-json\/wp\/v2\/product"}],"about":[{"href":"https:\/\/vitalstoffversand.com\/pt-pt\/wp-json\/wp\/v2\/types\/product"}],"wp:featuredmedia":[{"embeddable":true,"href":"https:\/\/vitalstoffversand.com\/pt-pt\/wp-json\/wp\/v2\/media\/50215"}],"wp:attachment":[{"href":"https:\/\/vitalstoffversand.com\/pt-pt\/wp-json\/wp\/v2\/media?parent=22791"}],"wp:term":[{"taxonomy":"product_brand","embeddable":true,"href":"https:\/\/vitalstoffversand.com\/pt-pt\/wp-json\/wp\/v2\/product_brand?post=22791"},{"taxonomy":"product_cat","embeddable":true,"href":"https:\/\/vitalstoffversand.com\/pt-pt\/wp-json\/wp\/v2\/product_cat?post=22791"},{"taxonomy":"product_tag","embeddable":true,"href":"https:\/\/vitalstoffversand.com\/pt-pt\/wp-json\/wp\/v2\/product_tag?post=22791"}],"curies":[{"name":"wp","href":"https:\/\/api.w.org\/{rel}","templated":true}]}}