{"id":22599,"date":"2024-11-08T16:05:35","date_gmt":"2024-11-08T15:05:35","guid":{"rendered":"https:\/\/vitalstoffversand.com\/produkt\/vit4ever-oleo-de-onagra-varias-quantidades\/"},"modified":"2026-03-14T14:04:09","modified_gmt":"2026-03-14T13:04:09","slug":"vit4ever-oleo-de-onagra-varias-quantidades","status":"publish","type":"product","link":"https:\/\/vitalstoffversand.com\/pt-pt\/produto\/vit4ever-oleo-de-onagra-varias-quantidades\/","title":{"rendered":"Vit4ever <br>\u00d3leo de prunela &#8211; 365 c\u00e1psulas"},"content":{"rendered":"<p>As c\u00e1psulas de \u00f3leo de onagra cont\u00eam 10 % de \u00e1cido gama-linol\u00e9nico (GLA), bem como o \u00e1cido linol\u00e9nico, um \u00e1cido gordo \u00f3mega 6, outros \u00e1cidos gordos insaturados e v\u00e1rios amino\u00e1cidos, minerais e vitamina E.<\/p>\n<p>O \u00f3leo de onagra pode ter um efeito positivo na pele e \u00e9 frequentemente utilizado na medicina popular para doen\u00e7as de pele e pele seca.<\/p>\n<ul>\n<li>Sem gl\u00faten<\/li>\n<li>Sem lactose<\/li>\n<li>Sem OGM<\/li>\n<li>Produzido de acordo com rigorosos padr\u00f5es de qualidade da UE<\/li>\n<\/ul>\n","protected":false},"excerpt":{"rendered":"<p>As c\u00e1psulas de \u00f3leo de onagra cont\u00eam 10 % de \u00e1cido gama-linol\u00e9nico (GLA), bem como o \u00e1cido linol\u00e9nico, um \u00e1cido gordo \u00f3mega 6, outros \u00e1cidos gordos insaturados e v\u00e1rios amino\u00e1cidos, minerais e vitamina E. O \u00f3leo de onagra pode ter um efeito positivo na pele e \u00e9 frequentemente utilizado na medicina popular para doen\u00e7as de [&hellip;]<\/p>\n","protected":false},"featured_media":61452,"template":"","meta":{"_acf_changed":false},"product_brand":[10221],"product_cat":[554,537],"product_tag":[],"class_list":{"0":"post-22599","1":"product","2":"type-product","3":"status-publish","4":"has-post-thumbnail","6":"product_brand-vit4ever-pt-pt","7":"product_cat-acidos-gordos","8":"product_cat-produtos-de-a-z","10":"first","11":"instock","12":"taxable","13":"shipping-taxable","14":"purchasable","15":"product-type-simple"},"acf":[],"_links":{"self":[{"href":"https:\/\/vitalstoffversand.com\/pt-pt\/wp-json\/wp\/v2\/product\/22599","targetHints":{"allow":["GET"]}}],"collection":[{"href":"https:\/\/vitalstoffversand.com\/pt-pt\/wp-json\/wp\/v2\/product"}],"about":[{"href":"https:\/\/vitalstoffversand.com\/pt-pt\/wp-json\/wp\/v2\/types\/product"}],"wp:featuredmedia":[{"embeddable":true,"href":"https:\/\/vitalstoffversand.com\/pt-pt\/wp-json\/wp\/v2\/media\/61452"}],"wp:attachment":[{"href":"https:\/\/vitalstoffversand.com\/pt-pt\/wp-json\/wp\/v2\/media?parent=22599"}],"wp:term":[{"taxonomy":"product_brand","embeddable":true,"href":"https:\/\/vitalstoffversand.com\/pt-pt\/wp-json\/wp\/v2\/product_brand?post=22599"},{"taxonomy":"product_cat","embeddable":true,"href":"https:\/\/vitalstoffversand.com\/pt-pt\/wp-json\/wp\/v2\/product_cat?post=22599"},{"taxonomy":"product_tag","embeddable":true,"href":"https:\/\/vitalstoffversand.com\/pt-pt\/wp-json\/wp\/v2\/product_tag?post=22599"}],"curies":[{"name":"wp","href":"https:\/\/api.w.org\/{rel}","templated":true}]}}