{"id":22561,"date":"2024-11-08T14:00:49","date_gmt":"2024-11-08T13:00:49","guid":{"rendered":"https:\/\/vitalstoffversand.com\/produkt\/vit4ever-omega-3-420-capsulas\/"},"modified":"2026-03-12T17:02:09","modified_gmt":"2026-03-12T16:02:09","slug":"vit4ever-omega-3-420-capsulas","status":"publish","type":"product","link":"https:\/\/vitalstoffversand.com\/pt-pt\/produto\/vit4ever-omega-3-420-capsulas\/","title":{"rendered":"Vit4ever <br>Omega 3 &#8211; 420 C\u00e1psulas"},"content":{"rendered":"<p>Os \u00e1cidos gordos polinsaturados s\u00e3o essenciais para o nosso organismo.<\/p>\n<p>Como n\u00e3o podemos produzir n\u00f3s pr\u00f3prios o \u00f3mega 3, que nos fornece EPA (\u00e1cido eicosapentaen\u00f3ico) e DHA (\u00e1cido docosahaexen\u00f3ico), temos de o ingerir atrav\u00e9s da alimenta\u00e7\u00e3o mar\u00edtima ou como suplemento eficaz, sob a forma de c\u00e1psulas de \u00f3leo de peixe, por exemplo.<\/p>\n<p>Mais liga\u00e7\u00f5es para <a href=\"https:\/\/vitalstoffversand.com\/knowledge-base\/docosahexaensaeure-dha\/\" target=\"_blank\" rel=\"noopener\"><strong><span style=\"color: #0000ff;\">\u2192 DHA<\/span><\/strong><\/a>, <a href=\"https:\/\/vitalstoffversand.com\/knowledge-base\/docosahexaensaeure-und-eicosapentaensaeure-dha-epa\/\" target=\"_blank\" rel=\"noopener\"><strong><span style=\"color: #0000ff;\">\u2192 DHA e EPA<\/span><\/strong><\/a> e <a href=\"https:\/\/vitalstoffversand.com\/knowledge-base\/eicosapentaensaeure-und-docosahexaensaeure-epa-dha\/\" target=\"_blank\" rel=\"noopener\"><span style=\"color: #0000ff;\"><strong>\u2192 EPA e DHA<\/strong><\/span><\/a><\/p>\n<ul>\n<li>Sem gl\u00faten<\/li>\n<li>Sem lactose<\/li>\n<li>Sem OGM<\/li>\n<li>Produzido de acordo com rigorosos padr\u00f5es de qualidade da UE<\/li>\n<\/ul>\n","protected":false},"excerpt":{"rendered":"<p>Os \u00e1cidos gordos polinsaturados s\u00e3o essenciais para o nosso organismo. Como n\u00e3o podemos produzir n\u00f3s pr\u00f3prios o \u00f3mega 3, que nos fornece EPA (\u00e1cido eicosapentaen\u00f3ico) e DHA (\u00e1cido docosahaexen\u00f3ico), temos de o ingerir atrav\u00e9s da alimenta\u00e7\u00e3o mar\u00edtima ou como suplemento eficaz, sob a forma de c\u00e1psulas de \u00f3leo de peixe, por exemplo. Mais liga\u00e7\u00f5es para [&hellip;]<\/p>\n","protected":false},"featured_media":50055,"template":"","meta":{"_acf_changed":false},"product_brand":[10221],"product_cat":[554,537],"product_tag":[],"class_list":{"0":"post-22561","1":"product","2":"type-product","3":"status-publish","4":"has-post-thumbnail","6":"product_brand-vit4ever-pt-pt","7":"product_cat-acidos-gordos","8":"product_cat-produtos-de-a-z","10":"first","11":"instock","12":"taxable","13":"shipping-taxable","14":"purchasable","15":"product-type-simple"},"acf":[],"_links":{"self":[{"href":"https:\/\/vitalstoffversand.com\/pt-pt\/wp-json\/wp\/v2\/product\/22561","targetHints":{"allow":["GET"]}}],"collection":[{"href":"https:\/\/vitalstoffversand.com\/pt-pt\/wp-json\/wp\/v2\/product"}],"about":[{"href":"https:\/\/vitalstoffversand.com\/pt-pt\/wp-json\/wp\/v2\/types\/product"}],"wp:featuredmedia":[{"embeddable":true,"href":"https:\/\/vitalstoffversand.com\/pt-pt\/wp-json\/wp\/v2\/media\/50055"}],"wp:attachment":[{"href":"https:\/\/vitalstoffversand.com\/pt-pt\/wp-json\/wp\/v2\/media?parent=22561"}],"wp:term":[{"taxonomy":"product_brand","embeddable":true,"href":"https:\/\/vitalstoffversand.com\/pt-pt\/wp-json\/wp\/v2\/product_brand?post=22561"},{"taxonomy":"product_cat","embeddable":true,"href":"https:\/\/vitalstoffversand.com\/pt-pt\/wp-json\/wp\/v2\/product_cat?post=22561"},{"taxonomy":"product_tag","embeddable":true,"href":"https:\/\/vitalstoffversand.com\/pt-pt\/wp-json\/wp\/v2\/product_tag?post=22561"}],"curies":[{"name":"wp","href":"https:\/\/api.w.org\/{rel}","templated":true}]}}