{"id":22554,"date":"2024-11-08T12:46:33","date_gmt":"2024-11-08T11:46:33","guid":{"rendered":"https:\/\/vitalstoffversand.com\/produkt\/vit4ever-joint-flexit-180-capsulas\/"},"modified":"2026-03-12T16:59:31","modified_gmt":"2026-03-12T15:59:31","slug":"vit4ever-joint-flexit-180-capsulas","status":"publish","type":"product","link":"https:\/\/vitalstoffversand.com\/pt-pt\/produto\/vit4ever-joint-flexit-180-capsulas\/","title":{"rendered":"Vit4ever <br>Joint Flexit &#8211; 180 c\u00e1psulas"},"content":{"rendered":"<p>Com a sua f\u00f3rmula altamente eficaz de 9 ingredientes, Gelenk Flexit fornece apoio durante o desporto ou na vida quotidiana.<\/p>\n<p>As c\u00e1psulas cont\u00eam uma combina\u00e7\u00e3o de ingredientes activos de glucosamina, extrato de incenso, condroitina, extrato de curcuma, quercetina, MSM, L-metionina, bromela\u00edna e vitamina C natural.<\/p>\n<ul>\n<li>Sem gl\u00faten<\/li>\n<li>Sem lactose<\/li>\n<li>Sem OGM<\/li>\n<li>Produzido de acordo com rigorosos padr\u00f5es de qualidade da UE<\/li>\n<\/ul>\n","protected":false},"excerpt":{"rendered":"<p>Com a sua f\u00f3rmula altamente eficaz de 9 ingredientes, Gelenk Flexit fornece apoio durante o desporto ou na vida quotidiana. As c\u00e1psulas cont\u00eam uma combina\u00e7\u00e3o de ingredientes activos de glucosamina, extrato de incenso, condroitina, extrato de curcuma, quercetina, MSM, L-metionina, bromela\u00edna e vitamina C natural. Sem gl\u00faten Sem lactose Sem OGM Produzido de acordo com [&hellip;]<\/p>\n","protected":false},"featured_media":50007,"template":"","meta":{"_acf_changed":false},"product_brand":[10221],"product_cat":[559,537],"product_tag":[],"class_list":{"0":"post-22554","1":"product","2":"type-product","3":"status-publish","4":"has-post-thumbnail","6":"product_brand-vit4ever-pt-pt","7":"product_cat-nutrientes","8":"product_cat-produtos-de-a-z","10":"first","11":"outofstock","12":"taxable","13":"shipping-taxable","14":"purchasable","15":"product-type-simple"},"acf":[],"_links":{"self":[{"href":"https:\/\/vitalstoffversand.com\/pt-pt\/wp-json\/wp\/v2\/product\/22554","targetHints":{"allow":["GET"]}}],"collection":[{"href":"https:\/\/vitalstoffversand.com\/pt-pt\/wp-json\/wp\/v2\/product"}],"about":[{"href":"https:\/\/vitalstoffversand.com\/pt-pt\/wp-json\/wp\/v2\/types\/product"}],"wp:featuredmedia":[{"embeddable":true,"href":"https:\/\/vitalstoffversand.com\/pt-pt\/wp-json\/wp\/v2\/media\/50007"}],"wp:attachment":[{"href":"https:\/\/vitalstoffversand.com\/pt-pt\/wp-json\/wp\/v2\/media?parent=22554"}],"wp:term":[{"taxonomy":"product_brand","embeddable":true,"href":"https:\/\/vitalstoffversand.com\/pt-pt\/wp-json\/wp\/v2\/product_brand?post=22554"},{"taxonomy":"product_cat","embeddable":true,"href":"https:\/\/vitalstoffversand.com\/pt-pt\/wp-json\/wp\/v2\/product_cat?post=22554"},{"taxonomy":"product_tag","embeddable":true,"href":"https:\/\/vitalstoffversand.com\/pt-pt\/wp-json\/wp\/v2\/product_tag?post=22554"}],"curies":[{"name":"wp","href":"https:\/\/api.w.org\/{rel}","templated":true}]}}