{"id":22518,"date":"2024-11-07T15:46:23","date_gmt":"2024-11-07T14:46:23","guid":{"rendered":"https:\/\/vitalstoffversand.com\/produkt\/vit4ever-complexo-de-zinco-400-comprimidos\/"},"modified":"2026-03-12T16:45:27","modified_gmt":"2026-03-12T15:45:27","slug":"vit4ever-complexo-de-zinco-400-comprimidos","status":"publish","type":"product","link":"https:\/\/vitalstoffversand.com\/pt-pt\/produto\/vit4ever-complexo-de-zinco-400-comprimidos\/","title":{"rendered":"Vit4ever <br>Complexo de zinco 25 mg &#8211; 400 comprimidos"},"content":{"rendered":"<p><a href=\"https:\/\/vitalstoffversand.com\/knowledge-base\/zink\/\" target=\"_blank\" rel=\"noopener\"><span style=\"color: #0000ff;\"><strong>\u2192 O zinco<\/strong><\/span><\/a> \u00e9 um oligoelemento vital para o nosso organismo.<\/p>\n<p>Est\u00e1 envolvido em numerosas reac\u00e7\u00f5es metab\u00f3licas e \u00e9 um componente de mais de 50 enzimas no nosso corpo.<\/p>\n<p>O zinco refor\u00e7a o sistema imunit\u00e1rio, apoia a s\u00edntese de prote\u00ednas e pode aumentar a produ\u00e7\u00e3o de esperma nos homens.<\/p>\n<p>A L-histidina, tamb\u00e9m presente, \u00e9 um amino\u00e1cido semi-essencial e est\u00e1 igualmente envolvida em numerosas reac\u00e7\u00f5es metab\u00f3licas e na forma\u00e7\u00e3o das prote\u00ednas.<\/p>\n<ul>\n<li>Vegano<\/li>\n<li>Sem gl\u00faten<\/li>\n<li>Sem lactose<\/li>\n<li>Sem OGM<\/li>\n<li>Produzido de acordo com rigorosos padr\u00f5es de qualidade da UE<\/li>\n<\/ul>\n","protected":false},"excerpt":{"rendered":"<p>\u2192 O zinco \u00e9 um oligoelemento vital para o nosso organismo. Est\u00e1 envolvido em numerosas reac\u00e7\u00f5es metab\u00f3licas e \u00e9 um componente de mais de 50 enzimas no nosso corpo. O zinco refor\u00e7a o sistema imunit\u00e1rio, apoia a s\u00edntese de prote\u00ednas e pode aumentar a produ\u00e7\u00e3o de esperma nos homens. A L-histidina, tamb\u00e9m presente, \u00e9 um [&hellip;]<\/p>\n","protected":false},"featured_media":49879,"template":"","meta":{"_acf_changed":false},"product_brand":[10221],"product_cat":[555,537],"product_tag":[],"class_list":{"0":"post-22518","1":"product","2":"type-product","3":"status-publish","4":"has-post-thumbnail","6":"product_brand-vit4ever-pt-pt","7":"product_cat-minerais-e-oligoelementos","8":"product_cat-produtos-de-a-z","10":"first","11":"instock","12":"taxable","13":"shipping-taxable","14":"purchasable","15":"product-type-simple"},"acf":[],"_links":{"self":[{"href":"https:\/\/vitalstoffversand.com\/pt-pt\/wp-json\/wp\/v2\/product\/22518","targetHints":{"allow":["GET"]}}],"collection":[{"href":"https:\/\/vitalstoffversand.com\/pt-pt\/wp-json\/wp\/v2\/product"}],"about":[{"href":"https:\/\/vitalstoffversand.com\/pt-pt\/wp-json\/wp\/v2\/types\/product"}],"wp:featuredmedia":[{"embeddable":true,"href":"https:\/\/vitalstoffversand.com\/pt-pt\/wp-json\/wp\/v2\/media\/49879"}],"wp:attachment":[{"href":"https:\/\/vitalstoffversand.com\/pt-pt\/wp-json\/wp\/v2\/media?parent=22518"}],"wp:term":[{"taxonomy":"product_brand","embeddable":true,"href":"https:\/\/vitalstoffversand.com\/pt-pt\/wp-json\/wp\/v2\/product_brand?post=22518"},{"taxonomy":"product_cat","embeddable":true,"href":"https:\/\/vitalstoffversand.com\/pt-pt\/wp-json\/wp\/v2\/product_cat?post=22518"},{"taxonomy":"product_tag","embeddable":true,"href":"https:\/\/vitalstoffversand.com\/pt-pt\/wp-json\/wp\/v2\/product_tag?post=22518"}],"curies":[{"name":"wp","href":"https:\/\/api.w.org\/{rel}","templated":true}]}}