{"id":22511,"date":"2024-11-07T11:45:07","date_gmt":"2024-11-07T10:45:07","guid":{"rendered":"https:\/\/vitalstoffversand.com\/produkt\/vit4ever-extrato-de-folha-de-oliveira-180-capsulas\/"},"modified":"2026-03-12T16:43:25","modified_gmt":"2026-03-12T15:43:25","slug":"vit4ever-extrato-de-folha-de-oliveira-180-capsulas","status":"publish","type":"product","link":"https:\/\/vitalstoffversand.com\/pt-pt\/produto\/vit4ever-extrato-de-folha-de-oliveira-180-capsulas\/","title":{"rendered":"Vit4ever <br>Extrato de folha de oliveira &#8211; 180 c\u00e1psulas"},"content":{"rendered":"<p>Embora quase toda a gente conhe\u00e7a o fruto da oliveira, o poder das folhas \u00e9 ainda muito desconhecido.<\/p>\n<p>As folhas da oliveira cont\u00eam oleurope\u00edna, um antioxidante.<br \/>\nOs antioxidantes ajudam a proteger o nosso corpo e as c\u00e9lulas dos radicais oxidativos livres.<\/p>\n<ul>\n<li>Vegano<\/li>\n<li>Sem gl\u00faten<\/li>\n<li>Sem lactose<\/li>\n<li>Sem OGM<\/li>\n<li>Produzido de acordo com rigorosos padr\u00f5es de qualidade da UE<\/li>\n<\/ul>\n","protected":false},"excerpt":{"rendered":"<p>Embora quase toda a gente conhe\u00e7a o fruto da oliveira, o poder das folhas \u00e9 ainda muito desconhecido. As folhas da oliveira cont\u00eam oleurope\u00edna, um antioxidante. Os antioxidantes ajudam a proteger o nosso corpo e as c\u00e9lulas dos radicais oxidativos livres. Vegano Sem gl\u00faten Sem lactose Sem OGM Produzido de acordo com rigorosos padr\u00f5es de [&hellip;]<\/p>\n","protected":false},"featured_media":61098,"template":"","meta":{"_acf_changed":false},"product_brand":[10221],"product_cat":[559,537],"product_tag":[],"class_list":{"0":"post-22511","1":"product","2":"type-product","3":"status-publish","4":"has-post-thumbnail","6":"product_brand-vit4ever-pt-pt","7":"product_cat-nutrientes","8":"product_cat-produtos-de-a-z","10":"first","11":"instock","12":"taxable","13":"shipping-taxable","14":"purchasable","15":"product-type-simple"},"acf":[],"_links":{"self":[{"href":"https:\/\/vitalstoffversand.com\/pt-pt\/wp-json\/wp\/v2\/product\/22511","targetHints":{"allow":["GET"]}}],"collection":[{"href":"https:\/\/vitalstoffversand.com\/pt-pt\/wp-json\/wp\/v2\/product"}],"about":[{"href":"https:\/\/vitalstoffversand.com\/pt-pt\/wp-json\/wp\/v2\/types\/product"}],"wp:featuredmedia":[{"embeddable":true,"href":"https:\/\/vitalstoffversand.com\/pt-pt\/wp-json\/wp\/v2\/media\/61098"}],"wp:attachment":[{"href":"https:\/\/vitalstoffversand.com\/pt-pt\/wp-json\/wp\/v2\/media?parent=22511"}],"wp:term":[{"taxonomy":"product_brand","embeddable":true,"href":"https:\/\/vitalstoffversand.com\/pt-pt\/wp-json\/wp\/v2\/product_brand?post=22511"},{"taxonomy":"product_cat","embeddable":true,"href":"https:\/\/vitalstoffversand.com\/pt-pt\/wp-json\/wp\/v2\/product_cat?post=22511"},{"taxonomy":"product_tag","embeddable":true,"href":"https:\/\/vitalstoffversand.com\/pt-pt\/wp-json\/wp\/v2\/product_tag?post=22511"}],"curies":[{"name":"wp","href":"https:\/\/api.w.org\/{rel}","templated":true}]}}