{"id":22504,"date":"2024-11-05T17:22:59","date_gmt":"2024-11-05T16:22:59","guid":{"rendered":"https:\/\/vitalstoffversand.com\/produkt\/vit4ever-vitamina-d3-20000-u-i-240-comprimidos\/"},"modified":"2026-03-12T16:40:10","modified_gmt":"2026-03-12T15:40:10","slug":"vit4ever-vitamina-d3-20000-u-i-240-comprimidos","status":"publish","type":"product","link":"https:\/\/vitalstoffversand.com\/pt-pt\/produto\/vit4ever-vitamina-d3-20000-u-i-240-comprimidos\/","title":{"rendered":"Vit4ever <br>Vitamina D3 20000 U.I. &#8211; 240 comprimidos"},"content":{"rendered":"<p><a href=\"https:\/\/vitalstoffversand.com\/knowledge-base\/vitamin-d\/\" target=\"_blank\" rel=\"noopener\"><span style=\"color: #0000ff;\"><strong>\u2192 A vitamina D<\/strong><\/span><\/a> est\u00e1 envolvida em numerosos processos metab\u00f3licos importantes no nosso corpo e \u00e9 produzida pelo pr\u00f3prio corpo atrav\u00e9s da luz solar direta sobre a pele, para al\u00e9m de uma pequena quantidade que ingerimos atrav\u00e9s dos alimentos.<\/p>\n<p>A car\u00eancia de vitamina D pode, portanto, ocorrer sobretudo durante as esta\u00e7\u00f5es \u201cmais escuras\u201d.<\/p>\n<ul>\n<li>Vegetariano<\/li>\n<li>Sem gl\u00faten<\/li>\n<li>Sem lactose<\/li>\n<li>Sem OGM<\/li>\n<li>Produzido de acordo com rigorosos padr\u00f5es de qualidade da UE<\/li>\n<\/ul>\n","protected":false},"excerpt":{"rendered":"<p>\u2192 A vitamina D est\u00e1 envolvida em numerosos processos metab\u00f3licos importantes no nosso corpo e \u00e9 produzida pelo pr\u00f3prio corpo atrav\u00e9s da luz solar direta sobre a pele, para al\u00e9m de uma pequena quantidade que ingerimos atrav\u00e9s dos alimentos. A car\u00eancia de vitamina D pode, portanto, ocorrer sobretudo durante as esta\u00e7\u00f5es \u201cmais escuras\u201d. Vegetariano Sem [&hellip;]<\/p>\n","protected":false},"featured_media":61371,"template":"","meta":{"_acf_changed":false},"product_brand":[10221],"product_cat":[563,537],"product_tag":[],"class_list":{"0":"post-22504","1":"product","2":"type-product","3":"status-publish","4":"has-post-thumbnail","6":"product_brand-vit4ever-pt-pt","7":"product_cat-vitaminas-pt","8":"product_cat-produtos-de-a-z","10":"first","11":"instock","12":"taxable","13":"shipping-taxable","14":"purchasable","15":"product-type-simple"},"acf":[],"_links":{"self":[{"href":"https:\/\/vitalstoffversand.com\/pt-pt\/wp-json\/wp\/v2\/product\/22504","targetHints":{"allow":["GET"]}}],"collection":[{"href":"https:\/\/vitalstoffversand.com\/pt-pt\/wp-json\/wp\/v2\/product"}],"about":[{"href":"https:\/\/vitalstoffversand.com\/pt-pt\/wp-json\/wp\/v2\/types\/product"}],"wp:featuredmedia":[{"embeddable":true,"href":"https:\/\/vitalstoffversand.com\/pt-pt\/wp-json\/wp\/v2\/media\/61371"}],"wp:attachment":[{"href":"https:\/\/vitalstoffversand.com\/pt-pt\/wp-json\/wp\/v2\/media?parent=22504"}],"wp:term":[{"taxonomy":"product_brand","embeddable":true,"href":"https:\/\/vitalstoffversand.com\/pt-pt\/wp-json\/wp\/v2\/product_brand?post=22504"},{"taxonomy":"product_cat","embeddable":true,"href":"https:\/\/vitalstoffversand.com\/pt-pt\/wp-json\/wp\/v2\/product_cat?post=22504"},{"taxonomy":"product_tag","embeddable":true,"href":"https:\/\/vitalstoffversand.com\/pt-pt\/wp-json\/wp\/v2\/product_tag?post=22504"}],"curies":[{"name":"wp","href":"https:\/\/api.w.org\/{rel}","templated":true}]}}