{"id":22465,"date":"2024-11-01T15:00:10","date_gmt":"2024-11-01T14:00:10","guid":{"rendered":"https:\/\/vitalstoffversand.com\/produkt\/vit4ever-msm-vitamina-c-1000-mg-365-comprimidos\/"},"modified":"2026-03-12T15:38:12","modified_gmt":"2026-03-12T14:38:12","slug":"vit4ever-msm-vitamina-c-1000-mg-365-comprimidos","status":"publish","type":"product","link":"https:\/\/vitalstoffversand.com\/pt-pt\/produto\/vit4ever-msm-vitamina-c-1000-mg-365-comprimidos\/","title":{"rendered":"Vit4ever <br>MSM + Vitamina C 1000 mg &#8211; 365 comprimidos"},"content":{"rendered":"<p>Embora os seres humanos ingiram o enxofre org\u00e2nico MSM diariamente atrav\u00e9s dos alimentos, a suplementa\u00e7\u00e3o adicional pode fazer sentido em muitos casos.<\/p>\n<p>Cada comprimido de MSM Plus cont\u00e9m 1000 mg de metilsulfonilmetano (MSM) em p\u00f3, 99,9% puro e testado em laborat\u00f3rio, com um fator MESH ideal de 60-80 e 28 mg de acerola em p\u00f3 com 7 mg de vitamina C.<\/p>\n<ul>\n<li>Vegano<\/li>\n<li>Sem gl\u00faten<\/li>\n<li>Sem lactose<\/li>\n<li>Sem OGM<\/li>\n<li>Produzido de acordo com rigorosos padr\u00f5es de qualidade da UE<\/li>\n<\/ul>\n","protected":false},"excerpt":{"rendered":"<p>Embora os seres humanos ingiram o enxofre org\u00e2nico MSM diariamente atrav\u00e9s dos alimentos, a suplementa\u00e7\u00e3o adicional pode fazer sentido em muitos casos. Cada comprimido de MSM Plus cont\u00e9m 1000 mg de metilsulfonilmetano (MSM) em p\u00f3, 99,9% puro e testado em laborat\u00f3rio, com um fator MESH ideal de 60-80 e 28 mg de acerola em p\u00f3 [&hellip;]<\/p>\n","protected":false},"featured_media":61291,"template":"","meta":{"_acf_changed":false},"product_brand":[10221],"product_cat":[559,537],"product_tag":[],"class_list":{"0":"post-22465","1":"product","2":"type-product","3":"status-publish","4":"has-post-thumbnail","6":"product_brand-vit4ever-pt-pt","7":"product_cat-nutrientes","8":"product_cat-produtos-de-a-z","10":"first","11":"instock","12":"taxable","13":"shipping-taxable","14":"purchasable","15":"product-type-simple"},"acf":[],"_links":{"self":[{"href":"https:\/\/vitalstoffversand.com\/pt-pt\/wp-json\/wp\/v2\/product\/22465","targetHints":{"allow":["GET"]}}],"collection":[{"href":"https:\/\/vitalstoffversand.com\/pt-pt\/wp-json\/wp\/v2\/product"}],"about":[{"href":"https:\/\/vitalstoffversand.com\/pt-pt\/wp-json\/wp\/v2\/types\/product"}],"wp:featuredmedia":[{"embeddable":true,"href":"https:\/\/vitalstoffversand.com\/pt-pt\/wp-json\/wp\/v2\/media\/61291"}],"wp:attachment":[{"href":"https:\/\/vitalstoffversand.com\/pt-pt\/wp-json\/wp\/v2\/media?parent=22465"}],"wp:term":[{"taxonomy":"product_brand","embeddable":true,"href":"https:\/\/vitalstoffversand.com\/pt-pt\/wp-json\/wp\/v2\/product_brand?post=22465"},{"taxonomy":"product_cat","embeddable":true,"href":"https:\/\/vitalstoffversand.com\/pt-pt\/wp-json\/wp\/v2\/product_cat?post=22465"},{"taxonomy":"product_tag","embeddable":true,"href":"https:\/\/vitalstoffversand.com\/pt-pt\/wp-json\/wp\/v2\/product_tag?post=22465"}],"curies":[{"name":"wp","href":"https:\/\/api.w.org\/{rel}","templated":true}]}}