{"id":22451,"date":"2024-10-30T17:48:27","date_gmt":"2024-10-30T16:48:27","guid":{"rendered":"https:\/\/vitalstoffversand.com\/produkt\/vit4ever-l-tryptophan-365-capsulas\/"},"modified":"2026-03-12T15:31:00","modified_gmt":"2026-03-12T14:31:00","slug":"vit4ever-l-tryptophan-365-capsulas","status":"publish","type":"product","link":"https:\/\/vitalstoffversand.com\/pt-pt\/produto\/vit4ever-l-tryptophan-365-capsulas\/","title":{"rendered":"Vit4ever <br>L-Tryptophan &#8211; 365 c\u00e1psulas"},"content":{"rendered":"<p>O L-triptofano \u00e9 um amino\u00e1cido essencial e n\u00e3o pode ser produzido pelo pr\u00f3prio organismo.<\/p>\n<p>\u00c9 o precursor da \u201chormona da felicidade\u201d, a serotonina, e \u00e9 tamb\u00e9m essencial para a produ\u00e7\u00e3o da hormona melatonina, que controla o ciclo sono-vig\u00edlia do organismo.<\/p>\n<ul>\n<li>Vegano<\/li>\n<li>Sem gl\u00faten<\/li>\n<li>Sem lactose<\/li>\n<li>Sem OGM<\/li>\n<li>Produzido de acordo com rigorosos padr\u00f5es de qualidade da UE<\/li>\n<\/ul>\n","protected":false},"excerpt":{"rendered":"<p>O L-triptofano \u00e9 um amino\u00e1cido essencial e n\u00e3o pode ser produzido pelo pr\u00f3prio organismo. \u00c9 o precursor da \u201chormona da felicidade\u201d, a serotonina, e \u00e9 tamb\u00e9m essencial para a produ\u00e7\u00e3o da hormona melatonina, que controla o ciclo sono-vig\u00edlia do organismo. Vegano Sem gl\u00faten Sem lactose Sem OGM Produzido de acordo com rigorosos padr\u00f5es de qualidade [&hellip;]<\/p>\n","protected":false},"featured_media":63230,"template":"","meta":{"_acf_changed":false},"product_brand":[10221],"product_cat":[551,537],"product_tag":[],"class_list":{"0":"post-22451","1":"product","2":"type-product","3":"status-publish","4":"has-post-thumbnail","6":"product_brand-vit4ever-pt-pt","7":"product_cat-aminoacidos-pt","8":"product_cat-produtos-de-a-z","10":"first","11":"instock","12":"taxable","13":"shipping-taxable","14":"purchasable","15":"product-type-simple"},"acf":[],"_links":{"self":[{"href":"https:\/\/vitalstoffversand.com\/pt-pt\/wp-json\/wp\/v2\/product\/22451","targetHints":{"allow":["GET"]}}],"collection":[{"href":"https:\/\/vitalstoffversand.com\/pt-pt\/wp-json\/wp\/v2\/product"}],"about":[{"href":"https:\/\/vitalstoffversand.com\/pt-pt\/wp-json\/wp\/v2\/types\/product"}],"wp:featuredmedia":[{"embeddable":true,"href":"https:\/\/vitalstoffversand.com\/pt-pt\/wp-json\/wp\/v2\/media\/63230"}],"wp:attachment":[{"href":"https:\/\/vitalstoffversand.com\/pt-pt\/wp-json\/wp\/v2\/media?parent=22451"}],"wp:term":[{"taxonomy":"product_brand","embeddable":true,"href":"https:\/\/vitalstoffversand.com\/pt-pt\/wp-json\/wp\/v2\/product_brand?post=22451"},{"taxonomy":"product_cat","embeddable":true,"href":"https:\/\/vitalstoffversand.com\/pt-pt\/wp-json\/wp\/v2\/product_cat?post=22451"},{"taxonomy":"product_tag","embeddable":true,"href":"https:\/\/vitalstoffversand.com\/pt-pt\/wp-json\/wp\/v2\/product_tag?post=22451"}],"curies":[{"name":"wp","href":"https:\/\/api.w.org\/{rel}","templated":true}]}}