{"id":22376,"date":"2025-01-02T17:44:43","date_gmt":"2025-01-02T16:44:43","guid":{"rendered":"https:\/\/vitalstoffversand.com\/produkt\/gen-controlo-do-apetite-270-capsulas\/"},"modified":"2026-03-12T12:43:11","modified_gmt":"2026-03-12T11:43:11","slug":"gen-controlo-do-apetite-270-capsulas","status":"publish","type":"product","link":"https:\/\/vitalstoffversand.com\/pt-pt\/produto\/gen-controlo-do-apetite-270-capsulas\/","title":{"rendered":"GEN <br>Controlo do Apetite &#8211; 270 c\u00e1psulas"},"content":{"rendered":"<p>GEN Appetite Control \u00e9 um inibidor de apetite que ajuda a controlar o apetite atrav\u00e9s de uma combina\u00e7\u00e3o de 4 extractos de plantas de alta qualidade com o oligoelemento cr\u00f3mio.<\/p>\n<p>Esta mistura actua em sinergia e pode contribuir para a perda de peso e para a manuten\u00e7\u00e3o de n\u00edveis normais de colesterol, nomeadamente gra\u00e7as ao ingrediente <a href=\"https:\/\/vitalstoffversand.com\/knowledge-base\/glucomannan-konjak-mannan\/\" target=\"_blank\" rel=\"noopener\"><strong><span style=\"color: #0000ff;\">\u2192 glucomanano<\/span><\/strong><\/a>.<\/p>\n<p>O extrato de ch\u00e1 verde, o extrato de canela do Ceil\u00e3o, o extrato de casca de salgueiro-prateado e o <a href=\"https:\/\/vitalstoffversand.com\/knowledge-base\/chrom\/\" target=\"_blank\" rel=\"noopener\"><strong><span style=\"color: #0000ff;\">\u2192 cr\u00f3mio<\/span><\/strong><\/a> complementam ou alargam de forma significativa o leque de efeitos.<\/p>\n<ul>\n<li>Vegano<\/li>\n<li>Sem gl\u00faten<\/li>\n<li>Sem lactose<\/li>\n<li>Sem OGM<\/li>\n<li>Produzido de acordo com rigorosos padr\u00f5es de qualidade da UE<\/li>\n<\/ul>\n","protected":false},"excerpt":{"rendered":"<p>GEN Appetite Control \u00e9 um inibidor de apetite que ajuda a controlar o apetite atrav\u00e9s de uma combina\u00e7\u00e3o de 4 extractos de plantas de alta qualidade com o oligoelemento cr\u00f3mio. Esta mistura actua em sinergia e pode contribuir para a perda de peso e para a manuten\u00e7\u00e3o de n\u00edveis normais de colesterol, nomeadamente gra\u00e7as ao [&hellip;]<\/p>\n","protected":false},"featured_media":47455,"template":"","meta":{"_acf_changed":false},"product_brand":[10200],"product_cat":[559,537],"product_tag":[],"class_list":{"0":"post-22376","1":"product","2":"type-product","3":"status-publish","4":"has-post-thumbnail","6":"product_brand-gen-german-elite-nutrition-pt-pt","7":"product_cat-nutrientes","8":"product_cat-produtos-de-a-z","10":"first","11":"outofstock","12":"taxable","13":"shipping-taxable","14":"purchasable","15":"product-type-simple"},"acf":[],"_links":{"self":[{"href":"https:\/\/vitalstoffversand.com\/pt-pt\/wp-json\/wp\/v2\/product\/22376","targetHints":{"allow":["GET"]}}],"collection":[{"href":"https:\/\/vitalstoffversand.com\/pt-pt\/wp-json\/wp\/v2\/product"}],"about":[{"href":"https:\/\/vitalstoffversand.com\/pt-pt\/wp-json\/wp\/v2\/types\/product"}],"wp:featuredmedia":[{"embeddable":true,"href":"https:\/\/vitalstoffversand.com\/pt-pt\/wp-json\/wp\/v2\/media\/47455"}],"wp:attachment":[{"href":"https:\/\/vitalstoffversand.com\/pt-pt\/wp-json\/wp\/v2\/media?parent=22376"}],"wp:term":[{"taxonomy":"product_brand","embeddable":true,"href":"https:\/\/vitalstoffversand.com\/pt-pt\/wp-json\/wp\/v2\/product_brand?post=22376"},{"taxonomy":"product_cat","embeddable":true,"href":"https:\/\/vitalstoffversand.com\/pt-pt\/wp-json\/wp\/v2\/product_cat?post=22376"},{"taxonomy":"product_tag","embeddable":true,"href":"https:\/\/vitalstoffversand.com\/pt-pt\/wp-json\/wp\/v2\/product_tag?post=22376"}],"curies":[{"name":"wp","href":"https:\/\/api.w.org\/{rel}","templated":true}]}}