{"id":22320,"date":"2024-11-12T14:54:26","date_gmt":"2024-11-12T13:54:26","guid":{"rendered":"https:\/\/vitalstoffversand.com\/produkt\/gen-shaker-600-ml\/"},"modified":"2026-03-12T12:25:14","modified_gmt":"2026-03-12T11:25:14","slug":"gen-shaker-600-ml","status":"publish","type":"product","link":"https:\/\/vitalstoffversand.com\/pt-pt\/produto\/gen-shaker-600-ml\/","title":{"rendered":"GEN <br>Shaker &#8211; 600 ml"},"content":{"rendered":"<p>Agitador GEN com impress\u00e3o em preto e vermelho.<\/p>\n<p>Carater\u00edsticas do produto:<\/p>\n<ul>\n<li style=\"list-style-type: none;\">\n<ul>\n<li>Capacidade: 600 ml<\/li>\n<li>Peneira integrada para evitar a forma\u00e7\u00e3o de grumos e para obter uma consist\u00eancia cremosa.<\/li>\n<li>Messskala<\/li>\n<li>Sem BPA<\/li>\n<li>Limpeza f\u00e1cil<\/li>\n<\/ul>\n<\/li>\n<\/ul>\n","protected":false},"excerpt":{"rendered":"<p>Agitador GEN com impress\u00e3o em preto e vermelho. Carater\u00edsticas do produto: Capacidade: 600 ml Peneira integrada para evitar a forma\u00e7\u00e3o de grumos e para obter uma consist\u00eancia cremosa. Messskala Sem BPA Limpeza f\u00e1cil<\/p>\n","protected":false},"featured_media":49167,"template":"","meta":{"_acf_changed":false},"product_brand":[10200],"product_cat":[572,537],"product_tag":[],"class_list":{"0":"post-22320","1":"product","2":"type-product","3":"status-publish","4":"has-post-thumbnail","6":"product_brand-gen-german-elite-nutrition-pt-pt","7":"product_cat-acessorios-e-diversos","8":"product_cat-produtos-de-a-z","10":"first","11":"instock","12":"taxable","13":"shipping-taxable","14":"purchasable","15":"product-type-simple"},"acf":[],"_links":{"self":[{"href":"https:\/\/vitalstoffversand.com\/pt-pt\/wp-json\/wp\/v2\/product\/22320","targetHints":{"allow":["GET"]}}],"collection":[{"href":"https:\/\/vitalstoffversand.com\/pt-pt\/wp-json\/wp\/v2\/product"}],"about":[{"href":"https:\/\/vitalstoffversand.com\/pt-pt\/wp-json\/wp\/v2\/types\/product"}],"wp:featuredmedia":[{"embeddable":true,"href":"https:\/\/vitalstoffversand.com\/pt-pt\/wp-json\/wp\/v2\/media\/49167"}],"wp:attachment":[{"href":"https:\/\/vitalstoffversand.com\/pt-pt\/wp-json\/wp\/v2\/media?parent=22320"}],"wp:term":[{"taxonomy":"product_brand","embeddable":true,"href":"https:\/\/vitalstoffversand.com\/pt-pt\/wp-json\/wp\/v2\/product_brand?post=22320"},{"taxonomy":"product_cat","embeddable":true,"href":"https:\/\/vitalstoffversand.com\/pt-pt\/wp-json\/wp\/v2\/product_cat?post=22320"},{"taxonomy":"product_tag","embeddable":true,"href":"https:\/\/vitalstoffversand.com\/pt-pt\/wp-json\/wp\/v2\/product_tag?post=22320"}],"curies":[{"name":"wp","href":"https:\/\/api.w.org\/{rel}","templated":true}]}}