{"id":22231,"date":"2024-11-14T17:23:36","date_gmt":"2024-11-14T16:23:36","guid":{"rendered":"https:\/\/vitalstoffversand.com\/produkt\/gen-joint-max-180-capsulas\/"},"modified":"2026-03-12T12:39:13","modified_gmt":"2026-03-12T11:39:13","slug":"gen-joint-max-180-capsulas","status":"publish","type":"product","link":"https:\/\/vitalstoffversand.com\/pt-pt\/produto\/gen-joint-max-180-capsulas\/","title":{"rendered":"GEN <br>Bone Force &#8211; 180 c\u00e1psulas"},"content":{"rendered":"<p>Com Bone Force, o sucessor melhorado do GEN Joint Max, obt\u00e9m uma f\u00f3rmula altamente concentrada com 12 ingredientes que servem para nutrir as articula\u00e7\u00f5es.<\/p>\n<p>Aqui, os componentes cl\u00e1ssicos para as articula\u00e7\u00f5es foram combinados com extratos vegetais selecionados e micronutrientes funcionais.<\/p>\n<ul>\n<li>Sem gl\u00faten<\/li>\n<li>Sem lactose<\/li>\n<li>Sem OGM<\/li>\n<li>Produzido de acordo com rigorosos padr\u00f5es de qualidade da UE<\/li>\n<\/ul>\n","protected":false},"excerpt":{"rendered":"<p>Com Bone Force, o sucessor melhorado do GEN Joint Max, obt\u00e9m uma f\u00f3rmula altamente concentrada com 12 ingredientes que servem para nutrir as articula\u00e7\u00f5es. Aqui, os componentes cl\u00e1ssicos para as articula\u00e7\u00f5es foram combinados com extratos vegetais selecionados e micronutrientes funcionais. Sem gl\u00faten Sem lactose Sem OGM Produzido de acordo com rigorosos padr\u00f5es de qualidade da [&hellip;]<\/p>\n","protected":false},"featured_media":62166,"template":"","meta":{"_acf_changed":false},"product_brand":[10200],"product_cat":[559,537],"product_tag":[],"class_list":{"0":"post-22231","1":"product","2":"type-product","3":"status-publish","4":"has-post-thumbnail","6":"product_brand-gen-german-elite-nutrition-pt-pt","7":"product_cat-nutrientes","8":"product_cat-produtos-de-a-z","10":"first","11":"instock","12":"taxable","13":"shipping-taxable","14":"purchasable","15":"product-type-simple"},"acf":[],"_links":{"self":[{"href":"https:\/\/vitalstoffversand.com\/pt-pt\/wp-json\/wp\/v2\/product\/22231","targetHints":{"allow":["GET"]}}],"collection":[{"href":"https:\/\/vitalstoffversand.com\/pt-pt\/wp-json\/wp\/v2\/product"}],"about":[{"href":"https:\/\/vitalstoffversand.com\/pt-pt\/wp-json\/wp\/v2\/types\/product"}],"wp:featuredmedia":[{"embeddable":true,"href":"https:\/\/vitalstoffversand.com\/pt-pt\/wp-json\/wp\/v2\/media\/62166"}],"wp:attachment":[{"href":"https:\/\/vitalstoffversand.com\/pt-pt\/wp-json\/wp\/v2\/media?parent=22231"}],"wp:term":[{"taxonomy":"product_brand","embeddable":true,"href":"https:\/\/vitalstoffversand.com\/pt-pt\/wp-json\/wp\/v2\/product_brand?post=22231"},{"taxonomy":"product_cat","embeddable":true,"href":"https:\/\/vitalstoffversand.com\/pt-pt\/wp-json\/wp\/v2\/product_cat?post=22231"},{"taxonomy":"product_tag","embeddable":true,"href":"https:\/\/vitalstoffversand.com\/pt-pt\/wp-json\/wp\/v2\/product_tag?post=22231"}],"curies":[{"name":"wp","href":"https:\/\/api.w.org\/{rel}","templated":true}]}}