{"id":21622,"date":"2024-11-12T12:58:31","date_gmt":"2024-11-12T11:58:31","guid":{"rendered":"https:\/\/vitalstoffversand.com\/produkt\/gen-boron-max-365-comprimidos\/"},"modified":"2026-03-11T15:04:49","modified_gmt":"2026-03-11T14:04:49","slug":"gen-boron-max-365-comprimidos","status":"publish","type":"product","link":"https:\/\/vitalstoffversand.com\/pt-pt\/produto\/gen-boron-max-365-comprimidos\/","title":{"rendered":"GEN <br>Boron Max &#8211; 365 comprimidos"},"content":{"rendered":"<p>Boron Max \u00e9 um composto natural de boro produzido a partir de borato de s\u00f3dio.<\/p>\n<p>O oligoelemento boro desempenha um papel em importantes fun\u00e7\u00f5es corporais e deve ser absorvido atrav\u00e9s dos alimentos, embora uma defici\u00eancia de boro seja bastante rara, uma vez que geralmente absorvemos quantidades suficientes atrav\u00e9s da nossa alimenta\u00e7\u00e3o.<\/p>\n<ul>\n<li>Vegano<\/li>\n<li>Sem gl\u00faten<\/li>\n<li>Sem lactose<\/li>\n<li>Sem OGM<\/li>\n<li>Produzido de acordo com rigorosos padr\u00f5es de qualidade da UE<\/li>\n<\/ul>\n","protected":false},"excerpt":{"rendered":"<p>Boron Max \u00e9 um composto natural de boro produzido a partir de borato de s\u00f3dio. O oligoelemento boro desempenha um papel em importantes fun\u00e7\u00f5es corporais e deve ser absorvido atrav\u00e9s dos alimentos, embora uma defici\u00eancia de boro seja bastante rara, uma vez que geralmente absorvemos quantidades suficientes atrav\u00e9s da nossa alimenta\u00e7\u00e3o. Vegano Sem gl\u00faten Sem [&hellip;]<\/p>\n","protected":false},"featured_media":45406,"template":"","meta":{"_acf_changed":false},"product_brand":[10200],"product_cat":[555,537],"product_tag":[],"class_list":{"0":"post-21622","1":"product","2":"type-product","3":"status-publish","4":"has-post-thumbnail","6":"product_brand-gen-german-elite-nutrition-pt-pt","7":"product_cat-minerais-e-oligoelementos","8":"product_cat-produtos-de-a-z","10":"first","11":"instock","12":"taxable","13":"shipping-taxable","14":"purchasable","15":"product-type-simple"},"acf":[],"_links":{"self":[{"href":"https:\/\/vitalstoffversand.com\/pt-pt\/wp-json\/wp\/v2\/product\/21622","targetHints":{"allow":["GET"]}}],"collection":[{"href":"https:\/\/vitalstoffversand.com\/pt-pt\/wp-json\/wp\/v2\/product"}],"about":[{"href":"https:\/\/vitalstoffversand.com\/pt-pt\/wp-json\/wp\/v2\/types\/product"}],"wp:featuredmedia":[{"embeddable":true,"href":"https:\/\/vitalstoffversand.com\/pt-pt\/wp-json\/wp\/v2\/media\/45406"}],"wp:attachment":[{"href":"https:\/\/vitalstoffversand.com\/pt-pt\/wp-json\/wp\/v2\/media?parent=21622"}],"wp:term":[{"taxonomy":"product_brand","embeddable":true,"href":"https:\/\/vitalstoffversand.com\/pt-pt\/wp-json\/wp\/v2\/product_brand?post=21622"},{"taxonomy":"product_cat","embeddable":true,"href":"https:\/\/vitalstoffversand.com\/pt-pt\/wp-json\/wp\/v2\/product_cat?post=21622"},{"taxonomy":"product_tag","embeddable":true,"href":"https:\/\/vitalstoffversand.com\/pt-pt\/wp-json\/wp\/v2\/product_tag?post=21622"}],"curies":[{"name":"wp","href":"https:\/\/api.w.org\/{rel}","templated":true}]}}