{"id":21307,"date":"2024-11-12T12:15:11","date_gmt":"2024-11-12T11:15:11","guid":{"rendered":"https:\/\/vitalstoffversand.com\/produkt\/gen-berberine-complex-120-capsulas\/"},"modified":"2026-03-11T14:50:34","modified_gmt":"2026-03-11T13:50:34","slug":"gen-berberine-complex-120-capsulas","status":"publish","type":"product","link":"https:\/\/vitalstoffversand.com\/pt-pt\/produto\/gen-berberine-complex-120-capsulas\/","title":{"rendered":"GEN <br>Berberina GDA Complex &#8211; 120 c\u00e1psulas"},"content":{"rendered":"<p>As c\u00e1psulas de Berberin Complex constituem uma f\u00f3rmula inovadora de apoio \u00e0 glicose, \u00e0 base de extractos naturais e normalizados de plantas, cujo principal princ\u00edpio ativo \u00e9 a berberina e o <a href=\"https:\/\/vitalstoffversand.com\/knowledge-base\/chrom\/\" target=\"_blank\" rel=\"noopener\"><strong><span style=\"color: #0000ff;\">\u2192 cr\u00f3mio<\/span><\/strong><\/a>, que contribui, entre outras coisas, para manter n\u00edveis normais de a\u00e7\u00facar no sangue.<\/p>\n<ul>\n<li>Vegano<\/li>\n<li>Sem gl\u00faten<\/li>\n<li>Sem lactose<\/li>\n<li>Sem OGM<\/li>\n<li>Produzido de acordo com rigorosos padr\u00f5es de qualidade da UE<\/li>\n<\/ul>\n","protected":false},"excerpt":{"rendered":"<p>As c\u00e1psulas de Berberin Complex constituem uma f\u00f3rmula inovadora de apoio \u00e0 glicose, \u00e0 base de extractos naturais e normalizados de plantas, cujo principal princ\u00edpio ativo \u00e9 a berberina e o \u2192 cr\u00f3mio, que contribui, entre outras coisas, para manter n\u00edveis normais de a\u00e7\u00facar no sangue. Vegano Sem gl\u00faten Sem lactose Sem OGM Produzido de [&hellip;]<\/p>\n","protected":false},"featured_media":44822,"template":"","meta":{"_acf_changed":false},"product_brand":[10200],"product_cat":[559,537],"product_tag":[],"class_list":{"0":"post-21307","1":"product","2":"type-product","3":"status-publish","4":"has-post-thumbnail","6":"product_brand-gen-german-elite-nutrition-pt-pt","7":"product_cat-nutrientes","8":"product_cat-produtos-de-a-z","10":"first","11":"instock","12":"taxable","13":"shipping-taxable","14":"purchasable","15":"product-type-simple"},"acf":[],"_links":{"self":[{"href":"https:\/\/vitalstoffversand.com\/pt-pt\/wp-json\/wp\/v2\/product\/21307","targetHints":{"allow":["GET"]}}],"collection":[{"href":"https:\/\/vitalstoffversand.com\/pt-pt\/wp-json\/wp\/v2\/product"}],"about":[{"href":"https:\/\/vitalstoffversand.com\/pt-pt\/wp-json\/wp\/v2\/types\/product"}],"wp:featuredmedia":[{"embeddable":true,"href":"https:\/\/vitalstoffversand.com\/pt-pt\/wp-json\/wp\/v2\/media\/44822"}],"wp:attachment":[{"href":"https:\/\/vitalstoffversand.com\/pt-pt\/wp-json\/wp\/v2\/media?parent=21307"}],"wp:term":[{"taxonomy":"product_brand","embeddable":true,"href":"https:\/\/vitalstoffversand.com\/pt-pt\/wp-json\/wp\/v2\/product_brand?post=21307"},{"taxonomy":"product_cat","embeddable":true,"href":"https:\/\/vitalstoffversand.com\/pt-pt\/wp-json\/wp\/v2\/product_cat?post=21307"},{"taxonomy":"product_tag","embeddable":true,"href":"https:\/\/vitalstoffversand.com\/pt-pt\/wp-json\/wp\/v2\/product_tag?post=21307"}],"curies":[{"name":"wp","href":"https:\/\/api.w.org\/{rel}","templated":true}]}}