{"id":21255,"date":"2024-11-12T11:49:36","date_gmt":"2024-11-12T10:49:36","guid":{"rendered":"https:\/\/vitalstoffversand.com\/produkt\/gen-l-glutamina-365-capsulas\/"},"modified":"2026-03-11T14:34:47","modified_gmt":"2026-03-11T13:34:47","slug":"gen-l-glutamina-365-capsulas","status":"publish","type":"product","link":"https:\/\/vitalstoffversand.com\/pt-pt\/produto\/gen-l-glutamina-365-capsulas\/","title":{"rendered":"GEN <br>L-Glutamina &#8211; 365 c\u00e1psulas"},"content":{"rendered":"<p>Sendo um amino\u00e1cido semi-essencial, devemos ingerir a maior parte da L-glutamina atrav\u00e9s da nossa alimenta\u00e7\u00e3o.<\/p>\n<p>A import\u00e2ncia da L-glutamina para o organismo \u00e9 demonstrada pela sua elevada propor\u00e7\u00e3o de cerca de 60 % de todos os amino\u00e1cidos no tecido muscular.<\/p>\n<p>A\u00ed \u00e9 respons\u00e1vel por v\u00e1rios processos metab\u00f3licos e, nomeadamente, pela s\u00edntese proteica.<\/p>\n<p>A suplementa\u00e7\u00e3o sob a forma de c\u00e1psulas facilita a sua toma, especialmente imediatamente ap\u00f3s o treino, uma vez que as c\u00e1psulas s\u00e3o f\u00e1ceis de levar consigo.<\/p>\n<ul>\n<li>Sem gl\u00faten<\/li>\n<li>Sem lactose<\/li>\n<li>Sem OGM<\/li>\n<li>Produzido de acordo com rigorosos padr\u00f5es de qualidade da UE<\/li>\n<\/ul>\n","protected":false},"excerpt":{"rendered":"<p>Sendo um amino\u00e1cido semi-essencial, devemos ingerir a maior parte da L-glutamina atrav\u00e9s da nossa alimenta\u00e7\u00e3o. A import\u00e2ncia da L-glutamina para o organismo \u00e9 demonstrada pela sua elevada propor\u00e7\u00e3o de cerca de 60 % de todos os amino\u00e1cidos no tecido muscular. A\u00ed \u00e9 respons\u00e1vel por v\u00e1rios processos metab\u00f3licos e, nomeadamente, pela s\u00edntese proteica. A suplementa\u00e7\u00e3o sob [&hellip;]<\/p>\n","protected":false},"featured_media":44518,"template":"","meta":{"_acf_changed":false},"product_brand":[10200],"product_cat":[551,537],"product_tag":[],"class_list":{"0":"post-21255","1":"product","2":"type-product","3":"status-publish","4":"has-post-thumbnail","6":"product_brand-gen-german-elite-nutrition-pt-pt","7":"product_cat-aminoacidos-pt","8":"product_cat-produtos-de-a-z","10":"first","11":"instock","12":"taxable","13":"shipping-taxable","14":"purchasable","15":"product-type-simple"},"acf":[],"_links":{"self":[{"href":"https:\/\/vitalstoffversand.com\/pt-pt\/wp-json\/wp\/v2\/product\/21255","targetHints":{"allow":["GET"]}}],"collection":[{"href":"https:\/\/vitalstoffversand.com\/pt-pt\/wp-json\/wp\/v2\/product"}],"about":[{"href":"https:\/\/vitalstoffversand.com\/pt-pt\/wp-json\/wp\/v2\/types\/product"}],"wp:featuredmedia":[{"embeddable":true,"href":"https:\/\/vitalstoffversand.com\/pt-pt\/wp-json\/wp\/v2\/media\/44518"}],"wp:attachment":[{"href":"https:\/\/vitalstoffversand.com\/pt-pt\/wp-json\/wp\/v2\/media?parent=21255"}],"wp:term":[{"taxonomy":"product_brand","embeddable":true,"href":"https:\/\/vitalstoffversand.com\/pt-pt\/wp-json\/wp\/v2\/product_brand?post=21255"},{"taxonomy":"product_cat","embeddable":true,"href":"https:\/\/vitalstoffversand.com\/pt-pt\/wp-json\/wp\/v2\/product_cat?post=21255"},{"taxonomy":"product_tag","embeddable":true,"href":"https:\/\/vitalstoffversand.com\/pt-pt\/wp-json\/wp\/v2\/product_tag?post=21255"}],"curies":[{"name":"wp","href":"https:\/\/api.w.org\/{rel}","templated":true}]}}