{"id":21249,"date":"2024-11-12T11:47:55","date_gmt":"2024-11-12T10:47:55","guid":{"rendered":"https:\/\/vitalstoffversand.com\/produkt\/gen-l-glutamina-750-g\/"},"modified":"2026-03-11T14:33:39","modified_gmt":"2026-03-11T13:33:39","slug":"gen-l-glutamina-750-g","status":"publish","type":"product","link":"https:\/\/vitalstoffversand.com\/pt-pt\/produto\/gen-l-glutamina-750-g\/","title":{"rendered":"GEN <br>L-Glutamina &#8211; 750 g"},"content":{"rendered":"<p>A L-glutamina \u00e9 um dos amino\u00e1cidos semi-essenciais que o nosso organismo produz em pequenas quantidades, mas cuja maior parte deve ser ingerida atrav\u00e9s da alimenta\u00e7\u00e3o.<\/p>\n<p>Na sua forma livre, a L-glutamina pura \u00e9 o amino\u00e1cido mais comum no tecido muscular, representando cerca de 60%, e desempenha um papel importante na s\u00edntese proteica e noutros processos metab\u00f3licos.<\/p>\n<ul>\n<li>Vegano<\/li>\n<li>Sem gl\u00faten<\/li>\n<li>Sem lactose<\/li>\n<li>Sem OGM<\/li>\n<li>Produzido de acordo com rigorosos padr\u00f5es de qualidade da UE<\/li>\n<\/ul>\n","protected":false},"excerpt":{"rendered":"<p>A L-glutamina \u00e9 um dos amino\u00e1cidos semi-essenciais que o nosso organismo produz em pequenas quantidades, mas cuja maior parte deve ser ingerida atrav\u00e9s da alimenta\u00e7\u00e3o. Na sua forma livre, a L-glutamina pura \u00e9 o amino\u00e1cido mais comum no tecido muscular, representando cerca de 60%, e desempenha um papel importante na s\u00edntese proteica e noutros processos [&hellip;]<\/p>\n","protected":false},"featured_media":44478,"template":"","meta":{"_acf_changed":false},"product_brand":[10200],"product_cat":[551,537],"product_tag":[],"class_list":{"0":"post-21249","1":"product","2":"type-product","3":"status-publish","4":"has-post-thumbnail","6":"product_brand-gen-german-elite-nutrition-pt-pt","7":"product_cat-aminoacidos-pt","8":"product_cat-produtos-de-a-z","10":"first","11":"instock","12":"taxable","13":"shipping-taxable","14":"purchasable","15":"product-type-simple"},"acf":[],"_links":{"self":[{"href":"https:\/\/vitalstoffversand.com\/pt-pt\/wp-json\/wp\/v2\/product\/21249","targetHints":{"allow":["GET"]}}],"collection":[{"href":"https:\/\/vitalstoffversand.com\/pt-pt\/wp-json\/wp\/v2\/product"}],"about":[{"href":"https:\/\/vitalstoffversand.com\/pt-pt\/wp-json\/wp\/v2\/types\/product"}],"wp:featuredmedia":[{"embeddable":true,"href":"https:\/\/vitalstoffversand.com\/pt-pt\/wp-json\/wp\/v2\/media\/44478"}],"wp:attachment":[{"href":"https:\/\/vitalstoffversand.com\/pt-pt\/wp-json\/wp\/v2\/media?parent=21249"}],"wp:term":[{"taxonomy":"product_brand","embeddable":true,"href":"https:\/\/vitalstoffversand.com\/pt-pt\/wp-json\/wp\/v2\/product_brand?post=21249"},{"taxonomy":"product_cat","embeddable":true,"href":"https:\/\/vitalstoffversand.com\/pt-pt\/wp-json\/wp\/v2\/product_cat?post=21249"},{"taxonomy":"product_tag","embeddable":true,"href":"https:\/\/vitalstoffversand.com\/pt-pt\/wp-json\/wp\/v2\/product_tag?post=21249"}],"curies":[{"name":"wp","href":"https:\/\/api.w.org\/{rel}","templated":true}]}}