{"id":21204,"date":"2024-11-12T11:30:28","date_gmt":"2024-11-12T10:30:28","guid":{"rendered":"https:\/\/vitalstoffversand.com\/produkt\/gen-l-arginina-l-citrulina-320-capsulas\/"},"modified":"2026-03-11T14:23:29","modified_gmt":"2026-03-11T13:23:29","slug":"gen-l-arginina-l-citrulina-320-capsulas","status":"publish","type":"product","link":"https:\/\/vitalstoffversand.com\/pt-pt\/produto\/gen-l-arginina-l-citrulina-320-capsulas\/","title":{"rendered":"GEN <br>L-Arginina + L-Citrulina &#8211; 320 c\u00e1psulas"},"content":{"rendered":"<p>A arginina e a citrulina s\u00e3o mais frequentemente encontradas em potenciadores pr\u00e9-treino e suplementos de bombeamento e s\u00e3o altamente valorizadas n\u00e3o s\u00f3 pelos culturistas e atletas de for\u00e7a devido \u00e0 sua poderosa combina\u00e7\u00e3o.<\/p>\n<p>Pertencem aos amino\u00e1cidos semi-essenciais e, atrav\u00e9s da sua combina\u00e7\u00e3o, permitem um processo metab\u00f3lico sustentado, como a produ\u00e7\u00e3o de azoto.<\/p>\n<p>A arginina tem um efeito positivo nos vasos sangu\u00edneos e, por conseguinte, \u00e9 interessante n\u00e3o s\u00f3 para utiliza\u00e7\u00e3o no desporto, mas tamb\u00e9m na preven\u00e7\u00e3o geral e na sa\u00fade dos homens.<\/p>\n<p>A L-citrulina \u00e9 um precursor da L-arginina.<\/p>\n<p>S\u00f3 \u00e9 convertida em arginina nos rins e, por conseguinte, est\u00e1 dispon\u00edvel com um atraso, o que garante um fornecimento duradouro e consistente de arginina gra\u00e7as ao efeito de liberta\u00e7\u00e3o no tempo.<\/p>\n<ul>\n<li>Sem gl\u00faten<\/li>\n<li>Sem lactose<\/li>\n<li>Sem OGM<\/li>\n<li>Produzido de acordo com rigorosos padr\u00f5es de qualidade da UE<\/li>\n<\/ul>\n","protected":false},"excerpt":{"rendered":"<p>A arginina e a citrulina s\u00e3o mais frequentemente encontradas em potenciadores pr\u00e9-treino e suplementos de bombeamento e s\u00e3o altamente valorizadas n\u00e3o s\u00f3 pelos culturistas e atletas de for\u00e7a devido \u00e0 sua poderosa combina\u00e7\u00e3o. Pertencem aos amino\u00e1cidos semi-essenciais e, atrav\u00e9s da sua combina\u00e7\u00e3o, permitem um processo metab\u00f3lico sustentado, como a produ\u00e7\u00e3o de azoto. A arginina tem [&hellip;]<\/p>\n","protected":false},"featured_media":44358,"template":"","meta":{"_acf_changed":false},"product_brand":[10200],"product_cat":[551,537],"product_tag":[],"class_list":{"0":"post-21204","1":"product","2":"type-product","3":"status-publish","4":"has-post-thumbnail","6":"product_brand-gen-german-elite-nutrition-pt-pt","7":"product_cat-aminoacidos-pt","8":"product_cat-produtos-de-a-z","10":"first","11":"instock","12":"taxable","13":"shipping-taxable","14":"purchasable","15":"product-type-simple"},"acf":[],"_links":{"self":[{"href":"https:\/\/vitalstoffversand.com\/pt-pt\/wp-json\/wp\/v2\/product\/21204","targetHints":{"allow":["GET"]}}],"collection":[{"href":"https:\/\/vitalstoffversand.com\/pt-pt\/wp-json\/wp\/v2\/product"}],"about":[{"href":"https:\/\/vitalstoffversand.com\/pt-pt\/wp-json\/wp\/v2\/types\/product"}],"wp:featuredmedia":[{"embeddable":true,"href":"https:\/\/vitalstoffversand.com\/pt-pt\/wp-json\/wp\/v2\/media\/44358"}],"wp:attachment":[{"href":"https:\/\/vitalstoffversand.com\/pt-pt\/wp-json\/wp\/v2\/media?parent=21204"}],"wp:term":[{"taxonomy":"product_brand","embeddable":true,"href":"https:\/\/vitalstoffversand.com\/pt-pt\/wp-json\/wp\/v2\/product_brand?post=21204"},{"taxonomy":"product_cat","embeddable":true,"href":"https:\/\/vitalstoffversand.com\/pt-pt\/wp-json\/wp\/v2\/product_cat?post=21204"},{"taxonomy":"product_tag","embeddable":true,"href":"https:\/\/vitalstoffversand.com\/pt-pt\/wp-json\/wp\/v2\/product_tag?post=21204"}],"curies":[{"name":"wp","href":"https:\/\/api.w.org\/{rel}","templated":true}]}}