{"id":21187,"date":"2024-11-12T14:48:57","date_gmt":"2024-11-12T13:48:57","guid":{"rendered":"https:\/\/vitalstoffversand.com\/produkt\/gen-multi-amino-eaa-500-comprimidos\/"},"modified":"2026-03-11T14:21:18","modified_gmt":"2026-03-11T13:21:18","slug":"gen-multi-amino-eaa-500-comprimidos","status":"publish","type":"product","link":"https:\/\/vitalstoffversand.com\/pt-pt\/produto\/gen-multi-amino-eaa-500-comprimidos\/","title":{"rendered":"GEN <br>Multi Amino EAA &#8211; 500 comprimidos"},"content":{"rendered":"<p>GEN Multi Amino EAA fornece-lhe os 8 amino\u00e1cidos essenciais que o corpo n\u00e3o consegue produzir por si pr\u00f3prio.<\/p>\n<p>Indicado para desportistas e pessoas preocupadas com a sa\u00fade que desejam fornecer ao seu organismo todo o espetro de EAA (L-leucina, L-valina, L-isoleucina, L-fenilalanina, L-lisina, L-treonina, L-metionina e L-triptofano).<\/p>\n<ul>\n<li>Vegano<\/li>\n<li>Sem gl\u00faten<\/li>\n<li>Sem lactose<\/li>\n<li>Sem OGM<\/li>\n<li>Produzido de acordo com rigorosos padr\u00f5es de qualidade da UE<\/li>\n<\/ul>\n","protected":false},"excerpt":{"rendered":"<p>GEN Multi Amino EAA fornece-lhe os 8 amino\u00e1cidos essenciais que o corpo n\u00e3o consegue produzir por si pr\u00f3prio. Indicado para desportistas e pessoas preocupadas com a sa\u00fade que desejam fornecer ao seu organismo todo o espetro de EAA (L-leucina, L-valina, L-isoleucina, L-fenilalanina, L-lisina, L-treonina, L-metionina e L-triptofano). Vegano Sem gl\u00faten Sem lactose Sem OGM Produzido [&hellip;]<\/p>\n","protected":false},"featured_media":61056,"template":"","meta":{"_acf_changed":false},"product_brand":[10200],"product_cat":[551,537],"product_tag":[],"class_list":{"0":"post-21187","1":"product","2":"type-product","3":"status-publish","4":"has-post-thumbnail","6":"product_brand-gen-german-elite-nutrition-pt-pt","7":"product_cat-aminoacidos-pt","8":"product_cat-produtos-de-a-z","10":"first","11":"instock","12":"taxable","13":"shipping-taxable","14":"purchasable","15":"product-type-simple"},"acf":[],"_links":{"self":[{"href":"https:\/\/vitalstoffversand.com\/pt-pt\/wp-json\/wp\/v2\/product\/21187","targetHints":{"allow":["GET"]}}],"collection":[{"href":"https:\/\/vitalstoffversand.com\/pt-pt\/wp-json\/wp\/v2\/product"}],"about":[{"href":"https:\/\/vitalstoffversand.com\/pt-pt\/wp-json\/wp\/v2\/types\/product"}],"wp:featuredmedia":[{"embeddable":true,"href":"https:\/\/vitalstoffversand.com\/pt-pt\/wp-json\/wp\/v2\/media\/61056"}],"wp:attachment":[{"href":"https:\/\/vitalstoffversand.com\/pt-pt\/wp-json\/wp\/v2\/media?parent=21187"}],"wp:term":[{"taxonomy":"product_brand","embeddable":true,"href":"https:\/\/vitalstoffversand.com\/pt-pt\/wp-json\/wp\/v2\/product_brand?post=21187"},{"taxonomy":"product_cat","embeddable":true,"href":"https:\/\/vitalstoffversand.com\/pt-pt\/wp-json\/wp\/v2\/product_cat?post=21187"},{"taxonomy":"product_tag","embeddable":true,"href":"https:\/\/vitalstoffversand.com\/pt-pt\/wp-json\/wp\/v2\/product_tag?post=21187"}],"curies":[{"name":"wp","href":"https:\/\/api.w.org\/{rel}","templated":true}]}}