{"id":21180,"date":"2024-11-12T11:28:55","date_gmt":"2024-11-12T10:28:55","guid":{"rendered":"https:\/\/vitalstoffversand.com\/produkt\/gen-l-citrulina-dl-malato-500-g\/"},"modified":"2026-03-11T14:19:33","modified_gmt":"2026-03-11T13:19:33","slug":"gen-l-citrulina-dl-malato-500-g","status":"publish","type":"product","link":"https:\/\/vitalstoffversand.com\/pt-pt\/produto\/gen-l-citrulina-dl-malato-500-g\/","title":{"rendered":"GEN <br>L-Citrulina DL-Malato &#8211; 500 g"},"content":{"rendered":"<p>A L-citrulina \u00e9 um precursor da arginina e \u00e9 metabolizada nos rins.<\/p>\n<p>A arginina, por sua vez, desempenha um papel importante no fluxo sangu\u00edneo e nos vasos sangu\u00edneos.<\/p>\n<p>O DL-malato \u00e9 um \u00e1cido m\u00e1lico.<br \/>\nApoia a citrulina na produ\u00e7\u00e3o de energia e, ao mesmo tempo, sobrep\u00f5e-se ao seu sabor amargo.<\/p>\n<p>O DL-malato pode tamb\u00e9m ajudar a melhorar a circula\u00e7\u00e3o sangu\u00ednea durante as actividades desportivas e a retardar a fadiga.<\/p>\n<ul>\n<li>Vegano<\/li>\n<li>Sem gl\u00faten<\/li>\n<li>Sem lactose<\/li>\n<li>Sem OGM<\/li>\n<li>Produzido de acordo com rigorosos padr\u00f5es de qualidade da UE<\/li>\n<\/ul>\n","protected":false},"excerpt":{"rendered":"<p>A L-citrulina \u00e9 um precursor da arginina e \u00e9 metabolizada nos rins. A arginina, por sua vez, desempenha um papel importante no fluxo sangu\u00edneo e nos vasos sangu\u00edneos. O DL-malato \u00e9 um \u00e1cido m\u00e1lico. Apoia a citrulina na produ\u00e7\u00e3o de energia e, ao mesmo tempo, sobrep\u00f5e-se ao seu sabor amargo. O DL-malato pode tamb\u00e9m ajudar [&hellip;]<\/p>\n","protected":false},"featured_media":44294,"template":"","meta":{"_acf_changed":false},"product_brand":[10200],"product_cat":[551,537],"product_tag":[],"class_list":{"0":"post-21180","1":"product","2":"type-product","3":"status-publish","4":"has-post-thumbnail","6":"product_brand-gen-german-elite-nutrition-pt-pt","7":"product_cat-aminoacidos-pt","8":"product_cat-produtos-de-a-z","10":"first","11":"instock","12":"taxable","13":"shipping-taxable","14":"purchasable","15":"product-type-simple"},"acf":[],"_links":{"self":[{"href":"https:\/\/vitalstoffversand.com\/pt-pt\/wp-json\/wp\/v2\/product\/21180","targetHints":{"allow":["GET"]}}],"collection":[{"href":"https:\/\/vitalstoffversand.com\/pt-pt\/wp-json\/wp\/v2\/product"}],"about":[{"href":"https:\/\/vitalstoffversand.com\/pt-pt\/wp-json\/wp\/v2\/types\/product"}],"wp:featuredmedia":[{"embeddable":true,"href":"https:\/\/vitalstoffversand.com\/pt-pt\/wp-json\/wp\/v2\/media\/44294"}],"wp:attachment":[{"href":"https:\/\/vitalstoffversand.com\/pt-pt\/wp-json\/wp\/v2\/media?parent=21180"}],"wp:term":[{"taxonomy":"product_brand","embeddable":true,"href":"https:\/\/vitalstoffversand.com\/pt-pt\/wp-json\/wp\/v2\/product_brand?post=21180"},{"taxonomy":"product_cat","embeddable":true,"href":"https:\/\/vitalstoffversand.com\/pt-pt\/wp-json\/wp\/v2\/product_cat?post=21180"},{"taxonomy":"product_tag","embeddable":true,"href":"https:\/\/vitalstoffversand.com\/pt-pt\/wp-json\/wp\/v2\/product_tag?post=21180"}],"curies":[{"name":"wp","href":"https:\/\/api.w.org\/{rel}","templated":true}]}}