{"id":21174,"date":"2024-11-12T11:27:02","date_gmt":"2024-11-12T10:27:02","guid":{"rendered":"https:\/\/vitalstoffversand.com\/produkt\/gen-l-arginina-hcl-500-g\/"},"modified":"2026-03-11T14:14:54","modified_gmt":"2026-03-11T13:14:54","slug":"gen-l-arginina-hcl-500-g","status":"publish","type":"product","link":"https:\/\/vitalstoffversand.com\/pt-pt\/produto\/gen-l-arginina-hcl-500-g\/","title":{"rendered":"GEN <br>L-Arginina HCL &#8211; 500 g"},"content":{"rendered":"<p>A L-arginina \u00e9 um amino\u00e1cido proteinog\u00e9nico semi-essencial que o nosso organismo produz por si pr\u00f3prio e que ingere como suplemento alimentar.<\/p>\n<p>A L-arginina HCL em p\u00f3 \u00e9 muito sol\u00favel, mas tem um sabor salgado devido ao seu composto HCL, que muitos utilizadores consideram desagrad\u00e1vel.<\/p>\n<ul>\n<li>Vegano<\/li>\n<li>Sem gl\u00faten<\/li>\n<li>Sem lactose<\/li>\n<li>Sem OGM<\/li>\n<li>Produzido de acordo com rigorosos padr\u00f5es de qualidade da UE<\/li>\n<\/ul>\n","protected":false},"excerpt":{"rendered":"<p>A L-arginina \u00e9 um amino\u00e1cido proteinog\u00e9nico semi-essencial que o nosso organismo produz por si pr\u00f3prio e que ingere como suplemento alimentar. A L-arginina HCL em p\u00f3 \u00e9 muito sol\u00favel, mas tem um sabor salgado devido ao seu composto HCL, que muitos utilizadores consideram desagrad\u00e1vel. Vegano Sem gl\u00faten Sem lactose Sem OGM Produzido de acordo com [&hellip;]<\/p>\n","protected":false},"featured_media":44246,"template":"","meta":{"_acf_changed":false},"product_brand":[10200],"product_cat":[551,537],"product_tag":[],"class_list":{"0":"post-21174","1":"product","2":"type-product","3":"status-publish","4":"has-post-thumbnail","6":"product_brand-gen-german-elite-nutrition-pt-pt","7":"product_cat-aminoacidos-pt","8":"product_cat-produtos-de-a-z","10":"first","11":"instock","12":"taxable","13":"shipping-taxable","14":"purchasable","15":"product-type-simple"},"acf":[],"_links":{"self":[{"href":"https:\/\/vitalstoffversand.com\/pt-pt\/wp-json\/wp\/v2\/product\/21174","targetHints":{"allow":["GET"]}}],"collection":[{"href":"https:\/\/vitalstoffversand.com\/pt-pt\/wp-json\/wp\/v2\/product"}],"about":[{"href":"https:\/\/vitalstoffversand.com\/pt-pt\/wp-json\/wp\/v2\/types\/product"}],"wp:featuredmedia":[{"embeddable":true,"href":"https:\/\/vitalstoffversand.com\/pt-pt\/wp-json\/wp\/v2\/media\/44246"}],"wp:attachment":[{"href":"https:\/\/vitalstoffversand.com\/pt-pt\/wp-json\/wp\/v2\/media?parent=21174"}],"wp:term":[{"taxonomy":"product_brand","embeddable":true,"href":"https:\/\/vitalstoffversand.com\/pt-pt\/wp-json\/wp\/v2\/product_brand?post=21174"},{"taxonomy":"product_cat","embeddable":true,"href":"https:\/\/vitalstoffversand.com\/pt-pt\/wp-json\/wp\/v2\/product_cat?post=21174"},{"taxonomy":"product_tag","embeddable":true,"href":"https:\/\/vitalstoffversand.com\/pt-pt\/wp-json\/wp\/v2\/product_tag?post=21174"}],"curies":[{"name":"wp","href":"https:\/\/api.w.org\/{rel}","templated":true}]}}