{"id":21036,"date":"2024-11-12T11:04:15","date_gmt":"2024-11-12T10:04:15","guid":{"rendered":"https:\/\/vitalstoffversand.com\/produkt\/gen-joint-essentials-180-comprimidos\/"},"modified":"2026-03-11T14:05:26","modified_gmt":"2026-03-11T13:05:26","slug":"gen-joint-essentials-180-comprimidos","status":"publish","type":"product","link":"https:\/\/vitalstoffversand.com\/pt-pt\/produto\/gen-joint-essentials-180-comprimidos\/","title":{"rendered":"GEN <br>Joint Essentials &#8211; 180 comprimidos"},"content":{"rendered":"<p>Joint Essentials \u00e9 uma f\u00f3rmula composta por 8 ingredientes naturais e altamente concentrados que apoiam as articula\u00e7\u00f5es.<\/p>\n<p>As c\u00e1psulas cont\u00eam glucosamina, condroitina, MSM, Cissus quadrangularis, incenso, \u00e1cido hialur\u00f3nico, colag\u00e9nio e vitamina C.<\/p>\n<ul>\n<li>Sem gl\u00faten<\/li>\n<li>Sem lactose<\/li>\n<li>Sem OGM<\/li>\n<li>Produzido de acordo com rigorosos padr\u00f5es de qualidade da UE<\/li>\n<\/ul>\n","protected":false},"excerpt":{"rendered":"<p>Joint Essentials \u00e9 uma f\u00f3rmula composta por 8 ingredientes naturais e altamente concentrados que apoiam as articula\u00e7\u00f5es. As c\u00e1psulas cont\u00eam glucosamina, condroitina, MSM, Cissus quadrangularis, incenso, \u00e1cido hialur\u00f3nico, colag\u00e9nio e vitamina C. Sem gl\u00faten Sem lactose Sem OGM Produzido de acordo com rigorosos padr\u00f5es de qualidade da UE<\/p>\n","protected":false},"featured_media":49207,"template":"","meta":{"_acf_changed":false},"product_brand":[10200],"product_cat":[559,537],"product_tag":[],"class_list":{"0":"post-21036","1":"product","2":"type-product","3":"status-publish","4":"has-post-thumbnail","6":"product_brand-gen-german-elite-nutrition-pt-pt","7":"product_cat-nutrientes","8":"product_cat-produtos-de-a-z","10":"first","11":"instock","12":"taxable","13":"shipping-taxable","14":"purchasable","15":"product-type-simple"},"acf":[],"_links":{"self":[{"href":"https:\/\/vitalstoffversand.com\/pt-pt\/wp-json\/wp\/v2\/product\/21036","targetHints":{"allow":["GET"]}}],"collection":[{"href":"https:\/\/vitalstoffversand.com\/pt-pt\/wp-json\/wp\/v2\/product"}],"about":[{"href":"https:\/\/vitalstoffversand.com\/pt-pt\/wp-json\/wp\/v2\/types\/product"}],"wp:featuredmedia":[{"embeddable":true,"href":"https:\/\/vitalstoffversand.com\/pt-pt\/wp-json\/wp\/v2\/media\/49207"}],"wp:attachment":[{"href":"https:\/\/vitalstoffversand.com\/pt-pt\/wp-json\/wp\/v2\/media?parent=21036"}],"wp:term":[{"taxonomy":"product_brand","embeddable":true,"href":"https:\/\/vitalstoffversand.com\/pt-pt\/wp-json\/wp\/v2\/product_brand?post=21036"},{"taxonomy":"product_cat","embeddable":true,"href":"https:\/\/vitalstoffversand.com\/pt-pt\/wp-json\/wp\/v2\/product_cat?post=21036"},{"taxonomy":"product_tag","embeddable":true,"href":"https:\/\/vitalstoffversand.com\/pt-pt\/wp-json\/wp\/v2\/product_tag?post=21036"}],"curies":[{"name":"wp","href":"https:\/\/api.w.org\/{rel}","templated":true}]}}