{"id":21014,"date":"2024-11-11T19:29:09","date_gmt":"2024-11-11T18:29:09","guid":{"rendered":"https:\/\/vitalstoffversand.com\/produkt\/gen-acetyl-l-carnitine-250-capsulas\/"},"modified":"2026-03-11T14:01:20","modified_gmt":"2026-03-11T13:01:20","slug":"gen-acetyl-l-carnitine-250-capsulas","status":"publish","type":"product","link":"https:\/\/vitalstoffversand.com\/pt-pt\/produto\/gen-acetyl-l-carnitine-250-capsulas\/","title":{"rendered":"GEN <br>Acetyl L-Carnitine &#8211; 250 c\u00e1psulas"},"content":{"rendered":"<p>A acetil L-carnitina tem uma natureza semelhante \u00e0 do amino\u00e1cido L-carnitina.<\/p>\n<p>As propriedades da acetil L-carnitina incluem a metaboliza\u00e7\u00e3o dos alimentos e a sua convers\u00e3o em energia. Em compara\u00e7\u00e3o com a L-carnitina, a acetil L-carnitina pode ser absorvida mais rapidamente e de forma mais eficaz pelas c\u00e9lulas e, por conseguinte, utilizada de forma mais eficaz pelo organismo.<\/p>\n<ul>\n<li>Vegano<\/li>\n<li>Sem gl\u00faten<\/li>\n<li>Sem lactose<\/li>\n<li>Sem OGM<\/li>\n<li>Produzido de acordo com rigorosos padr\u00f5es de qualidade da UE<\/li>\n<\/ul>\n","protected":false},"excerpt":{"rendered":"<p>A acetil L-carnitina tem uma natureza semelhante \u00e0 do amino\u00e1cido L-carnitina. As propriedades da acetil L-carnitina incluem a metaboliza\u00e7\u00e3o dos alimentos e a sua convers\u00e3o em energia. Em compara\u00e7\u00e3o com a L-carnitina, a acetil L-carnitina pode ser absorvida mais rapidamente e de forma mais eficaz pelas c\u00e9lulas e, por conseguinte, utilizada de forma mais eficaz [&hellip;]<\/p>\n","protected":false},"featured_media":43901,"template":"","meta":{"_acf_changed":false},"product_brand":[10200],"product_cat":[559,537],"product_tag":[],"class_list":{"0":"post-21014","1":"product","2":"type-product","3":"status-publish","4":"has-post-thumbnail","6":"product_brand-gen-german-elite-nutrition-pt-pt","7":"product_cat-nutrientes","8":"product_cat-produtos-de-a-z","10":"first","11":"instock","12":"taxable","13":"shipping-taxable","14":"purchasable","15":"product-type-simple"},"acf":[],"_links":{"self":[{"href":"https:\/\/vitalstoffversand.com\/pt-pt\/wp-json\/wp\/v2\/product\/21014","targetHints":{"allow":["GET"]}}],"collection":[{"href":"https:\/\/vitalstoffversand.com\/pt-pt\/wp-json\/wp\/v2\/product"}],"about":[{"href":"https:\/\/vitalstoffversand.com\/pt-pt\/wp-json\/wp\/v2\/types\/product"}],"wp:featuredmedia":[{"embeddable":true,"href":"https:\/\/vitalstoffversand.com\/pt-pt\/wp-json\/wp\/v2\/media\/43901"}],"wp:attachment":[{"href":"https:\/\/vitalstoffversand.com\/pt-pt\/wp-json\/wp\/v2\/media?parent=21014"}],"wp:term":[{"taxonomy":"product_brand","embeddable":true,"href":"https:\/\/vitalstoffversand.com\/pt-pt\/wp-json\/wp\/v2\/product_brand?post=21014"},{"taxonomy":"product_cat","embeddable":true,"href":"https:\/\/vitalstoffversand.com\/pt-pt\/wp-json\/wp\/v2\/product_cat?post=21014"},{"taxonomy":"product_tag","embeddable":true,"href":"https:\/\/vitalstoffversand.com\/pt-pt\/wp-json\/wp\/v2\/product_tag?post=21014"}],"curies":[{"name":"wp","href":"https:\/\/api.w.org\/{rel}","templated":true}]}}