{"id":20991,"date":"2025-02-22T16:23:31","date_gmt":"2025-02-22T15:23:31","guid":{"rendered":"https:\/\/vitalstoffversand.com\/?post_type=product&#038;p=20991"},"modified":"2026-03-11T13:34:42","modified_gmt":"2026-03-11T12:34:42","slug":"zeolito-em-po-premium-1000-g","status":"publish","type":"product","link":"https:\/\/vitalstoffversand.com\/pt-pt\/produto\/zeolito-em-po-premium-1000-g\/","title":{"rendered":"Bonemis <br>Ze\u00f3lito em p\u00f3 Premium &#8211; 1000 g"},"content":{"rendered":"<p>A mais alta qualidade das <strong>\u00e1reas de extra\u00e7\u00e3o na Alemanha<\/strong>.<\/p>\n<p>Ze\u00f3lito clinoptilol\u00edtico microfino com um tamanho de part\u00edcula de 10-50 \u00b5m, 50 por cento do qual est\u00e1 na gama de 10-20 \u00b5m.<\/p>\n<p>A ze\u00f3lita clinoptilolite \u00e9 constitu\u00edda por minerais vulc\u00e2nicos naturais e possui propriedades muito boas, com um teor de clinoptilolite de 93%, um teor de sil\u00edcio de 72% e apenas 11,9% de \u00f3xido de alum\u00ednio.<\/p>\n<p>O p\u00f3 tamb\u00e9m est\u00e1 isento de nanopart\u00edculas potencialmente cr\u00edticas.<\/p>\n<ul>\n<li><strong><span style=\"color: #ff0000;\">A ze\u00f3lita Clinoptilolite n\u00e3o est\u00e1 autorizada como suplemento alimentar na UE.<\/span><\/strong><\/li>\n<li><strong><span style=\"color: #ff0000;\">Aprovado como aditivo tecnol\u00f3gico em alimentos para animais, de acordo com o Regulamento (UE) n.\u00ba 651\/2013.<\/span><\/strong><\/li>\n<\/ul>\n","protected":false},"excerpt":{"rendered":"<p>A mais alta qualidade das \u00e1reas de extra\u00e7\u00e3o na Alemanha. Ze\u00f3lito clinoptilol\u00edtico microfino com um tamanho de part\u00edcula de 10-50 \u00b5m, 50 por cento do qual est\u00e1 na gama de 10-20 \u00b5m. A ze\u00f3lita clinoptilolite \u00e9 constitu\u00edda por minerais vulc\u00e2nicos naturais e possui propriedades muito boas, com um teor de clinoptilolite de 93%, um teor [&hellip;]<\/p>\n","protected":false},"featured_media":62729,"template":"","meta":{"_acf_changed":false},"product_brand":[10235],"product_cat":[537],"product_tag":[],"class_list":{"0":"post-20991","1":"product","2":"type-product","3":"status-publish","4":"has-post-thumbnail","6":"product_brand-bonemis-pt-pt","7":"product_cat-produtos-de-a-z","9":"first","10":"instock","11":"taxable","12":"shipping-taxable","13":"purchasable","14":"product-type-simple"},"acf":[],"_links":{"self":[{"href":"https:\/\/vitalstoffversand.com\/pt-pt\/wp-json\/wp\/v2\/product\/20991","targetHints":{"allow":["GET"]}}],"collection":[{"href":"https:\/\/vitalstoffversand.com\/pt-pt\/wp-json\/wp\/v2\/product"}],"about":[{"href":"https:\/\/vitalstoffversand.com\/pt-pt\/wp-json\/wp\/v2\/types\/product"}],"wp:featuredmedia":[{"embeddable":true,"href":"https:\/\/vitalstoffversand.com\/pt-pt\/wp-json\/wp\/v2\/media\/62729"}],"wp:attachment":[{"href":"https:\/\/vitalstoffversand.com\/pt-pt\/wp-json\/wp\/v2\/media?parent=20991"}],"wp:term":[{"taxonomy":"product_brand","embeddable":true,"href":"https:\/\/vitalstoffversand.com\/pt-pt\/wp-json\/wp\/v2\/product_brand?post=20991"},{"taxonomy":"product_cat","embeddable":true,"href":"https:\/\/vitalstoffversand.com\/pt-pt\/wp-json\/wp\/v2\/product_cat?post=20991"},{"taxonomy":"product_tag","embeddable":true,"href":"https:\/\/vitalstoffversand.com\/pt-pt\/wp-json\/wp\/v2\/product_tag?post=20991"}],"curies":[{"name":"wp","href":"https:\/\/api.w.org\/{rel}","templated":true}]}}